{"id":13120,"date":"2022-03-16T14:34:13","date_gmt":"2022-03-16T14:34:13","guid":{"rendered":"https:\/\/k2-systems.com\/empresa\/compromiso\/"},"modified":"2022-06-30T16:43:03","modified_gmt":"2022-06-30T14:43:03","slug":"k2-kares","status":"publish","type":"page","link":"https:\/\/k2-systems.com\/es-mx\/empresa\/k2-kares\/","title":{"rendered":"K2 Kares"},"content":{"rendered":"","protected":false},"excerpt":{"rendered":"","protected":false},"author":15,"featured_media":0,"parent":13064,"menu_order":4,"comment_status":"closed","ping_status":"closed","template":"","meta":{"_acf_changed":false,"content-type":"","footnotes":""},"class_list":["post-13120","page","type-page","status-publish","hentry"],"acf":[],"yoast_head":"<!-- This site is optimized with the Yoast SEO Premium plugin v27.0 (Yoast SEO v27.0) - https:\/\/yoast.com\/product\/yoast-seo-premium-wordpress\/ -->\n<title>K2 Kares: Transici\u00f3n energ\u00e9tica y sostenibilidad - K2 Systems<\/title>\n<meta name=\"description\" content=\"La transici\u00f3n energ\u00e9tica es nuestro programa y estamos comprometidos con un mundo sostenible. Tambi\u00e9n estamos muy involucrados en importantes asociaciones del sector solar.\" \/>\n<meta name=\"robots\" content=\"index, follow, max-snippet:-1, max-image-preview:large, max-video-preview:-1\" \/>\n<link rel=\"canonical\" href=\"https:\/\/k2-systems.com\/es-mx\/empresa\/k2-kares\/\" \/>\n<meta property=\"og:locale\" content=\"es_MX\" \/>\n<meta property=\"og:type\" content=\"article\" \/>\n<meta property=\"og:title\" content=\"K2 Kares\" \/>\n<meta property=\"og:description\" content=\"La transici\u00f3n energ\u00e9tica es nuestro programa y estamos comprometidos con un mundo sostenible. Tambi\u00e9n estamos muy involucrados en importantes asociaciones del sector solar.\" \/>\n<meta property=\"og:url\" content=\"https:\/\/k2-systems.com\/es-mx\/empresa\/k2-kares\/\" \/>\n<meta property=\"og:site_name\" content=\"K2 Systems\" \/>\n<meta property=\"article:modified_time\" content=\"2022-06-30T14:43:03+00:00\" \/>\n<meta name=\"twitter:card\" content=\"summary_large_image\" \/>\n<script type=\"application\/ld+json\" class=\"yoast-schema-graph\">{\"@context\":\"https:\/\/schema.org\",\"@graph\":[{\"@type\":\"WebPage\",\"@id\":\"https:\/\/k2-systems.com\/es-mx\/empresa\/k2-kares\/\",\"url\":\"https:\/\/k2-systems.com\/es-mx\/empresa\/k2-kares\/\",\"name\":\"K2 Kares: Transici\u00f3n energ\u00e9tica y sostenibilidad - K2 Systems\",\"isPartOf\":{\"@id\":\"https:\/\/k2-systems.com\/es-mx\/#website\"},\"datePublished\":\"2022-03-16T14:34:13+00:00\",\"dateModified\":\"2022-06-30T14:43:03+00:00\",\"description\":\"La transici\u00f3n energ\u00e9tica es nuestro programa y estamos comprometidos con un mundo sostenible. Tambi\u00e9n estamos muy involucrados en importantes asociaciones del sector solar.\",\"breadcrumb\":{\"@id\":\"https:\/\/k2-systems.com\/es-mx\/empresa\/k2-kares\/#breadcrumb\"},\"inLanguage\":\"es\",\"potentialAction\":[{\"@type\":\"ReadAction\",\"target\":[\"https:\/\/k2-systems.com\/es-mx\/empresa\/k2-kares\/\"]}]},{\"@type\":\"BreadcrumbList\",\"@id\":\"https:\/\/k2-systems.com\/es-mx\/empresa\/k2-kares\/#breadcrumb\",\"itemListElement\":[{\"@type\":\"ListItem\",\"position\":1,\"name\":\"Home\",\"item\":\"https:\/\/k2-systems.com\/es-mx\/\"},{\"@type\":\"ListItem\",\"position\":2,\"name\":\"Empresa\",\"item\":\"https:\/\/k2-systems.com\/es-mx\/empresa\/\"},{\"@type\":\"ListItem\",\"position\":3,\"name\":\"K2 Kares\"}]},{\"@type\":\"WebSite\",\"@id\":\"https:\/\/k2-systems.com\/es-mx\/#website\",\"url\":\"https:\/\/k2-systems.com\/es-mx\/\",\"name\":\"K2 Systems\",\"description\":\"K2 Systems WP\",\"publisher\":{\"@id\":\"https:\/\/k2-systems.com\/es-mx\/#organization\"},\"potentialAction\":[{\"@type\":\"SearchAction\",\"target\":{\"@type\":\"EntryPoint\",\"urlTemplate\":\"https:\/\/k2-systems.com\/es-mx\/?s={search_term_string}\"},\"query-input\":{\"@type\":\"PropertyValueSpecification\",\"valueRequired\":true,\"valueName\":\"search_term_string\"}}],\"inLanguage\":\"es\"},{\"@type\":\"Organization\",\"@id\":\"https:\/\/k2-systems.com\/es-mx\/#organization\",\"name\":\"K2 Systems\",\"url\":\"https:\/\/k2-systems.com\/es-mx\/\",\"logo\":{\"@type\":\"ImageObject\",\"inLanguage\":\"es\",\"@id\":\"https:\/\/k2-systems.com\/es-mx\/#\/schema\/logo\/image\/\",\"url\":\"https:\/\/k2-systems.com\/wp-content\/uploads\/2022\/02\/logo_512x512.png\",\"contentUrl\":\"https:\/\/k2-systems.com\/wp-content\/uploads\/2022\/02\/logo_512x512.png\",\"width\":512,\"height\":512,\"caption\":\"K2 Systems\"},\"image\":{\"@id\":\"https:\/\/k2-systems.com\/es-mx\/#\/schema\/logo\/image\/\"}}]}<\/script>\n<!-- \/ Yoast SEO Premium plugin. -->","yoast_head_json":{"title":"K2 Kares: Transici\u00f3n energ\u00e9tica y sostenibilidad - K2 Systems","description":"La transici\u00f3n energ\u00e9tica es nuestro programa y estamos comprometidos con un mundo sostenible. Tambi\u00e9n estamos muy involucrados en importantes asociaciones del sector solar.","robots":{"index":"index","follow":"follow","max-snippet":"max-snippet:-1","max-image-preview":"max-image-preview:large","max-video-preview":"max-video-preview:-1"},"canonical":"https:\/\/k2-systems.com\/es-mx\/empresa\/k2-kares\/","og_locale":"es_MX","og_type":"article","og_title":"K2 Kares","og_description":"La transici\u00f3n energ\u00e9tica es nuestro programa y estamos comprometidos con un mundo sostenible. Tambi\u00e9n estamos muy involucrados en importantes asociaciones del sector solar.","og_url":"https:\/\/k2-systems.com\/es-mx\/empresa\/k2-kares\/","og_site_name":"K2 Systems","article_modified_time":"2022-06-30T14:43:03+00:00","twitter_card":"summary_large_image","schema":{"@context":"https:\/\/schema.org","@graph":[{"@type":"WebPage","@id":"https:\/\/k2-systems.com\/es-mx\/empresa\/k2-kares\/","url":"https:\/\/k2-systems.com\/es-mx\/empresa\/k2-kares\/","name":"K2 Kares: Transici\u00f3n energ\u00e9tica y sostenibilidad - K2 Systems","isPartOf":{"@id":"https:\/\/k2-systems.com\/es-mx\/#website"},"datePublished":"2022-03-16T14:34:13+00:00","dateModified":"2022-06-30T14:43:03+00:00","description":"La transici\u00f3n energ\u00e9tica es nuestro programa y estamos comprometidos con un mundo sostenible. Tambi\u00e9n estamos muy involucrados en importantes asociaciones del sector solar.","breadcrumb":{"@id":"https:\/\/k2-systems.com\/es-mx\/empresa\/k2-kares\/#breadcrumb"},"inLanguage":"es","potentialAction":[{"@type":"ReadAction","target":["https:\/\/k2-systems.com\/es-mx\/empresa\/k2-kares\/"]}]},{"@type":"BreadcrumbList","@id":"https:\/\/k2-systems.com\/es-mx\/empresa\/k2-kares\/#breadcrumb","itemListElement":[{"@type":"ListItem","position":1,"name":"Home","item":"https:\/\/k2-systems.com\/es-mx\/"},{"@type":"ListItem","position":2,"name":"Empresa","item":"https:\/\/k2-systems.com\/es-mx\/empresa\/"},{"@type":"ListItem","position":3,"name":"K2 Kares"}]},{"@type":"WebSite","@id":"https:\/\/k2-systems.com\/es-mx\/#website","url":"https:\/\/k2-systems.com\/es-mx\/","name":"K2 Systems","description":"K2 Systems WP","publisher":{"@id":"https:\/\/k2-systems.com\/es-mx\/#organization"},"potentialAction":[{"@type":"SearchAction","target":{"@type":"EntryPoint","urlTemplate":"https:\/\/k2-systems.com\/es-mx\/?s={search_term_string}"},"query-input":{"@type":"PropertyValueSpecification","valueRequired":true,"valueName":"search_term_string"}}],"inLanguage":"es"},{"@type":"Organization","@id":"https:\/\/k2-systems.com\/es-mx\/#organization","name":"K2 Systems","url":"https:\/\/k2-systems.com\/es-mx\/","logo":{"@type":"ImageObject","inLanguage":"es","@id":"https:\/\/k2-systems.com\/es-mx\/#\/schema\/logo\/image\/","url":"https:\/\/k2-systems.com\/wp-content\/uploads\/2022\/02\/logo_512x512.png","contentUrl":"https:\/\/k2-systems.com\/wp-content\/uploads\/2022\/02\/logo_512x512.png","width":512,"height":512,"caption":"K2 Systems"},"image":{"@id":"https:\/\/k2-systems.com\/es-mx\/#\/schema\/logo\/image\/"}}]}},"_links":{"self":[{"href":"https:\/\/k2-systems.com\/es-mx\/wp-json\/wp\/v2\/pages\/13120","targetHints":{"allow":["GET"]}}],"collection":[{"href":"https:\/\/k2-systems.com\/es-mx\/wp-json\/wp\/v2\/pages"}],"about":[{"href":"https:\/\/k2-systems.com\/es-mx\/wp-json\/wp\/v2\/types\/page"}],"author":[{"embeddable":true,"href":"https:\/\/k2-systems.com\/es-mx\/wp-json\/wp\/v2\/users\/15"}],"replies":[{"embeddable":true,"href":"https:\/\/k2-systems.com\/es-mx\/wp-json\/wp\/v2\/comments?post=13120"}],"version-history":[{"count":0,"href":"https:\/\/k2-systems.com\/es-mx\/wp-json\/wp\/v2\/pages\/13120\/revisions"}],"up":[{"embeddable":true,"href":"https:\/\/k2-systems.com\/es-mx\/wp-json\/wp\/v2\/pages\/13064"}],"wp:attachment":[{"href":"https:\/\/k2-systems.com\/es-mx\/wp-json\/wp\/v2\/media?parent=13120"}],"curies":[{"name":"wp","href":"https:\/\/api.w.org\/{rel}","templated":true}]}}