{"id":13201,"date":"2022-04-21T08:00:07","date_gmt":"2022-04-21T08:00:07","guid":{"rendered":"https:\/\/k2-systems.com\/servicios-digitales\/"},"modified":"2022-11-15T23:04:57","modified_gmt":"2022-11-15T22:04:57","slug":"servicios","status":"publish","type":"page","link":"https:\/\/k2-systems.com\/es-mx\/servicios\/","title":{"rendered":"Servicios"},"content":{"rendered":"","protected":false},"excerpt":{"rendered":"","protected":false},"author":15,"featured_media":16980,"parent":0,"menu_order":4,"comment_status":"closed","ping_status":"closed","template":"","meta":{"_acf_changed":false,"content-type":"","footnotes":""},"class_list":["post-13201","page","type-page","status-publish","has-post-thumbnail","hentry"],"acf":[],"yoast_head":"<!-- This site is optimized with the Yoast SEO Premium plugin v27.0 (Yoast SEO v27.0) - https:\/\/yoast.com\/product\/yoast-seo-premium-wordpress\/ -->\n<title>Servicios - K2 Systems<\/title>\n<meta name=\"description\" content=\"K2 aporta funciones que facilitan la planificaci\u00f3n y la documentaci\u00f3n, lo que permite llegar a la meta de forma r\u00e1pida, sencilla y sin papeles. K2 Base, K2 DocuApp\" \/>\n<meta name=\"robots\" content=\"index, follow, max-snippet:-1, max-image-preview:large, max-video-preview:-1\" \/>\n<link rel=\"canonical\" href=\"https:\/\/k2-systems.com\/es-mx\/servicios\/\" \/>\n<meta property=\"og:locale\" content=\"es_MX\" \/>\n<meta property=\"og:type\" content=\"article\" \/>\n<meta property=\"og:title\" content=\"Servicios\" \/>\n<meta property=\"og:description\" content=\"K2 aporta funciones que facilitan la planificaci\u00f3n y la documentaci\u00f3n, lo que permite llegar a la meta de forma r\u00e1pida, sencilla y sin papeles. K2 Base, K2 DocuApp\" \/>\n<meta property=\"og:url\" content=\"https:\/\/k2-systems.com\/es-mx\/servicios\/\" \/>\n<meta property=\"og:site_name\" content=\"K2 Systems\" \/>\n<meta property=\"article:modified_time\" content=\"2022-11-15T22:04:57+00:00\" \/>\n<meta property=\"og:image\" content=\"https:\/\/k2-systems.com\/wp-content\/uploads\/2022\/06\/Servicios-Feature.jpg\" \/>\n\t<meta property=\"og:image:width\" content=\"1856\" \/>\n\t<meta property=\"og:image:height\" content=\"1080\" \/>\n\t<meta property=\"og:image:type\" content=\"image\/jpeg\" \/>\n<meta name=\"twitter:card\" content=\"summary_large_image\" \/>\n<script type=\"application\/ld+json\" class=\"yoast-schema-graph\">{\"@context\":\"https:\/\/schema.org\",\"@graph\":[{\"@type\":\"WebPage\",\"@id\":\"https:\/\/k2-systems.com\/es-mx\/servicios\/\",\"url\":\"https:\/\/k2-systems.com\/es-mx\/servicios\/\",\"name\":\"Servicios - K2 Systems\",\"isPartOf\":{\"@id\":\"https:\/\/k2-systems.com\/es-mx\/#website\"},\"primaryImageOfPage\":{\"@id\":\"https:\/\/k2-systems.com\/es-mx\/servicios\/#primaryimage\"},\"image\":{\"@id\":\"https:\/\/k2-systems.com\/es-mx\/servicios\/#primaryimage\"},\"thumbnailUrl\":\"https:\/\/k2-systems.com\/wp-content\/uploads\/2022\/06\/Servicios-Feature.jpg\",\"datePublished\":\"2022-04-21T08:00:07+00:00\",\"dateModified\":\"2022-11-15T22:04:57+00:00\",\"description\":\"K2 aporta funciones que facilitan la planificaci\u00f3n y la documentaci\u00f3n, lo que permite llegar a la meta de forma r\u00e1pida, sencilla y sin papeles. K2 Base, K2 DocuApp\",\"breadcrumb\":{\"@id\":\"https:\/\/k2-systems.com\/es-mx\/servicios\/#breadcrumb\"},\"inLanguage\":\"es\",\"potentialAction\":[{\"@type\":\"ReadAction\",\"target\":[\"https:\/\/k2-systems.com\/es-mx\/servicios\/\"]}]},{\"@type\":\"ImageObject\",\"inLanguage\":\"es\",\"@id\":\"https:\/\/k2-systems.com\/es-mx\/servicios\/#primaryimage\",\"url\":\"https:\/\/k2-systems.com\/wp-content\/uploads\/2022\/06\/Servicios-Feature.jpg\",\"contentUrl\":\"https:\/\/k2-systems.com\/wp-content\/uploads\/2022\/06\/Servicios-Feature.jpg\",\"width\":1856,\"height\":1080,\"caption\":\"\u00a1Aqu\u00ed puede encontrar nuestros diversos servicios desde nuestra herramienta de dise\u00f1o Base, webinars, soporte t\u00e9cnico y m\u00e1s!\"},{\"@type\":\"BreadcrumbList\",\"@id\":\"https:\/\/k2-systems.com\/es-mx\/servicios\/#breadcrumb\",\"itemListElement\":[{\"@type\":\"ListItem\",\"position\":1,\"name\":\"Home\",\"item\":\"https:\/\/k2-systems.com\/es-mx\/\"},{\"@type\":\"ListItem\",\"position\":2,\"name\":\"Servicios\"}]},{\"@type\":\"WebSite\",\"@id\":\"https:\/\/k2-systems.com\/es-mx\/#website\",\"url\":\"https:\/\/k2-systems.com\/es-mx\/\",\"name\":\"K2 Systems\",\"description\":\"K2 Systems WP\",\"publisher\":{\"@id\":\"https:\/\/k2-systems.com\/es-mx\/#organization\"},\"potentialAction\":[{\"@type\":\"SearchAction\",\"target\":{\"@type\":\"EntryPoint\",\"urlTemplate\":\"https:\/\/k2-systems.com\/es-mx\/?s={search_term_string}\"},\"query-input\":{\"@type\":\"PropertyValueSpecification\",\"valueRequired\":true,\"valueName\":\"search_term_string\"}}],\"inLanguage\":\"es\"},{\"@type\":\"Organization\",\"@id\":\"https:\/\/k2-systems.com\/es-mx\/#organization\",\"name\":\"K2 Systems\",\"url\":\"https:\/\/k2-systems.com\/es-mx\/\",\"logo\":{\"@type\":\"ImageObject\",\"inLanguage\":\"es\",\"@id\":\"https:\/\/k2-systems.com\/es-mx\/#\/schema\/logo\/image\/\",\"url\":\"https:\/\/k2-systems.com\/wp-content\/uploads\/2022\/02\/logo_512x512.png\",\"contentUrl\":\"https:\/\/k2-systems.com\/wp-content\/uploads\/2022\/02\/logo_512x512.png\",\"width\":512,\"height\":512,\"caption\":\"K2 Systems\"},\"image\":{\"@id\":\"https:\/\/k2-systems.com\/es-mx\/#\/schema\/logo\/image\/\"}}]}<\/script>\n<!-- \/ Yoast SEO Premium plugin. -->","yoast_head_json":{"title":"Servicios - K2 Systems","description":"K2 aporta funciones que facilitan la planificaci\u00f3n y la documentaci\u00f3n, lo que permite llegar a la meta de forma r\u00e1pida, sencilla y sin papeles. K2 Base, K2 DocuApp","robots":{"index":"index","follow":"follow","max-snippet":"max-snippet:-1","max-image-preview":"max-image-preview:large","max-video-preview":"max-video-preview:-1"},"canonical":"https:\/\/k2-systems.com\/es-mx\/servicios\/","og_locale":"es_MX","og_type":"article","og_title":"Servicios","og_description":"K2 aporta funciones que facilitan la planificaci\u00f3n y la documentaci\u00f3n, lo que permite llegar a la meta de forma r\u00e1pida, sencilla y sin papeles. K2 Base, K2 DocuApp","og_url":"https:\/\/k2-systems.com\/es-mx\/servicios\/","og_site_name":"K2 Systems","article_modified_time":"2022-11-15T22:04:57+00:00","og_image":[{"width":1856,"height":1080,"url":"https:\/\/k2-systems.com\/wp-content\/uploads\/2022\/06\/Servicios-Feature.jpg","type":"image\/jpeg"}],"twitter_card":"summary_large_image","schema":{"@context":"https:\/\/schema.org","@graph":[{"@type":"WebPage","@id":"https:\/\/k2-systems.com\/es-mx\/servicios\/","url":"https:\/\/k2-systems.com\/es-mx\/servicios\/","name":"Servicios - K2 Systems","isPartOf":{"@id":"https:\/\/k2-systems.com\/es-mx\/#website"},"primaryImageOfPage":{"@id":"https:\/\/k2-systems.com\/es-mx\/servicios\/#primaryimage"},"image":{"@id":"https:\/\/k2-systems.com\/es-mx\/servicios\/#primaryimage"},"thumbnailUrl":"https:\/\/k2-systems.com\/wp-content\/uploads\/2022\/06\/Servicios-Feature.jpg","datePublished":"2022-04-21T08:00:07+00:00","dateModified":"2022-11-15T22:04:57+00:00","description":"K2 aporta funciones que facilitan la planificaci\u00f3n y la documentaci\u00f3n, lo que permite llegar a la meta de forma r\u00e1pida, sencilla y sin papeles. K2 Base, K2 DocuApp","breadcrumb":{"@id":"https:\/\/k2-systems.com\/es-mx\/servicios\/#breadcrumb"},"inLanguage":"es","potentialAction":[{"@type":"ReadAction","target":["https:\/\/k2-systems.com\/es-mx\/servicios\/"]}]},{"@type":"ImageObject","inLanguage":"es","@id":"https:\/\/k2-systems.com\/es-mx\/servicios\/#primaryimage","url":"https:\/\/k2-systems.com\/wp-content\/uploads\/2022\/06\/Servicios-Feature.jpg","contentUrl":"https:\/\/k2-systems.com\/wp-content\/uploads\/2022\/06\/Servicios-Feature.jpg","width":1856,"height":1080,"caption":"\u00a1Aqu\u00ed puede encontrar nuestros diversos servicios desde nuestra herramienta de dise\u00f1o Base, webinars, soporte t\u00e9cnico y m\u00e1s!"},{"@type":"BreadcrumbList","@id":"https:\/\/k2-systems.com\/es-mx\/servicios\/#breadcrumb","itemListElement":[{"@type":"ListItem","position":1,"name":"Home","item":"https:\/\/k2-systems.com\/es-mx\/"},{"@type":"ListItem","position":2,"name":"Servicios"}]},{"@type":"WebSite","@id":"https:\/\/k2-systems.com\/es-mx\/#website","url":"https:\/\/k2-systems.com\/es-mx\/","name":"K2 Systems","description":"K2 Systems WP","publisher":{"@id":"https:\/\/k2-systems.com\/es-mx\/#organization"},"potentialAction":[{"@type":"SearchAction","target":{"@type":"EntryPoint","urlTemplate":"https:\/\/k2-systems.com\/es-mx\/?s={search_term_string}"},"query-input":{"@type":"PropertyValueSpecification","valueRequired":true,"valueName":"search_term_string"}}],"inLanguage":"es"},{"@type":"Organization","@id":"https:\/\/k2-systems.com\/es-mx\/#organization","name":"K2 Systems","url":"https:\/\/k2-systems.com\/es-mx\/","logo":{"@type":"ImageObject","inLanguage":"es","@id":"https:\/\/k2-systems.com\/es-mx\/#\/schema\/logo\/image\/","url":"https:\/\/k2-systems.com\/wp-content\/uploads\/2022\/02\/logo_512x512.png","contentUrl":"https:\/\/k2-systems.com\/wp-content\/uploads\/2022\/02\/logo_512x512.png","width":512,"height":512,"caption":"K2 Systems"},"image":{"@id":"https:\/\/k2-systems.com\/es-mx\/#\/schema\/logo\/image\/"}}]}},"_links":{"self":[{"href":"https:\/\/k2-systems.com\/es-mx\/wp-json\/wp\/v2\/pages\/13201","targetHints":{"allow":["GET"]}}],"collection":[{"href":"https:\/\/k2-systems.com\/es-mx\/wp-json\/wp\/v2\/pages"}],"about":[{"href":"https:\/\/k2-systems.com\/es-mx\/wp-json\/wp\/v2\/types\/page"}],"author":[{"embeddable":true,"href":"https:\/\/k2-systems.com\/es-mx\/wp-json\/wp\/v2\/users\/15"}],"replies":[{"embeddable":true,"href":"https:\/\/k2-systems.com\/es-mx\/wp-json\/wp\/v2\/comments?post=13201"}],"version-history":[{"count":0,"href":"https:\/\/k2-systems.com\/es-mx\/wp-json\/wp\/v2\/pages\/13201\/revisions"}],"wp:featuredmedia":[{"embeddable":true,"href":"https:\/\/k2-systems.com\/es-mx\/wp-json\/wp\/v2\/media\/16980"}],"wp:attachment":[{"href":"https:\/\/k2-systems.com\/es-mx\/wp-json\/wp\/v2\/media?parent=13201"}],"curies":[{"name":"wp","href":"https:\/\/api.w.org\/{rel}","templated":true}]}}