{"id":13536,"date":"2022-04-22T10:25:27","date_gmt":"2022-04-22T10:25:27","guid":{"rendered":"https:\/\/k2-systems.com\/contacto\/clientes-particulares\/"},"modified":"2025-06-18T19:22:39","modified_gmt":"2025-06-18T17:22:39","slug":"representantes-de-ventas","status":"publish","type":"page","link":"https:\/\/k2-systems.com\/es-mx\/contacto\/representantes-de-ventas\/","title":{"rendered":"Representantes de ventas"},"content":{"rendered":"","protected":false},"excerpt":{"rendered":"","protected":false},"author":15,"featured_media":0,"parent":13273,"menu_order":0,"comment_status":"closed","ping_status":"closed","template":"","meta":{"_acf_changed":false,"content-type":"","footnotes":""},"class_list":["post-13536","page","type-page","status-publish","hentry"],"acf":[],"yoast_head":"<!-- This site is optimized with the Yoast SEO Premium plugin v27.0 (Yoast SEO v27.0) - https:\/\/yoast.com\/product\/yoast-seo-premium-wordpress\/ -->\n<title>Representantes de ventas - K2 Systems<\/title>\n<meta name=\"description\" content=\"Usted es propietario de una vivienda y est\u00e1 planificando un sistema fotovoltaico. Aqu\u00ed encontrar\u00e1 un comienzo para la implementaci\u00f3n con componentes K2.\" \/>\n<meta name=\"robots\" content=\"index, follow, max-snippet:-1, max-image-preview:large, max-video-preview:-1\" \/>\n<link rel=\"canonical\" href=\"https:\/\/k2-systems.com\/es-mx\/contacto\/representantes-de-ventas\/\" \/>\n<meta property=\"og:locale\" content=\"es_MX\" \/>\n<meta property=\"og:type\" content=\"article\" \/>\n<meta property=\"og:title\" content=\"Representantes de ventas\" \/>\n<meta property=\"og:description\" content=\"Usted es propietario de una vivienda y est\u00e1 planificando un sistema fotovoltaico. Aqu\u00ed encontrar\u00e1 un comienzo para la implementaci\u00f3n con componentes K2.\" \/>\n<meta property=\"og:url\" content=\"https:\/\/k2-systems.com\/es-mx\/contacto\/representantes-de-ventas\/\" \/>\n<meta property=\"og:site_name\" content=\"K2 Systems\" \/>\n<meta property=\"article:modified_time\" content=\"2025-06-18T17:22:39+00:00\" \/>\n<meta name=\"twitter:card\" content=\"summary_large_image\" \/>\n<script type=\"application\/ld+json\" class=\"yoast-schema-graph\">{\"@context\":\"https:\/\/schema.org\",\"@graph\":[{\"@type\":\"WebPage\",\"@id\":\"https:\/\/k2-systems.com\/es-mx\/contacto\/representantes-de-ventas\/\",\"url\":\"https:\/\/k2-systems.com\/es-mx\/contacto\/representantes-de-ventas\/\",\"name\":\"Representantes de ventas - K2 Systems\",\"isPartOf\":{\"@id\":\"https:\/\/k2-systems.com\/es-mx\/#website\"},\"datePublished\":\"2022-04-22T10:25:27+00:00\",\"dateModified\":\"2025-06-18T17:22:39+00:00\",\"description\":\"Usted es propietario de una vivienda y est\u00e1 planificando un sistema fotovoltaico. Aqu\u00ed encontrar\u00e1 un comienzo para la implementaci\u00f3n con componentes K2.\",\"breadcrumb\":{\"@id\":\"https:\/\/k2-systems.com\/es-mx\/contacto\/representantes-de-ventas\/#breadcrumb\"},\"inLanguage\":\"es\",\"potentialAction\":[{\"@type\":\"ReadAction\",\"target\":[\"https:\/\/k2-systems.com\/es-mx\/contacto\/representantes-de-ventas\/\"]}]},{\"@type\":\"BreadcrumbList\",\"@id\":\"https:\/\/k2-systems.com\/es-mx\/contacto\/representantes-de-ventas\/#breadcrumb\",\"itemListElement\":[{\"@type\":\"ListItem\",\"position\":1,\"name\":\"Home\",\"item\":\"https:\/\/k2-systems.com\/es-mx\/\"},{\"@type\":\"ListItem\",\"position\":2,\"name\":\"Contacto\",\"item\":\"https:\/\/k2-systems.com\/es-mx\/contacto\/\"},{\"@type\":\"ListItem\",\"position\":3,\"name\":\"Representantes de ventas\"}]},{\"@type\":\"WebSite\",\"@id\":\"https:\/\/k2-systems.com\/es-mx\/#website\",\"url\":\"https:\/\/k2-systems.com\/es-mx\/\",\"name\":\"K2 Systems\",\"description\":\"K2 Systems WP\",\"publisher\":{\"@id\":\"https:\/\/k2-systems.com\/es-mx\/#organization\"},\"potentialAction\":[{\"@type\":\"SearchAction\",\"target\":{\"@type\":\"EntryPoint\",\"urlTemplate\":\"https:\/\/k2-systems.com\/es-mx\/?s={search_term_string}\"},\"query-input\":{\"@type\":\"PropertyValueSpecification\",\"valueRequired\":true,\"valueName\":\"search_term_string\"}}],\"inLanguage\":\"es\"},{\"@type\":\"Organization\",\"@id\":\"https:\/\/k2-systems.com\/es-mx\/#organization\",\"name\":\"K2 Systems\",\"url\":\"https:\/\/k2-systems.com\/es-mx\/\",\"logo\":{\"@type\":\"ImageObject\",\"inLanguage\":\"es\",\"@id\":\"https:\/\/k2-systems.com\/es-mx\/#\/schema\/logo\/image\/\",\"url\":\"https:\/\/k2-systems.com\/wp-content\/uploads\/2022\/02\/logo_512x512.png\",\"contentUrl\":\"https:\/\/k2-systems.com\/wp-content\/uploads\/2022\/02\/logo_512x512.png\",\"width\":512,\"height\":512,\"caption\":\"K2 Systems\"},\"image\":{\"@id\":\"https:\/\/k2-systems.com\/es-mx\/#\/schema\/logo\/image\/\"}}]}<\/script>\n<!-- \/ Yoast SEO Premium plugin. -->","yoast_head_json":{"title":"Representantes de ventas - K2 Systems","description":"Usted es propietario de una vivienda y est\u00e1 planificando un sistema fotovoltaico. Aqu\u00ed encontrar\u00e1 un comienzo para la implementaci\u00f3n con componentes K2.","robots":{"index":"index","follow":"follow","max-snippet":"max-snippet:-1","max-image-preview":"max-image-preview:large","max-video-preview":"max-video-preview:-1"},"canonical":"https:\/\/k2-systems.com\/es-mx\/contacto\/representantes-de-ventas\/","og_locale":"es_MX","og_type":"article","og_title":"Representantes de ventas","og_description":"Usted es propietario de una vivienda y est\u00e1 planificando un sistema fotovoltaico. Aqu\u00ed encontrar\u00e1 un comienzo para la implementaci\u00f3n con componentes K2.","og_url":"https:\/\/k2-systems.com\/es-mx\/contacto\/representantes-de-ventas\/","og_site_name":"K2 Systems","article_modified_time":"2025-06-18T17:22:39+00:00","twitter_card":"summary_large_image","schema":{"@context":"https:\/\/schema.org","@graph":[{"@type":"WebPage","@id":"https:\/\/k2-systems.com\/es-mx\/contacto\/representantes-de-ventas\/","url":"https:\/\/k2-systems.com\/es-mx\/contacto\/representantes-de-ventas\/","name":"Representantes de ventas - K2 Systems","isPartOf":{"@id":"https:\/\/k2-systems.com\/es-mx\/#website"},"datePublished":"2022-04-22T10:25:27+00:00","dateModified":"2025-06-18T17:22:39+00:00","description":"Usted es propietario de una vivienda y est\u00e1 planificando un sistema fotovoltaico. Aqu\u00ed encontrar\u00e1 un comienzo para la implementaci\u00f3n con componentes K2.","breadcrumb":{"@id":"https:\/\/k2-systems.com\/es-mx\/contacto\/representantes-de-ventas\/#breadcrumb"},"inLanguage":"es","potentialAction":[{"@type":"ReadAction","target":["https:\/\/k2-systems.com\/es-mx\/contacto\/representantes-de-ventas\/"]}]},{"@type":"BreadcrumbList","@id":"https:\/\/k2-systems.com\/es-mx\/contacto\/representantes-de-ventas\/#breadcrumb","itemListElement":[{"@type":"ListItem","position":1,"name":"Home","item":"https:\/\/k2-systems.com\/es-mx\/"},{"@type":"ListItem","position":2,"name":"Contacto","item":"https:\/\/k2-systems.com\/es-mx\/contacto\/"},{"@type":"ListItem","position":3,"name":"Representantes de ventas"}]},{"@type":"WebSite","@id":"https:\/\/k2-systems.com\/es-mx\/#website","url":"https:\/\/k2-systems.com\/es-mx\/","name":"K2 Systems","description":"K2 Systems WP","publisher":{"@id":"https:\/\/k2-systems.com\/es-mx\/#organization"},"potentialAction":[{"@type":"SearchAction","target":{"@type":"EntryPoint","urlTemplate":"https:\/\/k2-systems.com\/es-mx\/?s={search_term_string}"},"query-input":{"@type":"PropertyValueSpecification","valueRequired":true,"valueName":"search_term_string"}}],"inLanguage":"es"},{"@type":"Organization","@id":"https:\/\/k2-systems.com\/es-mx\/#organization","name":"K2 Systems","url":"https:\/\/k2-systems.com\/es-mx\/","logo":{"@type":"ImageObject","inLanguage":"es","@id":"https:\/\/k2-systems.com\/es-mx\/#\/schema\/logo\/image\/","url":"https:\/\/k2-systems.com\/wp-content\/uploads\/2022\/02\/logo_512x512.png","contentUrl":"https:\/\/k2-systems.com\/wp-content\/uploads\/2022\/02\/logo_512x512.png","width":512,"height":512,"caption":"K2 Systems"},"image":{"@id":"https:\/\/k2-systems.com\/es-mx\/#\/schema\/logo\/image\/"}}]}},"_links":{"self":[{"href":"https:\/\/k2-systems.com\/es-mx\/wp-json\/wp\/v2\/pages\/13536","targetHints":{"allow":["GET"]}}],"collection":[{"href":"https:\/\/k2-systems.com\/es-mx\/wp-json\/wp\/v2\/pages"}],"about":[{"href":"https:\/\/k2-systems.com\/es-mx\/wp-json\/wp\/v2\/types\/page"}],"author":[{"embeddable":true,"href":"https:\/\/k2-systems.com\/es-mx\/wp-json\/wp\/v2\/users\/15"}],"replies":[{"embeddable":true,"href":"https:\/\/k2-systems.com\/es-mx\/wp-json\/wp\/v2\/comments?post=13536"}],"version-history":[{"count":0,"href":"https:\/\/k2-systems.com\/es-mx\/wp-json\/wp\/v2\/pages\/13536\/revisions"}],"up":[{"embeddable":true,"href":"https:\/\/k2-systems.com\/es-mx\/wp-json\/wp\/v2\/pages\/13273"}],"wp:attachment":[{"href":"https:\/\/k2-systems.com\/es-mx\/wp-json\/wp\/v2\/media?parent=13536"}],"curies":[{"name":"wp","href":"https:\/\/api.w.org\/{rel}","templated":true}]}}