{"id":111106,"date":"2026-01-19T20:11:24","date_gmt":"2026-01-19T19:11:24","guid":{"rendered":"https:\/\/k2-systems.com\/?post_type=product&#038;p=111106"},"modified":"2026-02-27T18:18:37","modified_gmt":"2026-02-27T17:18:37","slug":"sistema-landscape-tilt","status":"publish","type":"product","link":"https:\/\/k2-systems.com\/es-mx\/soluciones-de-productos\/sistema-landscape-tilt\/","title":{"rendered":"Sistema Landscape Tilt"},"content":{"rendered":"","protected":false},"featured_media":113701,"template":"","product_category":[5894],"class_list":["post-111106","product","type-product","status-publish","has-post-thumbnail","hentry","product_category-metalico"],"acf":[],"yoast_head":"<!-- This site is optimized with the Yoast SEO Premium plugin v27.0 (Yoast SEO v27.0) - https:\/\/yoast.com\/product\/yoast-seo-premium-wordpress\/ -->\n<title>Sistema Landscape Tilt - K2 Systems<\/title>\n<meta name=\"description\" content=\"Sistema para techos planos con m\u00f3dulos en disposici\u00f3n horizontal, menos material y facilidad de instalaci\u00f3n, ideal para techos con espacios reducidos.\" \/>\n<meta name=\"robots\" content=\"index, follow, max-snippet:-1, max-image-preview:large, max-video-preview:-1\" \/>\n<link rel=\"canonical\" href=\"https:\/\/k2-systems.com\/es-mx\/soluciones-de-productos\/sistema-landscape-tilt\/\" \/>\n<meta property=\"og:locale\" content=\"es_MX\" \/>\n<meta property=\"og:type\" content=\"article\" \/>\n<meta property=\"og:title\" content=\"Sistema Landscape Tilt\" \/>\n<meta property=\"og:description\" content=\"Sistema para techos planos con m\u00f3dulos en disposici\u00f3n horizontal, menos material y facilidad de instalaci\u00f3n, ideal para techos con espacios reducidos.\" \/>\n<meta property=\"og:url\" content=\"https:\/\/k2-systems.com\/es-mx\/soluciones-de-productos\/sistema-landscape-tilt\/\" \/>\n<meta property=\"og:site_name\" content=\"K2 Systems\" \/>\n<meta property=\"article:modified_time\" content=\"2026-02-27T17:18:37+00:00\" \/>\n<meta property=\"og:image\" content=\"https:\/\/k2-systems.com\/wp-content\/uploads\/2026\/01\/Landscape-Tilt-Five-Leg-1.png\" \/>\n\t<meta property=\"og:image:width\" content=\"1920\" \/>\n\t<meta property=\"og:image:height\" content=\"1080\" \/>\n\t<meta property=\"og:image:type\" content=\"image\/png\" \/>\n<meta name=\"twitter:card\" content=\"summary_large_image\" \/>\n<script type=\"application\/ld+json\" class=\"yoast-schema-graph\">{\"@context\":\"https:\/\/schema.org\",\"@graph\":[{\"@type\":\"WebPage\",\"@id\":\"https:\/\/k2-systems.com\/es-mx\/soluciones-de-productos\/sistema-landscape-tilt\/\",\"url\":\"https:\/\/k2-systems.com\/es-mx\/soluciones-de-productos\/sistema-landscape-tilt\/\",\"name\":\"Sistema Landscape Tilt - K2 Systems\",\"isPartOf\":{\"@id\":\"https:\/\/k2-systems.com\/es-mx\/#website\"},\"primaryImageOfPage\":{\"@id\":\"https:\/\/k2-systems.com\/es-mx\/soluciones-de-productos\/sistema-landscape-tilt\/#primaryimage\"},\"image\":{\"@id\":\"https:\/\/k2-systems.com\/es-mx\/soluciones-de-productos\/sistema-landscape-tilt\/#primaryimage\"},\"thumbnailUrl\":\"https:\/\/k2-systems.com\/wp-content\/uploads\/2026\/01\/Landscape-Tilt-Five-Leg-1.png\",\"datePublished\":\"2026-01-19T19:11:24+00:00\",\"dateModified\":\"2026-02-27T17:18:37+00:00\",\"description\":\"Sistema para techos planos con m\u00f3dulos en disposici\u00f3n horizontal, menos material y facilidad de instalaci\u00f3n, ideal para techos con espacios reducidos.\",\"breadcrumb\":{\"@id\":\"https:\/\/k2-systems.com\/es-mx\/soluciones-de-productos\/sistema-landscape-tilt\/#breadcrumb\"},\"inLanguage\":\"es\",\"potentialAction\":[{\"@type\":\"ReadAction\",\"target\":[\"https:\/\/k2-systems.com\/es-mx\/soluciones-de-productos\/sistema-landscape-tilt\/\"]}]},{\"@type\":\"ImageObject\",\"inLanguage\":\"es\",\"@id\":\"https:\/\/k2-systems.com\/es-mx\/soluciones-de-productos\/sistema-landscape-tilt\/#primaryimage\",\"url\":\"https:\/\/k2-systems.com\/wp-content\/uploads\/2026\/01\/Landscape-Tilt-Five-Leg-1.png\",\"contentUrl\":\"https:\/\/k2-systems.com\/wp-content\/uploads\/2026\/01\/Landscape-Tilt-Five-Leg-1.png\",\"width\":1920,\"height\":1080},{\"@type\":\"BreadcrumbList\",\"@id\":\"https:\/\/k2-systems.com\/es-mx\/soluciones-de-productos\/sistema-landscape-tilt\/#breadcrumb\",\"itemListElement\":[{\"@type\":\"ListItem\",\"position\":1,\"name\":\"Home\",\"item\":\"https:\/\/k2-systems.com\/es-mx\/\"},{\"@type\":\"ListItem\",\"position\":2,\"name\":\"Sistema Landscape Tilt\"}]},{\"@type\":\"WebSite\",\"@id\":\"https:\/\/k2-systems.com\/es-mx\/#website\",\"url\":\"https:\/\/k2-systems.com\/es-mx\/\",\"name\":\"K2 Systems\",\"description\":\"K2 Systems WP\",\"publisher\":{\"@id\":\"https:\/\/k2-systems.com\/es-mx\/#organization\"},\"potentialAction\":[{\"@type\":\"SearchAction\",\"target\":{\"@type\":\"EntryPoint\",\"urlTemplate\":\"https:\/\/k2-systems.com\/es-mx\/?s={search_term_string}\"},\"query-input\":{\"@type\":\"PropertyValueSpecification\",\"valueRequired\":true,\"valueName\":\"search_term_string\"}}],\"inLanguage\":\"es\"},{\"@type\":\"Organization\",\"@id\":\"https:\/\/k2-systems.com\/es-mx\/#organization\",\"name\":\"K2 Systems\",\"url\":\"https:\/\/k2-systems.com\/es-mx\/\",\"logo\":{\"@type\":\"ImageObject\",\"inLanguage\":\"es\",\"@id\":\"https:\/\/k2-systems.com\/es-mx\/#\/schema\/logo\/image\/\",\"url\":\"https:\/\/k2-systems.com\/wp-content\/uploads\/2022\/02\/logo_512x512.png\",\"contentUrl\":\"https:\/\/k2-systems.com\/wp-content\/uploads\/2022\/02\/logo_512x512.png\",\"width\":512,\"height\":512,\"caption\":\"K2 Systems\"},\"image\":{\"@id\":\"https:\/\/k2-systems.com\/es-mx\/#\/schema\/logo\/image\/\"}}]}<\/script>\n<!-- \/ Yoast SEO Premium plugin. -->","yoast_head_json":{"title":"Sistema Landscape Tilt - K2 Systems","description":"Sistema para techos planos con m\u00f3dulos en disposici\u00f3n horizontal, menos material y facilidad de instalaci\u00f3n, ideal para techos con espacios reducidos.","robots":{"index":"index","follow":"follow","max-snippet":"max-snippet:-1","max-image-preview":"max-image-preview:large","max-video-preview":"max-video-preview:-1"},"canonical":"https:\/\/k2-systems.com\/es-mx\/soluciones-de-productos\/sistema-landscape-tilt\/","og_locale":"es_MX","og_type":"article","og_title":"Sistema Landscape Tilt","og_description":"Sistema para techos planos con m\u00f3dulos en disposici\u00f3n horizontal, menos material y facilidad de instalaci\u00f3n, ideal para techos con espacios reducidos.","og_url":"https:\/\/k2-systems.com\/es-mx\/soluciones-de-productos\/sistema-landscape-tilt\/","og_site_name":"K2 Systems","article_modified_time":"2026-02-27T17:18:37+00:00","og_image":[{"width":1920,"height":1080,"url":"https:\/\/k2-systems.com\/wp-content\/uploads\/2026\/01\/Landscape-Tilt-Five-Leg-1.png","type":"image\/png"}],"twitter_card":"summary_large_image","schema":{"@context":"https:\/\/schema.org","@graph":[{"@type":"WebPage","@id":"https:\/\/k2-systems.com\/es-mx\/soluciones-de-productos\/sistema-landscape-tilt\/","url":"https:\/\/k2-systems.com\/es-mx\/soluciones-de-productos\/sistema-landscape-tilt\/","name":"Sistema Landscape Tilt - K2 Systems","isPartOf":{"@id":"https:\/\/k2-systems.com\/es-mx\/#website"},"primaryImageOfPage":{"@id":"https:\/\/k2-systems.com\/es-mx\/soluciones-de-productos\/sistema-landscape-tilt\/#primaryimage"},"image":{"@id":"https:\/\/k2-systems.com\/es-mx\/soluciones-de-productos\/sistema-landscape-tilt\/#primaryimage"},"thumbnailUrl":"https:\/\/k2-systems.com\/wp-content\/uploads\/2026\/01\/Landscape-Tilt-Five-Leg-1.png","datePublished":"2026-01-19T19:11:24+00:00","dateModified":"2026-02-27T17:18:37+00:00","description":"Sistema para techos planos con m\u00f3dulos en disposici\u00f3n horizontal, menos material y facilidad de instalaci\u00f3n, ideal para techos con espacios reducidos.","breadcrumb":{"@id":"https:\/\/k2-systems.com\/es-mx\/soluciones-de-productos\/sistema-landscape-tilt\/#breadcrumb"},"inLanguage":"es","potentialAction":[{"@type":"ReadAction","target":["https:\/\/k2-systems.com\/es-mx\/soluciones-de-productos\/sistema-landscape-tilt\/"]}]},{"@type":"ImageObject","inLanguage":"es","@id":"https:\/\/k2-systems.com\/es-mx\/soluciones-de-productos\/sistema-landscape-tilt\/#primaryimage","url":"https:\/\/k2-systems.com\/wp-content\/uploads\/2026\/01\/Landscape-Tilt-Five-Leg-1.png","contentUrl":"https:\/\/k2-systems.com\/wp-content\/uploads\/2026\/01\/Landscape-Tilt-Five-Leg-1.png","width":1920,"height":1080},{"@type":"BreadcrumbList","@id":"https:\/\/k2-systems.com\/es-mx\/soluciones-de-productos\/sistema-landscape-tilt\/#breadcrumb","itemListElement":[{"@type":"ListItem","position":1,"name":"Home","item":"https:\/\/k2-systems.com\/es-mx\/"},{"@type":"ListItem","position":2,"name":"Sistema Landscape Tilt"}]},{"@type":"WebSite","@id":"https:\/\/k2-systems.com\/es-mx\/#website","url":"https:\/\/k2-systems.com\/es-mx\/","name":"K2 Systems","description":"K2 Systems WP","publisher":{"@id":"https:\/\/k2-systems.com\/es-mx\/#organization"},"potentialAction":[{"@type":"SearchAction","target":{"@type":"EntryPoint","urlTemplate":"https:\/\/k2-systems.com\/es-mx\/?s={search_term_string}"},"query-input":{"@type":"PropertyValueSpecification","valueRequired":true,"valueName":"search_term_string"}}],"inLanguage":"es"},{"@type":"Organization","@id":"https:\/\/k2-systems.com\/es-mx\/#organization","name":"K2 Systems","url":"https:\/\/k2-systems.com\/es-mx\/","logo":{"@type":"ImageObject","inLanguage":"es","@id":"https:\/\/k2-systems.com\/es-mx\/#\/schema\/logo\/image\/","url":"https:\/\/k2-systems.com\/wp-content\/uploads\/2022\/02\/logo_512x512.png","contentUrl":"https:\/\/k2-systems.com\/wp-content\/uploads\/2022\/02\/logo_512x512.png","width":512,"height":512,"caption":"K2 Systems"},"image":{"@id":"https:\/\/k2-systems.com\/es-mx\/#\/schema\/logo\/image\/"}}]}},"_links":{"self":[{"href":"https:\/\/k2-systems.com\/es-mx\/wp-json\/wp\/v2\/product\/111106","targetHints":{"allow":["GET"]}}],"collection":[{"href":"https:\/\/k2-systems.com\/es-mx\/wp-json\/wp\/v2\/product"}],"about":[{"href":"https:\/\/k2-systems.com\/es-mx\/wp-json\/wp\/v2\/types\/product"}],"wp:featuredmedia":[{"embeddable":true,"href":"https:\/\/k2-systems.com\/es-mx\/wp-json\/wp\/v2\/media\/113701"}],"wp:attachment":[{"href":"https:\/\/k2-systems.com\/es-mx\/wp-json\/wp\/v2\/media?parent=111106"}],"wp:term":[{"taxonomy":"product_category","embeddable":true,"href":"https:\/\/k2-systems.com\/es-mx\/wp-json\/wp\/v2\/product_category?post=111106"}],"curies":[{"name":"wp","href":"https:\/\/api.w.org\/{rel}","templated":true}]}}