{"id":2666,"date":"2022-03-29T14:32:53","date_gmt":"2022-03-29T14:32:53","guid":{"rendered":"https:\/\/k2systemswp.local\/gestion-de-calidad\/"},"modified":"2026-03-20T11:25:08","modified_gmt":"2026-03-20T10:25:08","slug":"calidad","status":"publish","type":"page","link":"https:\/\/k2-systems.com\/es\/empresa\/calidad\/","title":{"rendered":"Calidad"},"content":{"rendered":"","protected":false},"excerpt":{"rendered":"","protected":false},"author":15,"featured_media":0,"parent":1110,"menu_order":3,"comment_status":"closed","ping_status":"closed","template":"","meta":{"_acf_changed":false,"content-type":"","footnotes":""},"class_list":["post-2666","page","type-page","status-publish","hentry"],"acf":[],"yoast_head":"<!-- This site is optimized with the Yoast SEO Premium plugin v27.0 (Yoast SEO v27.0) - https:\/\/yoast.com\/product\/yoast-seo-premium-wordpress\/ -->\n<title>Calidad - K2 Systems<\/title>\n<meta name=\"description\" content=\"Conv\u00e9nzase de la gesti\u00f3n de calidad de K2. Hemos recibido m\u00faltiples certificaciones, tenemos elevados est\u00e1ndares internos y ofrecemos prolongadas garant\u00edas de productos.\" \/>\n<meta name=\"robots\" content=\"index, follow, max-snippet:-1, max-image-preview:large, max-video-preview:-1\" \/>\n<link rel=\"canonical\" href=\"https:\/\/k2-systems.com\/es\/empresa\/calidad\/\" \/>\n<meta property=\"og:locale\" content=\"es_ES\" \/>\n<meta property=\"og:type\" content=\"article\" \/>\n<meta property=\"og:title\" content=\"Calidad\" \/>\n<meta property=\"og:description\" content=\"Conv\u00e9nzase de la gesti\u00f3n de calidad de K2. Hemos recibido m\u00faltiples certificaciones, tenemos elevados est\u00e1ndares internos y ofrecemos prolongadas garant\u00edas de productos.\" \/>\n<meta property=\"og:url\" content=\"https:\/\/k2-systems.com\/es\/empresa\/calidad\/\" \/>\n<meta property=\"og:site_name\" content=\"K2 Systems\" \/>\n<meta property=\"article:modified_time\" content=\"2026-03-20T10:25:08+00:00\" \/>\n<meta property=\"og:image\" content=\"https:\/\/k2-systems.com\/wp-content\/uploads\/2022\/03\/Quality-management-header.jpg\" \/>\n\t<meta property=\"og:image:width\" content=\"912\" \/>\n\t<meta property=\"og:image:height\" content=\"840\" \/>\n\t<meta property=\"og:image:type\" content=\"image\/jpeg\" \/>\n<meta name=\"twitter:card\" content=\"summary_large_image\" \/>\n<script type=\"application\/ld+json\" class=\"yoast-schema-graph\">{\"@context\":\"https:\/\/schema.org\",\"@graph\":[{\"@type\":\"WebPage\",\"@id\":\"https:\/\/k2-systems.com\/es\/empresa\/calidad\/\",\"url\":\"https:\/\/k2-systems.com\/es\/empresa\/calidad\/\",\"name\":\"Calidad - K2 Systems\",\"isPartOf\":{\"@id\":\"https:\/\/k2-systems.com\/es\/#website\"},\"datePublished\":\"2022-03-29T14:32:53+00:00\",\"dateModified\":\"2026-03-20T10:25:08+00:00\",\"description\":\"Conv\u00e9nzase de la gesti\u00f3n de calidad de K2. Hemos recibido m\u00faltiples certificaciones, tenemos elevados est\u00e1ndares internos y ofrecemos prolongadas garant\u00edas de productos.\",\"breadcrumb\":{\"@id\":\"https:\/\/k2-systems.com\/es\/empresa\/calidad\/#breadcrumb\"},\"inLanguage\":\"es\",\"potentialAction\":[{\"@type\":\"ReadAction\",\"target\":[\"https:\/\/k2-systems.com\/es\/empresa\/calidad\/\"]}]},{\"@type\":\"BreadcrumbList\",\"@id\":\"https:\/\/k2-systems.com\/es\/empresa\/calidad\/#breadcrumb\",\"itemListElement\":[{\"@type\":\"ListItem\",\"position\":1,\"name\":\"Home\",\"item\":\"https:\/\/k2-systems.com\/es\/\"},{\"@type\":\"ListItem\",\"position\":2,\"name\":\"Empresa\",\"item\":\"https:\/\/k2-systems.com\/es\/empresa\/\"},{\"@type\":\"ListItem\",\"position\":3,\"name\":\"Calidad\"}]},{\"@type\":\"WebSite\",\"@id\":\"https:\/\/k2-systems.com\/es\/#website\",\"url\":\"https:\/\/k2-systems.com\/es\/\",\"name\":\"K2 Systems\",\"description\":\"K2 Systems WP\",\"publisher\":{\"@id\":\"https:\/\/k2-systems.com\/es\/#organization\"},\"potentialAction\":[{\"@type\":\"SearchAction\",\"target\":{\"@type\":\"EntryPoint\",\"urlTemplate\":\"https:\/\/k2-systems.com\/es\/?s={search_term_string}\"},\"query-input\":{\"@type\":\"PropertyValueSpecification\",\"valueRequired\":true,\"valueName\":\"search_term_string\"}}],\"inLanguage\":\"es\"},{\"@type\":\"Organization\",\"@id\":\"https:\/\/k2-systems.com\/es\/#organization\",\"name\":\"K2 Systems\",\"url\":\"https:\/\/k2-systems.com\/es\/\",\"logo\":{\"@type\":\"ImageObject\",\"inLanguage\":\"es\",\"@id\":\"https:\/\/k2-systems.com\/es\/#\/schema\/logo\/image\/\",\"url\":\"https:\/\/k2-systems.com\/wp-content\/uploads\/2022\/02\/logo_512x512.png\",\"contentUrl\":\"https:\/\/k2-systems.com\/wp-content\/uploads\/2022\/02\/logo_512x512.png\",\"width\":512,\"height\":512,\"caption\":\"K2 Systems\"},\"image\":{\"@id\":\"https:\/\/k2-systems.com\/es\/#\/schema\/logo\/image\/\"}}]}<\/script>\n<!-- \/ Yoast SEO Premium plugin. -->","yoast_head_json":{"title":"Calidad - K2 Systems","description":"Conv\u00e9nzase de la gesti\u00f3n de calidad de K2. Hemos recibido m\u00faltiples certificaciones, tenemos elevados est\u00e1ndares internos y ofrecemos prolongadas garant\u00edas de productos.","robots":{"index":"index","follow":"follow","max-snippet":"max-snippet:-1","max-image-preview":"max-image-preview:large","max-video-preview":"max-video-preview:-1"},"canonical":"https:\/\/k2-systems.com\/es\/empresa\/calidad\/","og_locale":"es_ES","og_type":"article","og_title":"Calidad","og_description":"Conv\u00e9nzase de la gesti\u00f3n de calidad de K2. Hemos recibido m\u00faltiples certificaciones, tenemos elevados est\u00e1ndares internos y ofrecemos prolongadas garant\u00edas de productos.","og_url":"https:\/\/k2-systems.com\/es\/empresa\/calidad\/","og_site_name":"K2 Systems","article_modified_time":"2026-03-20T10:25:08+00:00","og_image":[{"width":912,"height":840,"url":"https:\/\/k2-systems.com\/wp-content\/uploads\/2022\/03\/Quality-management-header.jpg","type":"image\/jpeg"}],"twitter_card":"summary_large_image","schema":{"@context":"https:\/\/schema.org","@graph":[{"@type":"WebPage","@id":"https:\/\/k2-systems.com\/es\/empresa\/calidad\/","url":"https:\/\/k2-systems.com\/es\/empresa\/calidad\/","name":"Calidad - K2 Systems","isPartOf":{"@id":"https:\/\/k2-systems.com\/es\/#website"},"datePublished":"2022-03-29T14:32:53+00:00","dateModified":"2026-03-20T10:25:08+00:00","description":"Conv\u00e9nzase de la gesti\u00f3n de calidad de K2. Hemos recibido m\u00faltiples certificaciones, tenemos elevados est\u00e1ndares internos y ofrecemos prolongadas garant\u00edas de productos.","breadcrumb":{"@id":"https:\/\/k2-systems.com\/es\/empresa\/calidad\/#breadcrumb"},"inLanguage":"es","potentialAction":[{"@type":"ReadAction","target":["https:\/\/k2-systems.com\/es\/empresa\/calidad\/"]}]},{"@type":"BreadcrumbList","@id":"https:\/\/k2-systems.com\/es\/empresa\/calidad\/#breadcrumb","itemListElement":[{"@type":"ListItem","position":1,"name":"Home","item":"https:\/\/k2-systems.com\/es\/"},{"@type":"ListItem","position":2,"name":"Empresa","item":"https:\/\/k2-systems.com\/es\/empresa\/"},{"@type":"ListItem","position":3,"name":"Calidad"}]},{"@type":"WebSite","@id":"https:\/\/k2-systems.com\/es\/#website","url":"https:\/\/k2-systems.com\/es\/","name":"K2 Systems","description":"K2 Systems WP","publisher":{"@id":"https:\/\/k2-systems.com\/es\/#organization"},"potentialAction":[{"@type":"SearchAction","target":{"@type":"EntryPoint","urlTemplate":"https:\/\/k2-systems.com\/es\/?s={search_term_string}"},"query-input":{"@type":"PropertyValueSpecification","valueRequired":true,"valueName":"search_term_string"}}],"inLanguage":"es"},{"@type":"Organization","@id":"https:\/\/k2-systems.com\/es\/#organization","name":"K2 Systems","url":"https:\/\/k2-systems.com\/es\/","logo":{"@type":"ImageObject","inLanguage":"es","@id":"https:\/\/k2-systems.com\/es\/#\/schema\/logo\/image\/","url":"https:\/\/k2-systems.com\/wp-content\/uploads\/2022\/02\/logo_512x512.png","contentUrl":"https:\/\/k2-systems.com\/wp-content\/uploads\/2022\/02\/logo_512x512.png","width":512,"height":512,"caption":"K2 Systems"},"image":{"@id":"https:\/\/k2-systems.com\/es\/#\/schema\/logo\/image\/"}}]}},"_links":{"self":[{"href":"https:\/\/k2-systems.com\/es\/wp-json\/wp\/v2\/pages\/2666","targetHints":{"allow":["GET"]}}],"collection":[{"href":"https:\/\/k2-systems.com\/es\/wp-json\/wp\/v2\/pages"}],"about":[{"href":"https:\/\/k2-systems.com\/es\/wp-json\/wp\/v2\/types\/page"}],"author":[{"embeddable":true,"href":"https:\/\/k2-systems.com\/es\/wp-json\/wp\/v2\/users\/15"}],"replies":[{"embeddable":true,"href":"https:\/\/k2-systems.com\/es\/wp-json\/wp\/v2\/comments?post=2666"}],"version-history":[{"count":0,"href":"https:\/\/k2-systems.com\/es\/wp-json\/wp\/v2\/pages\/2666\/revisions"}],"up":[{"embeddable":true,"href":"https:\/\/k2-systems.com\/es\/wp-json\/wp\/v2\/pages\/1110"}],"wp:attachment":[{"href":"https:\/\/k2-systems.com\/es\/wp-json\/wp\/v2\/media?parent=2666"}],"curies":[{"name":"wp","href":"https:\/\/api.w.org\/{rel}","templated":true}]}}