{"id":3287,"date":"2022-04-04T15:42:55","date_gmt":"2022-04-04T15:42:55","guid":{"rendered":"https:\/\/k2systemswp.local\/prensa-y-medios\/"},"modified":"2026-03-17T09:28:40","modified_gmt":"2026-03-17T08:28:40","slug":"prensa-y-medios","status":"publish","type":"page","link":"https:\/\/k2-systems.com\/es\/empresa\/prensa-y-medios\/","title":{"rendered":"Prensa y medios"},"content":{"rendered":"","protected":false},"excerpt":{"rendered":"","protected":false},"author":15,"featured_media":0,"parent":1110,"menu_order":6,"comment_status":"closed","ping_status":"closed","template":"","meta":{"_acf_changed":false,"content-type":"","footnotes":""},"class_list":["post-3287","page","type-page","status-publish","hentry"],"acf":[],"yoast_head":"<!-- This site is optimized with the Yoast SEO Premium plugin v27.0 (Yoast SEO v27.0) - https:\/\/yoast.com\/product\/yoast-seo-premium-wordpress\/ -->\n<title>Prensa y medios - K2 Systems<\/title>\n<meta name=\"description\" content=\"Nuestro punto de contacto para todos los representantes de los medios de comunicaci\u00f3n: El \u00e1rea de prensa le ofrece comunicados de prensa actuales, im\u00e1genes imprimibles y contacto con la oficina de prensa.\" \/>\n<meta name=\"robots\" content=\"index, follow, max-snippet:-1, max-image-preview:large, max-video-preview:-1\" \/>\n<link rel=\"canonical\" href=\"https:\/\/k2-systems.com\/es\/empresa\/prensa-y-medios\/\" \/>\n<meta property=\"og:locale\" content=\"es_ES\" \/>\n<meta property=\"og:type\" content=\"article\" \/>\n<meta property=\"og:title\" content=\"Prensa y medios\" \/>\n<meta property=\"og:description\" content=\"Nuestro punto de contacto para todos los representantes de los medios de comunicaci\u00f3n: El \u00e1rea de prensa le ofrece comunicados de prensa actuales, im\u00e1genes imprimibles y contacto con la oficina de prensa.\" \/>\n<meta property=\"og:url\" content=\"https:\/\/k2-systems.com\/es\/empresa\/prensa-y-medios\/\" \/>\n<meta property=\"og:site_name\" content=\"K2 Systems\" \/>\n<meta property=\"article:modified_time\" content=\"2026-03-17T08:28:40+00:00\" \/>\n<meta property=\"og:image\" content=\"https:\/\/k2-systems.com\/wp-content\/uploads\/2022\/07\/Press-Header-Europe.jpg\" \/>\n\t<meta property=\"og:image:width\" content=\"912\" \/>\n\t<meta property=\"og:image:height\" content=\"840\" \/>\n\t<meta property=\"og:image:type\" content=\"image\/jpeg\" \/>\n<meta name=\"twitter:card\" content=\"summary_large_image\" \/>\n<meta name=\"twitter:description\" content=\"Nuestro punto de contacto para todos los representantes de los medios de comunicaci\u00f3n: El \u00e1rea de prensa le ofrece comunicados de prensa actuales, im\u00e1genes imprimibles y contacto con la oficina de prensa.\" \/>\n<meta name=\"twitter:image\" content=\"https:\/\/k2-systems.com\/wp-content\/uploads\/2022\/07\/Press-Header-Europe.jpg\" \/>\n<script type=\"application\/ld+json\" class=\"yoast-schema-graph\">{\"@context\":\"https:\/\/schema.org\",\"@graph\":[{\"@type\":\"WebPage\",\"@id\":\"https:\/\/k2-systems.com\/es\/empresa\/prensa-y-medios\/\",\"url\":\"https:\/\/k2-systems.com\/es\/empresa\/prensa-y-medios\/\",\"name\":\"Prensa y medios - K2 Systems\",\"isPartOf\":{\"@id\":\"https:\/\/k2-systems.com\/es\/#website\"},\"datePublished\":\"2022-04-04T15:42:55+00:00\",\"dateModified\":\"2026-03-17T08:28:40+00:00\",\"description\":\"Nuestro punto de contacto para todos los representantes de los medios de comunicaci\u00f3n: El \u00e1rea de prensa le ofrece comunicados de prensa actuales, im\u00e1genes imprimibles y contacto con la oficina de prensa.\",\"breadcrumb\":{\"@id\":\"https:\/\/k2-systems.com\/es\/empresa\/prensa-y-medios\/#breadcrumb\"},\"inLanguage\":\"es\",\"potentialAction\":[{\"@type\":\"ReadAction\",\"target\":[\"https:\/\/k2-systems.com\/es\/empresa\/prensa-y-medios\/\"]}]},{\"@type\":\"BreadcrumbList\",\"@id\":\"https:\/\/k2-systems.com\/es\/empresa\/prensa-y-medios\/#breadcrumb\",\"itemListElement\":[{\"@type\":\"ListItem\",\"position\":1,\"name\":\"Home\",\"item\":\"https:\/\/k2-systems.com\/es\/\"},{\"@type\":\"ListItem\",\"position\":2,\"name\":\"Empresa\",\"item\":\"https:\/\/k2-systems.com\/es\/empresa\/\"},{\"@type\":\"ListItem\",\"position\":3,\"name\":\"Prensa y medios\"}]},{\"@type\":\"WebSite\",\"@id\":\"https:\/\/k2-systems.com\/es\/#website\",\"url\":\"https:\/\/k2-systems.com\/es\/\",\"name\":\"K2 Systems\",\"description\":\"K2 Systems WP\",\"publisher\":{\"@id\":\"https:\/\/k2-systems.com\/es\/#organization\"},\"potentialAction\":[{\"@type\":\"SearchAction\",\"target\":{\"@type\":\"EntryPoint\",\"urlTemplate\":\"https:\/\/k2-systems.com\/es\/?s={search_term_string}\"},\"query-input\":{\"@type\":\"PropertyValueSpecification\",\"valueRequired\":true,\"valueName\":\"search_term_string\"}}],\"inLanguage\":\"es\"},{\"@type\":\"Organization\",\"@id\":\"https:\/\/k2-systems.com\/es\/#organization\",\"name\":\"K2 Systems\",\"url\":\"https:\/\/k2-systems.com\/es\/\",\"logo\":{\"@type\":\"ImageObject\",\"inLanguage\":\"es\",\"@id\":\"https:\/\/k2-systems.com\/es\/#\/schema\/logo\/image\/\",\"url\":\"https:\/\/k2-systems.com\/wp-content\/uploads\/2022\/02\/logo_512x512.png\",\"contentUrl\":\"https:\/\/k2-systems.com\/wp-content\/uploads\/2022\/02\/logo_512x512.png\",\"width\":512,\"height\":512,\"caption\":\"K2 Systems\"},\"image\":{\"@id\":\"https:\/\/k2-systems.com\/es\/#\/schema\/logo\/image\/\"}}]}<\/script>\n<!-- \/ Yoast SEO Premium plugin. -->","yoast_head_json":{"title":"Prensa y medios - K2 Systems","description":"Nuestro punto de contacto para todos los representantes de los medios de comunicaci\u00f3n: El \u00e1rea de prensa le ofrece comunicados de prensa actuales, im\u00e1genes imprimibles y contacto con la oficina de prensa.","robots":{"index":"index","follow":"follow","max-snippet":"max-snippet:-1","max-image-preview":"max-image-preview:large","max-video-preview":"max-video-preview:-1"},"canonical":"https:\/\/k2-systems.com\/es\/empresa\/prensa-y-medios\/","og_locale":"es_ES","og_type":"article","og_title":"Prensa y medios","og_description":"Nuestro punto de contacto para todos los representantes de los medios de comunicaci\u00f3n: El \u00e1rea de prensa le ofrece comunicados de prensa actuales, im\u00e1genes imprimibles y contacto con la oficina de prensa.","og_url":"https:\/\/k2-systems.com\/es\/empresa\/prensa-y-medios\/","og_site_name":"K2 Systems","article_modified_time":"2026-03-17T08:28:40+00:00","og_image":[{"width":912,"height":840,"url":"https:\/\/k2-systems.com\/wp-content\/uploads\/2022\/07\/Press-Header-Europe.jpg","type":"image\/jpeg"}],"twitter_card":"summary_large_image","twitter_description":"Nuestro punto de contacto para todos los representantes de los medios de comunicaci\u00f3n: El \u00e1rea de prensa le ofrece comunicados de prensa actuales, im\u00e1genes imprimibles y contacto con la oficina de prensa.","twitter_image":"https:\/\/k2-systems.com\/wp-content\/uploads\/2022\/07\/Press-Header-Europe.jpg","schema":{"@context":"https:\/\/schema.org","@graph":[{"@type":"WebPage","@id":"https:\/\/k2-systems.com\/es\/empresa\/prensa-y-medios\/","url":"https:\/\/k2-systems.com\/es\/empresa\/prensa-y-medios\/","name":"Prensa y medios - K2 Systems","isPartOf":{"@id":"https:\/\/k2-systems.com\/es\/#website"},"datePublished":"2022-04-04T15:42:55+00:00","dateModified":"2026-03-17T08:28:40+00:00","description":"Nuestro punto de contacto para todos los representantes de los medios de comunicaci\u00f3n: El \u00e1rea de prensa le ofrece comunicados de prensa actuales, im\u00e1genes imprimibles y contacto con la oficina de prensa.","breadcrumb":{"@id":"https:\/\/k2-systems.com\/es\/empresa\/prensa-y-medios\/#breadcrumb"},"inLanguage":"es","potentialAction":[{"@type":"ReadAction","target":["https:\/\/k2-systems.com\/es\/empresa\/prensa-y-medios\/"]}]},{"@type":"BreadcrumbList","@id":"https:\/\/k2-systems.com\/es\/empresa\/prensa-y-medios\/#breadcrumb","itemListElement":[{"@type":"ListItem","position":1,"name":"Home","item":"https:\/\/k2-systems.com\/es\/"},{"@type":"ListItem","position":2,"name":"Empresa","item":"https:\/\/k2-systems.com\/es\/empresa\/"},{"@type":"ListItem","position":3,"name":"Prensa y medios"}]},{"@type":"WebSite","@id":"https:\/\/k2-systems.com\/es\/#website","url":"https:\/\/k2-systems.com\/es\/","name":"K2 Systems","description":"K2 Systems WP","publisher":{"@id":"https:\/\/k2-systems.com\/es\/#organization"},"potentialAction":[{"@type":"SearchAction","target":{"@type":"EntryPoint","urlTemplate":"https:\/\/k2-systems.com\/es\/?s={search_term_string}"},"query-input":{"@type":"PropertyValueSpecification","valueRequired":true,"valueName":"search_term_string"}}],"inLanguage":"es"},{"@type":"Organization","@id":"https:\/\/k2-systems.com\/es\/#organization","name":"K2 Systems","url":"https:\/\/k2-systems.com\/es\/","logo":{"@type":"ImageObject","inLanguage":"es","@id":"https:\/\/k2-systems.com\/es\/#\/schema\/logo\/image\/","url":"https:\/\/k2-systems.com\/wp-content\/uploads\/2022\/02\/logo_512x512.png","contentUrl":"https:\/\/k2-systems.com\/wp-content\/uploads\/2022\/02\/logo_512x512.png","width":512,"height":512,"caption":"K2 Systems"},"image":{"@id":"https:\/\/k2-systems.com\/es\/#\/schema\/logo\/image\/"}}]}},"_links":{"self":[{"href":"https:\/\/k2-systems.com\/es\/wp-json\/wp\/v2\/pages\/3287","targetHints":{"allow":["GET"]}}],"collection":[{"href":"https:\/\/k2-systems.com\/es\/wp-json\/wp\/v2\/pages"}],"about":[{"href":"https:\/\/k2-systems.com\/es\/wp-json\/wp\/v2\/types\/page"}],"author":[{"embeddable":true,"href":"https:\/\/k2-systems.com\/es\/wp-json\/wp\/v2\/users\/15"}],"replies":[{"embeddable":true,"href":"https:\/\/k2-systems.com\/es\/wp-json\/wp\/v2\/comments?post=3287"}],"version-history":[{"count":0,"href":"https:\/\/k2-systems.com\/es\/wp-json\/wp\/v2\/pages\/3287\/revisions"}],"up":[{"embeddable":true,"href":"https:\/\/k2-systems.com\/es\/wp-json\/wp\/v2\/pages\/1110"}],"wp:attachment":[{"href":"https:\/\/k2-systems.com\/es\/wp-json\/wp\/v2\/media?parent=3287"}],"curies":[{"name":"wp","href":"https:\/\/api.w.org\/{rel}","templated":true}]}}