{"id":46077,"date":"2023-01-03T11:34:38","date_gmt":"2023-01-03T10:34:38","guid":{"rendered":"https:\/\/k2-systems.com\/?page_id=46077"},"modified":"2025-07-16T07:58:59","modified_gmt":"2025-07-16T05:58:59","slug":"preguntas-mas-comunes","status":"publish","type":"page","link":"https:\/\/k2-systems.com\/es\/conocimientos-formacion\/preguntas-mas-comunes\/","title":{"rendered":"Preguntas m\u00e1s comunes"},"content":{"rendered":"","protected":false},"excerpt":{"rendered":"","protected":false},"author":10,"featured_media":0,"parent":45873,"menu_order":7,"comment_status":"closed","ping_status":"closed","template":"","meta":{"_acf_changed":false,"content-type":"","footnotes":""},"class_list":["post-46077","page","type-page","status-publish","hentry"],"acf":[],"yoast_head":"<!-- This site is optimized with the Yoast SEO Premium plugin v27.0 (Yoast SEO v27.0) - https:\/\/yoast.com\/product\/yoast-seo-premium-wordpress\/ -->\n<title>Preguntas m\u00e1s comunes - K2 Systems<\/title>\n<meta name=\"description\" content=\"Las preguntas m\u00e1s frecuentes sobre K2 Base y DocuApp se pueden encontrar aqu\u00ed. Tambi\u00e9n te ayudamos con los problemas de planificaci\u00f3n de FV y puedes utilizar nuestro chat Sherpa.\" \/>\n<meta name=\"robots\" content=\"index, follow, max-snippet:-1, max-image-preview:large, max-video-preview:-1\" \/>\n<link rel=\"canonical\" href=\"https:\/\/k2-systems.com\/es\/conocimientos-formacion\/preguntas-mas-comunes\/\" \/>\n<meta property=\"og:locale\" content=\"es_ES\" \/>\n<meta property=\"og:type\" content=\"article\" \/>\n<meta property=\"og:title\" content=\"Preguntas m\u00e1s comunes\" \/>\n<meta property=\"og:description\" content=\"Las preguntas m\u00e1s frecuentes sobre K2 Base y DocuApp se pueden encontrar aqu\u00ed. Tambi\u00e9n te ayudamos con los problemas de planificaci\u00f3n de FV y puedes utilizar nuestro chat Sherpa.\" \/>\n<meta property=\"og:url\" content=\"https:\/\/k2-systems.com\/es\/conocimientos-formacion\/preguntas-mas-comunes\/\" \/>\n<meta property=\"og:site_name\" content=\"K2 Systems\" \/>\n<meta property=\"article:modified_time\" content=\"2025-07-16T05:58:59+00:00\" \/>\n<meta property=\"og:image\" content=\"https:\/\/k2-systems.com\/wp-content\/uploads\/2022\/03\/FAQs-header.jpg\" \/>\n\t<meta property=\"og:image:width\" content=\"912\" \/>\n\t<meta property=\"og:image:height\" content=\"840\" \/>\n\t<meta property=\"og:image:type\" content=\"image\/jpeg\" \/>\n<meta name=\"twitter:card\" content=\"summary_large_image\" \/>\n<script type=\"application\/ld+json\" class=\"yoast-schema-graph\">{\"@context\":\"https:\/\/schema.org\",\"@graph\":[{\"@type\":\"WebPage\",\"@id\":\"https:\/\/k2-systems.com\/es\/conocimientos-formacion\/preguntas-mas-comunes\/\",\"url\":\"https:\/\/k2-systems.com\/es\/conocimientos-formacion\/preguntas-mas-comunes\/\",\"name\":\"Preguntas m\u00e1s comunes - K2 Systems\",\"isPartOf\":{\"@id\":\"https:\/\/k2-systems.com\/es\/#website\"},\"datePublished\":\"2023-01-03T10:34:38+00:00\",\"dateModified\":\"2025-07-16T05:58:59+00:00\",\"description\":\"Las preguntas m\u00e1s frecuentes sobre K2 Base y DocuApp se pueden encontrar aqu\u00ed. Tambi\u00e9n te ayudamos con los problemas de planificaci\u00f3n de FV y puedes utilizar nuestro chat Sherpa.\",\"breadcrumb\":{\"@id\":\"https:\/\/k2-systems.com\/es\/conocimientos-formacion\/preguntas-mas-comunes\/#breadcrumb\"},\"inLanguage\":\"es\",\"potentialAction\":[{\"@type\":\"ReadAction\",\"target\":[\"https:\/\/k2-systems.com\/es\/conocimientos-formacion\/preguntas-mas-comunes\/\"]}]},{\"@type\":\"BreadcrumbList\",\"@id\":\"https:\/\/k2-systems.com\/es\/conocimientos-formacion\/preguntas-mas-comunes\/#breadcrumb\",\"itemListElement\":[{\"@type\":\"ListItem\",\"position\":1,\"name\":\"Home\",\"item\":\"https:\/\/k2-systems.com\/es\/\"},{\"@type\":\"ListItem\",\"position\":2,\"name\":\"Know-how y formaci\u00f3n\",\"item\":\"https:\/\/k2-systems.com\/es\/conocimientos-formacion\/\"},{\"@type\":\"ListItem\",\"position\":3,\"name\":\"Preguntas m\u00e1s comunes\"}]},{\"@type\":\"WebSite\",\"@id\":\"https:\/\/k2-systems.com\/es\/#website\",\"url\":\"https:\/\/k2-systems.com\/es\/\",\"name\":\"K2 Systems\",\"description\":\"K2 Systems WP\",\"publisher\":{\"@id\":\"https:\/\/k2-systems.com\/es\/#organization\"},\"potentialAction\":[{\"@type\":\"SearchAction\",\"target\":{\"@type\":\"EntryPoint\",\"urlTemplate\":\"https:\/\/k2-systems.com\/es\/?s={search_term_string}\"},\"query-input\":{\"@type\":\"PropertyValueSpecification\",\"valueRequired\":true,\"valueName\":\"search_term_string\"}}],\"inLanguage\":\"es\"},{\"@type\":\"Organization\",\"@id\":\"https:\/\/k2-systems.com\/es\/#organization\",\"name\":\"K2 Systems\",\"url\":\"https:\/\/k2-systems.com\/es\/\",\"logo\":{\"@type\":\"ImageObject\",\"inLanguage\":\"es\",\"@id\":\"https:\/\/k2-systems.com\/es\/#\/schema\/logo\/image\/\",\"url\":\"https:\/\/k2-systems.com\/wp-content\/uploads\/2022\/02\/logo_512x512.png\",\"contentUrl\":\"https:\/\/k2-systems.com\/wp-content\/uploads\/2022\/02\/logo_512x512.png\",\"width\":512,\"height\":512,\"caption\":\"K2 Systems\"},\"image\":{\"@id\":\"https:\/\/k2-systems.com\/es\/#\/schema\/logo\/image\/\"}}]}<\/script>\n<!-- \/ Yoast SEO Premium plugin. -->","yoast_head_json":{"title":"Preguntas m\u00e1s comunes - K2 Systems","description":"Las preguntas m\u00e1s frecuentes sobre K2 Base y DocuApp se pueden encontrar aqu\u00ed. Tambi\u00e9n te ayudamos con los problemas de planificaci\u00f3n de FV y puedes utilizar nuestro chat Sherpa.","robots":{"index":"index","follow":"follow","max-snippet":"max-snippet:-1","max-image-preview":"max-image-preview:large","max-video-preview":"max-video-preview:-1"},"canonical":"https:\/\/k2-systems.com\/es\/conocimientos-formacion\/preguntas-mas-comunes\/","og_locale":"es_ES","og_type":"article","og_title":"Preguntas m\u00e1s comunes","og_description":"Las preguntas m\u00e1s frecuentes sobre K2 Base y DocuApp se pueden encontrar aqu\u00ed. Tambi\u00e9n te ayudamos con los problemas de planificaci\u00f3n de FV y puedes utilizar nuestro chat Sherpa.","og_url":"https:\/\/k2-systems.com\/es\/conocimientos-formacion\/preguntas-mas-comunes\/","og_site_name":"K2 Systems","article_modified_time":"2025-07-16T05:58:59+00:00","og_image":[{"width":912,"height":840,"url":"https:\/\/k2-systems.com\/wp-content\/uploads\/2022\/03\/FAQs-header.jpg","type":"image\/jpeg"}],"twitter_card":"summary_large_image","schema":{"@context":"https:\/\/schema.org","@graph":[{"@type":"WebPage","@id":"https:\/\/k2-systems.com\/es\/conocimientos-formacion\/preguntas-mas-comunes\/","url":"https:\/\/k2-systems.com\/es\/conocimientos-formacion\/preguntas-mas-comunes\/","name":"Preguntas m\u00e1s comunes - K2 Systems","isPartOf":{"@id":"https:\/\/k2-systems.com\/es\/#website"},"datePublished":"2023-01-03T10:34:38+00:00","dateModified":"2025-07-16T05:58:59+00:00","description":"Las preguntas m\u00e1s frecuentes sobre K2 Base y DocuApp se pueden encontrar aqu\u00ed. Tambi\u00e9n te ayudamos con los problemas de planificaci\u00f3n de FV y puedes utilizar nuestro chat Sherpa.","breadcrumb":{"@id":"https:\/\/k2-systems.com\/es\/conocimientos-formacion\/preguntas-mas-comunes\/#breadcrumb"},"inLanguage":"es","potentialAction":[{"@type":"ReadAction","target":["https:\/\/k2-systems.com\/es\/conocimientos-formacion\/preguntas-mas-comunes\/"]}]},{"@type":"BreadcrumbList","@id":"https:\/\/k2-systems.com\/es\/conocimientos-formacion\/preguntas-mas-comunes\/#breadcrumb","itemListElement":[{"@type":"ListItem","position":1,"name":"Home","item":"https:\/\/k2-systems.com\/es\/"},{"@type":"ListItem","position":2,"name":"Know-how y formaci\u00f3n","item":"https:\/\/k2-systems.com\/es\/conocimientos-formacion\/"},{"@type":"ListItem","position":3,"name":"Preguntas m\u00e1s comunes"}]},{"@type":"WebSite","@id":"https:\/\/k2-systems.com\/es\/#website","url":"https:\/\/k2-systems.com\/es\/","name":"K2 Systems","description":"K2 Systems WP","publisher":{"@id":"https:\/\/k2-systems.com\/es\/#organization"},"potentialAction":[{"@type":"SearchAction","target":{"@type":"EntryPoint","urlTemplate":"https:\/\/k2-systems.com\/es\/?s={search_term_string}"},"query-input":{"@type":"PropertyValueSpecification","valueRequired":true,"valueName":"search_term_string"}}],"inLanguage":"es"},{"@type":"Organization","@id":"https:\/\/k2-systems.com\/es\/#organization","name":"K2 Systems","url":"https:\/\/k2-systems.com\/es\/","logo":{"@type":"ImageObject","inLanguage":"es","@id":"https:\/\/k2-systems.com\/es\/#\/schema\/logo\/image\/","url":"https:\/\/k2-systems.com\/wp-content\/uploads\/2022\/02\/logo_512x512.png","contentUrl":"https:\/\/k2-systems.com\/wp-content\/uploads\/2022\/02\/logo_512x512.png","width":512,"height":512,"caption":"K2 Systems"},"image":{"@id":"https:\/\/k2-systems.com\/es\/#\/schema\/logo\/image\/"}}]}},"_links":{"self":[{"href":"https:\/\/k2-systems.com\/es\/wp-json\/wp\/v2\/pages\/46077","targetHints":{"allow":["GET"]}}],"collection":[{"href":"https:\/\/k2-systems.com\/es\/wp-json\/wp\/v2\/pages"}],"about":[{"href":"https:\/\/k2-systems.com\/es\/wp-json\/wp\/v2\/types\/page"}],"author":[{"embeddable":true,"href":"https:\/\/k2-systems.com\/es\/wp-json\/wp\/v2\/users\/10"}],"replies":[{"embeddable":true,"href":"https:\/\/k2-systems.com\/es\/wp-json\/wp\/v2\/comments?post=46077"}],"version-history":[{"count":0,"href":"https:\/\/k2-systems.com\/es\/wp-json\/wp\/v2\/pages\/46077\/revisions"}],"up":[{"embeddable":true,"href":"https:\/\/k2-systems.com\/es\/wp-json\/wp\/v2\/pages\/45873"}],"wp:attachment":[{"href":"https:\/\/k2-systems.com\/es\/wp-json\/wp\/v2\/media?parent=46077"}],"curies":[{"name":"wp","href":"https:\/\/api.w.org\/{rel}","templated":true}]}}