{"id":24447,"date":"2022-07-25T14:02:08","date_gmt":"2022-07-25T12:02:08","guid":{"rendered":"https:\/\/k2-systems.com\/produktloesungen\/lightning-protection-and-equipotential-bonding\/"},"modified":"2022-08-18T07:35:31","modified_gmt":"2022-08-18T05:35:31","slug":"proteccion-contra-el-rayo-y-conexion-de-equipotencialidad","status":"publish","type":"product","link":"https:\/\/k2-systems.com\/es\/soluciones-de-productos\/proteccion-contra-el-rayo-y-conexion-de-equipotencialidad\/","title":{"rendered":"Protecci\u00f3n contra el rayo y conexi\u00f3n equipotencial"},"content":{"rendered":"","protected":false},"featured_media":21360,"template":"","product_category":[],"class_list":["post-24447","product","type-product","status-publish","has-post-thumbnail","hentry"],"acf":[],"yoast_head":"<!-- This site is optimized with the Yoast SEO Premium plugin v27.0 (Yoast SEO v27.0) - https:\/\/yoast.com\/product\/yoast-seo-premium-wordpress\/ -->\n<title>Protecci\u00f3n contra el rayo y conexi\u00f3n equipotencial - K2 Systems<\/title>\n<meta name=\"description\" content=\"Implemente la protecci\u00f3n contra el rayo y la conexi\u00f3n equipotencial de forma muy sencilla con nuestros componentes K2. Descargue la recomendaci\u00f3n con ejemplos en PDF.\" \/>\n<meta name=\"robots\" content=\"noindex, follow\" \/>\n<meta property=\"og:locale\" content=\"es_ES\" \/>\n<meta property=\"og:type\" content=\"article\" \/>\n<meta property=\"og:title\" content=\"Protecci\u00f3n contra el rayo y conexi\u00f3n equipotencial\" \/>\n<meta property=\"og:description\" content=\"Ganz einfach Blitzschutz und Potentialausgleich mit unseren K2 Komponenten umsetzen. Empfehlung mit Beispielen als PDF herunterladen.\" \/>\n<meta property=\"og:url\" content=\"https:\/\/k2-systems.com\/es\/soluciones-de-productos\/proteccion-contra-el-rayo-y-conexion-de-equipotencialidad\/\" \/>\n<meta property=\"og:site_name\" content=\"K2 Systems\" \/>\n<meta property=\"article:modified_time\" content=\"2022-08-18T05:35:31+00:00\" \/>\n<meta property=\"og:image\" content=\"https:\/\/k2-systems.com\/wp-content\/uploads\/2022\/07\/EBLP-teaser.jpg\" \/>\n\t<meta property=\"og:image:width\" content=\"597\" \/>\n\t<meta property=\"og:image:height\" content=\"400\" \/>\n\t<meta property=\"og:image:type\" content=\"image\/jpeg\" \/>\n<meta name=\"twitter:card\" content=\"summary_large_image\" \/>\n<meta name=\"twitter:description\" content=\"Ganz einfach Blitzschutz und Potentialausgleich mit unseren K2 Komponenten umsetzen. Empfehlung mit Beispielen als PDF herunterladen.\" \/>\n<script type=\"application\/ld+json\" class=\"yoast-schema-graph\">{\"@context\":\"https:\/\/schema.org\",\"@graph\":[{\"@type\":\"WebPage\",\"@id\":\"https:\/\/k2-systems.com\/es\/soluciones-de-productos\/proteccion-contra-el-rayo-y-conexion-de-equipotencialidad\/\",\"url\":\"https:\/\/k2-systems.com\/es\/soluciones-de-productos\/proteccion-contra-el-rayo-y-conexion-de-equipotencialidad\/\",\"name\":\"Protecci\u00f3n contra el rayo y conexi\u00f3n equipotencial - K2 Systems\",\"isPartOf\":{\"@id\":\"https:\/\/k2-systems.com\/es\/#website\"},\"primaryImageOfPage\":{\"@id\":\"https:\/\/k2-systems.com\/es\/soluciones-de-productos\/proteccion-contra-el-rayo-y-conexion-de-equipotencialidad\/#primaryimage\"},\"image\":{\"@id\":\"https:\/\/k2-systems.com\/es\/soluciones-de-productos\/proteccion-contra-el-rayo-y-conexion-de-equipotencialidad\/#primaryimage\"},\"thumbnailUrl\":\"https:\/\/k2-systems.com\/wp-content\/uploads\/2022\/07\/EBLP-teaser.jpg\",\"datePublished\":\"2022-07-25T12:02:08+00:00\",\"dateModified\":\"2022-08-18T05:35:31+00:00\",\"description\":\"Implemente la protecci\u00f3n contra el rayo y la conexi\u00f3n equipotencial de forma muy sencilla con nuestros componentes K2. Descargue la recomendaci\u00f3n con ejemplos en PDF.\",\"breadcrumb\":{\"@id\":\"https:\/\/k2-systems.com\/es\/soluciones-de-productos\/proteccion-contra-el-rayo-y-conexion-de-equipotencialidad\/#breadcrumb\"},\"inLanguage\":\"es\",\"potentialAction\":[{\"@type\":\"ReadAction\",\"target\":[\"https:\/\/k2-systems.com\/es\/soluciones-de-productos\/proteccion-contra-el-rayo-y-conexion-de-equipotencialidad\/\"]}]},{\"@type\":\"ImageObject\",\"inLanguage\":\"es\",\"@id\":\"https:\/\/k2-systems.com\/es\/soluciones-de-productos\/proteccion-contra-el-rayo-y-conexion-de-equipotencialidad\/#primaryimage\",\"url\":\"https:\/\/k2-systems.com\/wp-content\/uploads\/2022\/07\/EBLP-teaser.jpg\",\"contentUrl\":\"https:\/\/k2-systems.com\/wp-content\/uploads\/2022\/07\/EBLP-teaser.jpg\",\"width\":597,\"height\":400,\"caption\":\"Blitzschutzl\u00f6sung an einer SingleRail PV-Anlage\"},{\"@type\":\"BreadcrumbList\",\"@id\":\"https:\/\/k2-systems.com\/es\/soluciones-de-productos\/proteccion-contra-el-rayo-y-conexion-de-equipotencialidad\/#breadcrumb\",\"itemListElement\":[{\"@type\":\"ListItem\",\"position\":1,\"name\":\"Home\",\"item\":\"https:\/\/k2-systems.com\/es\/\"},{\"@type\":\"ListItem\",\"position\":2,\"name\":\"Protecci\u00f3n contra el rayo y conexi\u00f3n equipotencial\"}]},{\"@type\":\"WebSite\",\"@id\":\"https:\/\/k2-systems.com\/es\/#website\",\"url\":\"https:\/\/k2-systems.com\/es\/\",\"name\":\"K2 Systems\",\"description\":\"K2 Systems WP\",\"publisher\":{\"@id\":\"https:\/\/k2-systems.com\/es\/#organization\"},\"potentialAction\":[{\"@type\":\"SearchAction\",\"target\":{\"@type\":\"EntryPoint\",\"urlTemplate\":\"https:\/\/k2-systems.com\/es\/?s={search_term_string}\"},\"query-input\":{\"@type\":\"PropertyValueSpecification\",\"valueRequired\":true,\"valueName\":\"search_term_string\"}}],\"inLanguage\":\"es\"},{\"@type\":\"Organization\",\"@id\":\"https:\/\/k2-systems.com\/es\/#organization\",\"name\":\"K2 Systems\",\"url\":\"https:\/\/k2-systems.com\/es\/\",\"logo\":{\"@type\":\"ImageObject\",\"inLanguage\":\"es\",\"@id\":\"https:\/\/k2-systems.com\/es\/#\/schema\/logo\/image\/\",\"url\":\"https:\/\/k2-systems.com\/wp-content\/uploads\/2022\/02\/logo_512x512.png\",\"contentUrl\":\"https:\/\/k2-systems.com\/wp-content\/uploads\/2022\/02\/logo_512x512.png\",\"width\":512,\"height\":512,\"caption\":\"K2 Systems\"},\"image\":{\"@id\":\"https:\/\/k2-systems.com\/es\/#\/schema\/logo\/image\/\"}}]}<\/script>\n<!-- \/ Yoast SEO Premium plugin. -->","yoast_head_json":{"title":"Protecci\u00f3n contra el rayo y conexi\u00f3n equipotencial - K2 Systems","description":"Implemente la protecci\u00f3n contra el rayo y la conexi\u00f3n equipotencial de forma muy sencilla con nuestros componentes K2. Descargue la recomendaci\u00f3n con ejemplos en PDF.","robots":{"index":"noindex","follow":"follow"},"og_locale":"es_ES","og_type":"article","og_title":"Protecci\u00f3n contra el rayo y conexi\u00f3n equipotencial","og_description":"Ganz einfach Blitzschutz und Potentialausgleich mit unseren K2 Komponenten umsetzen. Empfehlung mit Beispielen als PDF herunterladen.","og_url":"https:\/\/k2-systems.com\/es\/soluciones-de-productos\/proteccion-contra-el-rayo-y-conexion-de-equipotencialidad\/","og_site_name":"K2 Systems","article_modified_time":"2022-08-18T05:35:31+00:00","og_image":[{"width":597,"height":400,"url":"https:\/\/k2-systems.com\/wp-content\/uploads\/2022\/07\/EBLP-teaser.jpg","type":"image\/jpeg"}],"twitter_card":"summary_large_image","twitter_description":"Ganz einfach Blitzschutz und Potentialausgleich mit unseren K2 Komponenten umsetzen. Empfehlung mit Beispielen als PDF herunterladen.","schema":{"@context":"https:\/\/schema.org","@graph":[{"@type":"WebPage","@id":"https:\/\/k2-systems.com\/es\/soluciones-de-productos\/proteccion-contra-el-rayo-y-conexion-de-equipotencialidad\/","url":"https:\/\/k2-systems.com\/es\/soluciones-de-productos\/proteccion-contra-el-rayo-y-conexion-de-equipotencialidad\/","name":"Protecci\u00f3n contra el rayo y conexi\u00f3n equipotencial - K2 Systems","isPartOf":{"@id":"https:\/\/k2-systems.com\/es\/#website"},"primaryImageOfPage":{"@id":"https:\/\/k2-systems.com\/es\/soluciones-de-productos\/proteccion-contra-el-rayo-y-conexion-de-equipotencialidad\/#primaryimage"},"image":{"@id":"https:\/\/k2-systems.com\/es\/soluciones-de-productos\/proteccion-contra-el-rayo-y-conexion-de-equipotencialidad\/#primaryimage"},"thumbnailUrl":"https:\/\/k2-systems.com\/wp-content\/uploads\/2022\/07\/EBLP-teaser.jpg","datePublished":"2022-07-25T12:02:08+00:00","dateModified":"2022-08-18T05:35:31+00:00","description":"Implemente la protecci\u00f3n contra el rayo y la conexi\u00f3n equipotencial de forma muy sencilla con nuestros componentes K2. Descargue la recomendaci\u00f3n con ejemplos en PDF.","breadcrumb":{"@id":"https:\/\/k2-systems.com\/es\/soluciones-de-productos\/proteccion-contra-el-rayo-y-conexion-de-equipotencialidad\/#breadcrumb"},"inLanguage":"es","potentialAction":[{"@type":"ReadAction","target":["https:\/\/k2-systems.com\/es\/soluciones-de-productos\/proteccion-contra-el-rayo-y-conexion-de-equipotencialidad\/"]}]},{"@type":"ImageObject","inLanguage":"es","@id":"https:\/\/k2-systems.com\/es\/soluciones-de-productos\/proteccion-contra-el-rayo-y-conexion-de-equipotencialidad\/#primaryimage","url":"https:\/\/k2-systems.com\/wp-content\/uploads\/2022\/07\/EBLP-teaser.jpg","contentUrl":"https:\/\/k2-systems.com\/wp-content\/uploads\/2022\/07\/EBLP-teaser.jpg","width":597,"height":400,"caption":"Blitzschutzl\u00f6sung an einer SingleRail PV-Anlage"},{"@type":"BreadcrumbList","@id":"https:\/\/k2-systems.com\/es\/soluciones-de-productos\/proteccion-contra-el-rayo-y-conexion-de-equipotencialidad\/#breadcrumb","itemListElement":[{"@type":"ListItem","position":1,"name":"Home","item":"https:\/\/k2-systems.com\/es\/"},{"@type":"ListItem","position":2,"name":"Protecci\u00f3n contra el rayo y conexi\u00f3n equipotencial"}]},{"@type":"WebSite","@id":"https:\/\/k2-systems.com\/es\/#website","url":"https:\/\/k2-systems.com\/es\/","name":"K2 Systems","description":"K2 Systems WP","publisher":{"@id":"https:\/\/k2-systems.com\/es\/#organization"},"potentialAction":[{"@type":"SearchAction","target":{"@type":"EntryPoint","urlTemplate":"https:\/\/k2-systems.com\/es\/?s={search_term_string}"},"query-input":{"@type":"PropertyValueSpecification","valueRequired":true,"valueName":"search_term_string"}}],"inLanguage":"es"},{"@type":"Organization","@id":"https:\/\/k2-systems.com\/es\/#organization","name":"K2 Systems","url":"https:\/\/k2-systems.com\/es\/","logo":{"@type":"ImageObject","inLanguage":"es","@id":"https:\/\/k2-systems.com\/es\/#\/schema\/logo\/image\/","url":"https:\/\/k2-systems.com\/wp-content\/uploads\/2022\/02\/logo_512x512.png","contentUrl":"https:\/\/k2-systems.com\/wp-content\/uploads\/2022\/02\/logo_512x512.png","width":512,"height":512,"caption":"K2 Systems"},"image":{"@id":"https:\/\/k2-systems.com\/es\/#\/schema\/logo\/image\/"}}]}},"_links":{"self":[{"href":"https:\/\/k2-systems.com\/es\/wp-json\/wp\/v2\/product\/24447","targetHints":{"allow":["GET"]}}],"collection":[{"href":"https:\/\/k2-systems.com\/es\/wp-json\/wp\/v2\/product"}],"about":[{"href":"https:\/\/k2-systems.com\/es\/wp-json\/wp\/v2\/types\/product"}],"wp:featuredmedia":[{"embeddable":true,"href":"https:\/\/k2-systems.com\/es\/wp-json\/wp\/v2\/media\/21360"}],"wp:attachment":[{"href":"https:\/\/k2-systems.com\/es\/wp-json\/wp\/v2\/media?parent=24447"}],"wp:term":[{"taxonomy":"product_category","embeddable":true,"href":"https:\/\/k2-systems.com\/es\/wp-json\/wp\/v2\/product_category?post=24447"}],"curies":[{"name":"wp","href":"https:\/\/api.w.org\/{rel}","templated":true}]}}