{"id":8569,"date":"2022-04-22T10:01:13","date_gmt":"2022-04-22T10:01:13","guid":{"rendered":"https:\/\/k2systemswp.local\/produktloesungen\/minirail-minifive\/"},"modified":"2026-03-20T17:36:33","modified_gmt":"2026-03-20T16:36:33","slug":"sistema-minirail-minifive","status":"publish","type":"product","link":"https:\/\/k2-systems.com\/es\/soluciones-de-productos\/sistema-minirail-minifive\/","title":{"rendered":"Sistema K2 MiniRail\/MiniFive"},"content":{"rendered":"","protected":false},"featured_media":19436,"template":"","product_category":[690,692],"class_list":["post-8569","product","type-product","status-publish","has-post-thumbnail","hentry","product_category-sistemas-de-tejados-inclinados","product_category-chapa-trapezoidal-paneles-sandwich"],"acf":[],"yoast_head":"<!-- This site is optimized with the Yoast SEO Premium plugin v27.0 (Yoast SEO v27.0) - https:\/\/yoast.com\/product\/yoast-seo-premium-wordpress\/ -->\n<title>Sistema K2 MiniRail\/MiniFive - K2 Systems<\/title>\n<meta name=\"description\" content=\"El sistema MiniRail para instalaciones fotovolt\u00e1icas es apropiado exclusivamente para chapa trapezoidal. Se puede cambiar la orientaci\u00f3n de los m\u00f3dulos sin piezas adicionales.\" \/>\n<meta name=\"robots\" content=\"index, follow, max-snippet:-1, max-image-preview:large, max-video-preview:-1\" \/>\n<link rel=\"canonical\" href=\"https:\/\/k2-systems.com\/es\/soluciones-de-productos\/sistema-minirail-minifive\/\" \/>\n<meta property=\"og:locale\" content=\"es_ES\" \/>\n<meta property=\"og:type\" content=\"article\" \/>\n<meta property=\"og:title\" content=\"Sistema K2 MiniRail\/MiniFive\" \/>\n<meta property=\"og:description\" content=\"El sistema MiniRail para instalaciones fotovolt\u00e1icas es apropiado exclusivamente para chapa trapezoidal. Se puede cambiar la orientaci\u00f3n de los m\u00f3dulos sin piezas adicionales.\" \/>\n<meta property=\"og:url\" content=\"https:\/\/k2-systems.com\/es\/soluciones-de-productos\/sistema-minirail-minifive\/\" \/>\n<meta property=\"og:site_name\" content=\"K2 Systems\" \/>\n<meta property=\"article:modified_time\" content=\"2026-03-20T16:36:33+00:00\" \/>\n<meta property=\"og:image\" content=\"https:\/\/k2-systems.com\/wp-content\/uploads\/2022\/03\/Roof-types-navigation-MiniRail-1.jpg\" \/>\n\t<meta property=\"og:image:width\" content=\"597\" \/>\n\t<meta property=\"og:image:height\" content=\"400\" \/>\n\t<meta property=\"og:image:type\" content=\"image\/jpeg\" \/>\n<meta name=\"twitter:card\" content=\"summary_large_image\" \/>\n<script type=\"application\/ld+json\" class=\"yoast-schema-graph\">{\"@context\":\"https:\/\/schema.org\",\"@graph\":[{\"@type\":\"WebPage\",\"@id\":\"https:\/\/k2-systems.com\/es\/soluciones-de-productos\/sistema-minirail-minifive\/\",\"url\":\"https:\/\/k2-systems.com\/es\/soluciones-de-productos\/sistema-minirail-minifive\/\",\"name\":\"Sistema K2 MiniRail\/MiniFive - K2 Systems\",\"isPartOf\":{\"@id\":\"https:\/\/k2-systems.com\/es\/#website\"},\"primaryImageOfPage\":{\"@id\":\"https:\/\/k2-systems.com\/es\/soluciones-de-productos\/sistema-minirail-minifive\/#primaryimage\"},\"image\":{\"@id\":\"https:\/\/k2-systems.com\/es\/soluciones-de-productos\/sistema-minirail-minifive\/#primaryimage\"},\"thumbnailUrl\":\"https:\/\/k2-systems.com\/wp-content\/uploads\/2022\/03\/Roof-types-navigation-MiniRail-1.jpg\",\"datePublished\":\"2022-04-22T10:01:13+00:00\",\"dateModified\":\"2026-03-20T16:36:33+00:00\",\"description\":\"El sistema MiniRail para instalaciones fotovolt\u00e1icas es apropiado exclusivamente para chapa trapezoidal. Se puede cambiar la orientaci\u00f3n de los m\u00f3dulos sin piezas adicionales.\",\"breadcrumb\":{\"@id\":\"https:\/\/k2-systems.com\/es\/soluciones-de-productos\/sistema-minirail-minifive\/#breadcrumb\"},\"inLanguage\":\"es\",\"potentialAction\":[{\"@type\":\"ReadAction\",\"target\":[\"https:\/\/k2-systems.com\/es\/soluciones-de-productos\/sistema-minirail-minifive\/\"]}]},{\"@type\":\"ImageObject\",\"inLanguage\":\"es\",\"@id\":\"https:\/\/k2-systems.com\/es\/soluciones-de-productos\/sistema-minirail-minifive\/#primaryimage\",\"url\":\"https:\/\/k2-systems.com\/wp-content\/uploads\/2022\/03\/Roof-types-navigation-MiniRail-1.jpg\",\"contentUrl\":\"https:\/\/k2-systems.com\/wp-content\/uploads\/2022\/03\/Roof-types-navigation-MiniRail-1.jpg\",\"width\":597,\"height\":400},{\"@type\":\"BreadcrumbList\",\"@id\":\"https:\/\/k2-systems.com\/es\/soluciones-de-productos\/sistema-minirail-minifive\/#breadcrumb\",\"itemListElement\":[{\"@type\":\"ListItem\",\"position\":1,\"name\":\"Home\",\"item\":\"https:\/\/k2-systems.com\/es\/\"},{\"@type\":\"ListItem\",\"position\":2,\"name\":\"Sistema K2 MiniRail\/MiniFive\"}]},{\"@type\":\"WebSite\",\"@id\":\"https:\/\/k2-systems.com\/es\/#website\",\"url\":\"https:\/\/k2-systems.com\/es\/\",\"name\":\"K2 Systems\",\"description\":\"K2 Systems WP\",\"publisher\":{\"@id\":\"https:\/\/k2-systems.com\/es\/#organization\"},\"potentialAction\":[{\"@type\":\"SearchAction\",\"target\":{\"@type\":\"EntryPoint\",\"urlTemplate\":\"https:\/\/k2-systems.com\/es\/?s={search_term_string}\"},\"query-input\":{\"@type\":\"PropertyValueSpecification\",\"valueRequired\":true,\"valueName\":\"search_term_string\"}}],\"inLanguage\":\"es\"},{\"@type\":\"Organization\",\"@id\":\"https:\/\/k2-systems.com\/es\/#organization\",\"name\":\"K2 Systems\",\"url\":\"https:\/\/k2-systems.com\/es\/\",\"logo\":{\"@type\":\"ImageObject\",\"inLanguage\":\"es\",\"@id\":\"https:\/\/k2-systems.com\/es\/#\/schema\/logo\/image\/\",\"url\":\"https:\/\/k2-systems.com\/wp-content\/uploads\/2022\/02\/logo_512x512.png\",\"contentUrl\":\"https:\/\/k2-systems.com\/wp-content\/uploads\/2022\/02\/logo_512x512.png\",\"width\":512,\"height\":512,\"caption\":\"K2 Systems\"},\"image\":{\"@id\":\"https:\/\/k2-systems.com\/es\/#\/schema\/logo\/image\/\"}}]}<\/script>\n<!-- \/ Yoast SEO Premium plugin. -->","yoast_head_json":{"title":"Sistema K2 MiniRail\/MiniFive - K2 Systems","description":"El sistema MiniRail para instalaciones fotovolt\u00e1icas es apropiado exclusivamente para chapa trapezoidal. Se puede cambiar la orientaci\u00f3n de los m\u00f3dulos sin piezas adicionales.","robots":{"index":"index","follow":"follow","max-snippet":"max-snippet:-1","max-image-preview":"max-image-preview:large","max-video-preview":"max-video-preview:-1"},"canonical":"https:\/\/k2-systems.com\/es\/soluciones-de-productos\/sistema-minirail-minifive\/","og_locale":"es_ES","og_type":"article","og_title":"Sistema K2 MiniRail\/MiniFive","og_description":"El sistema MiniRail para instalaciones fotovolt\u00e1icas es apropiado exclusivamente para chapa trapezoidal. Se puede cambiar la orientaci\u00f3n de los m\u00f3dulos sin piezas adicionales.","og_url":"https:\/\/k2-systems.com\/es\/soluciones-de-productos\/sistema-minirail-minifive\/","og_site_name":"K2 Systems","article_modified_time":"2026-03-20T16:36:33+00:00","og_image":[{"width":597,"height":400,"url":"https:\/\/k2-systems.com\/wp-content\/uploads\/2022\/03\/Roof-types-navigation-MiniRail-1.jpg","type":"image\/jpeg"}],"twitter_card":"summary_large_image","schema":{"@context":"https:\/\/schema.org","@graph":[{"@type":"WebPage","@id":"https:\/\/k2-systems.com\/es\/soluciones-de-productos\/sistema-minirail-minifive\/","url":"https:\/\/k2-systems.com\/es\/soluciones-de-productos\/sistema-minirail-minifive\/","name":"Sistema K2 MiniRail\/MiniFive - K2 Systems","isPartOf":{"@id":"https:\/\/k2-systems.com\/es\/#website"},"primaryImageOfPage":{"@id":"https:\/\/k2-systems.com\/es\/soluciones-de-productos\/sistema-minirail-minifive\/#primaryimage"},"image":{"@id":"https:\/\/k2-systems.com\/es\/soluciones-de-productos\/sistema-minirail-minifive\/#primaryimage"},"thumbnailUrl":"https:\/\/k2-systems.com\/wp-content\/uploads\/2022\/03\/Roof-types-navigation-MiniRail-1.jpg","datePublished":"2022-04-22T10:01:13+00:00","dateModified":"2026-03-20T16:36:33+00:00","description":"El sistema MiniRail para instalaciones fotovolt\u00e1icas es apropiado exclusivamente para chapa trapezoidal. Se puede cambiar la orientaci\u00f3n de los m\u00f3dulos sin piezas adicionales.","breadcrumb":{"@id":"https:\/\/k2-systems.com\/es\/soluciones-de-productos\/sistema-minirail-minifive\/#breadcrumb"},"inLanguage":"es","potentialAction":[{"@type":"ReadAction","target":["https:\/\/k2-systems.com\/es\/soluciones-de-productos\/sistema-minirail-minifive\/"]}]},{"@type":"ImageObject","inLanguage":"es","@id":"https:\/\/k2-systems.com\/es\/soluciones-de-productos\/sistema-minirail-minifive\/#primaryimage","url":"https:\/\/k2-systems.com\/wp-content\/uploads\/2022\/03\/Roof-types-navigation-MiniRail-1.jpg","contentUrl":"https:\/\/k2-systems.com\/wp-content\/uploads\/2022\/03\/Roof-types-navigation-MiniRail-1.jpg","width":597,"height":400},{"@type":"BreadcrumbList","@id":"https:\/\/k2-systems.com\/es\/soluciones-de-productos\/sistema-minirail-minifive\/#breadcrumb","itemListElement":[{"@type":"ListItem","position":1,"name":"Home","item":"https:\/\/k2-systems.com\/es\/"},{"@type":"ListItem","position":2,"name":"Sistema K2 MiniRail\/MiniFive"}]},{"@type":"WebSite","@id":"https:\/\/k2-systems.com\/es\/#website","url":"https:\/\/k2-systems.com\/es\/","name":"K2 Systems","description":"K2 Systems WP","publisher":{"@id":"https:\/\/k2-systems.com\/es\/#organization"},"potentialAction":[{"@type":"SearchAction","target":{"@type":"EntryPoint","urlTemplate":"https:\/\/k2-systems.com\/es\/?s={search_term_string}"},"query-input":{"@type":"PropertyValueSpecification","valueRequired":true,"valueName":"search_term_string"}}],"inLanguage":"es"},{"@type":"Organization","@id":"https:\/\/k2-systems.com\/es\/#organization","name":"K2 Systems","url":"https:\/\/k2-systems.com\/es\/","logo":{"@type":"ImageObject","inLanguage":"es","@id":"https:\/\/k2-systems.com\/es\/#\/schema\/logo\/image\/","url":"https:\/\/k2-systems.com\/wp-content\/uploads\/2022\/02\/logo_512x512.png","contentUrl":"https:\/\/k2-systems.com\/wp-content\/uploads\/2022\/02\/logo_512x512.png","width":512,"height":512,"caption":"K2 Systems"},"image":{"@id":"https:\/\/k2-systems.com\/es\/#\/schema\/logo\/image\/"}}]}},"_links":{"self":[{"href":"https:\/\/k2-systems.com\/es\/wp-json\/wp\/v2\/product\/8569","targetHints":{"allow":["GET"]}}],"collection":[{"href":"https:\/\/k2-systems.com\/es\/wp-json\/wp\/v2\/product"}],"about":[{"href":"https:\/\/k2-systems.com\/es\/wp-json\/wp\/v2\/types\/product"}],"wp:featuredmedia":[{"embeddable":true,"href":"https:\/\/k2-systems.com\/es\/wp-json\/wp\/v2\/media\/19436"}],"wp:attachment":[{"href":"https:\/\/k2-systems.com\/es\/wp-json\/wp\/v2\/media?parent=8569"}],"wp:term":[{"taxonomy":"product_category","embeddable":true,"href":"https:\/\/k2-systems.com\/es\/wp-json\/wp\/v2\/product_category?post=8569"}],"curies":[{"name":"wp","href":"https:\/\/api.w.org\/{rel}","templated":true}]}}