{"id":110861,"date":"2026-01-13T15:47:15","date_gmt":"2026-01-13T14:47:15","guid":{"rendered":"https:\/\/k2-systems.com\/?page_id=110861"},"modified":"2026-04-01T12:40:35","modified_gmt":"2026-04-01T10:40:35","slug":"k2-pi-rack","status":"publish","type":"page","link":"https:\/\/k2-systems.com\/fr\/solutions-produits\/k2-pi-rack\/","title":{"rendered":"K2 Pi-Rack"},"content":{"rendered":"","protected":false},"excerpt":{"rendered":"","protected":false},"author":53,"featured_media":0,"parent":2619,"menu_order":0,"comment_status":"closed","ping_status":"closed","template":"","meta":{"_acf_changed":false,"content-type":"","footnotes":""},"class_list":["post-110861","page","type-page","status-publish","hentry"],"acf":[],"yoast_head":"<!-- This site is optimized with the Yoast SEO Premium plugin v27.0 (Yoast SEO v27.0) - https:\/\/yoast.com\/product\/yoast-seo-premium-wordpress\/ -->\n<title>K2 Pi-Rack - K2 Systems<\/title>\n<meta name=\"description\" content=\"D\u00e9couvrez le K2 PI-Rack, le nouveau syst\u00e8me de montage pour les grandes installations en plein air. Lancez votre projet d\u00e8s maintenant !\" \/>\n<meta name=\"robots\" content=\"noindex, nofollow\" \/>\n<meta property=\"og:locale\" content=\"fr_FR\" \/>\n<meta property=\"og:type\" content=\"article\" \/>\n<meta property=\"og:title\" content=\"K2 Pi-Rack\" \/>\n<meta property=\"og:description\" content=\"D\u00e9couvrez le K2 PI-Rack, le nouveau syst\u00e8me de montage pour les grandes installations en plein air. Lancez votre projet d\u00e8s maintenant !\" \/>\n<meta property=\"og:url\" content=\"https:\/\/k2-systems.com\/fr\/solutions-produits\/k2-pi-rack\/\" \/>\n<meta property=\"og:site_name\" content=\"K2 Systems\" \/>\n<meta property=\"article:modified_time\" content=\"2026-04-01T10:40:35+00:00\" \/>\n<meta name=\"twitter:card\" content=\"summary_large_image\" \/>\n<script type=\"application\/ld+json\" class=\"yoast-schema-graph\">{\"@context\":\"https:\/\/schema.org\",\"@graph\":[{\"@type\":\"WebPage\",\"@id\":\"https:\/\/k2-systems.com\/fr\/solutions-produits\/k2-pi-rack\/\",\"url\":\"https:\/\/k2-systems.com\/fr\/solutions-produits\/k2-pi-rack\/\",\"name\":\"K2 Pi-Rack - K2 Systems\",\"isPartOf\":{\"@id\":\"https:\/\/k2-systems.com\/fr\/#website\"},\"datePublished\":\"2026-01-13T14:47:15+00:00\",\"dateModified\":\"2026-04-01T10:40:35+00:00\",\"description\":\"D\u00e9couvrez le K2 PI-Rack, le nouveau syst\u00e8me de montage pour les grandes installations en plein air. Lancez votre projet d\u00e8s maintenant !\",\"breadcrumb\":{\"@id\":\"https:\/\/k2-systems.com\/fr\/solutions-produits\/k2-pi-rack\/#breadcrumb\"},\"inLanguage\":\"fr-FR\",\"potentialAction\":[{\"@type\":\"ReadAction\",\"target\":[\"https:\/\/k2-systems.com\/fr\/solutions-produits\/k2-pi-rack\/\"]}]},{\"@type\":\"BreadcrumbList\",\"@id\":\"https:\/\/k2-systems.com\/fr\/solutions-produits\/k2-pi-rack\/#breadcrumb\",\"itemListElement\":[{\"@type\":\"ListItem\",\"position\":1,\"name\":\"Home\",\"item\":\"https:\/\/k2-systems.com\/fr\/\"},{\"@type\":\"ListItem\",\"position\":2,\"name\":\"Syst\u00e8mes de montage\",\"item\":\"https:\/\/k2-systems.com\/fr\/solutions-produits\/\"},{\"@type\":\"ListItem\",\"position\":3,\"name\":\"K2 Pi-Rack\"}]},{\"@type\":\"WebSite\",\"@id\":\"https:\/\/k2-systems.com\/fr\/#website\",\"url\":\"https:\/\/k2-systems.com\/fr\/\",\"name\":\"K2 Systems\",\"description\":\"K2 Systems WP\",\"publisher\":{\"@id\":\"https:\/\/k2-systems.com\/fr\/#organization\"},\"potentialAction\":[{\"@type\":\"SearchAction\",\"target\":{\"@type\":\"EntryPoint\",\"urlTemplate\":\"https:\/\/k2-systems.com\/fr\/?s={search_term_string}\"},\"query-input\":{\"@type\":\"PropertyValueSpecification\",\"valueRequired\":true,\"valueName\":\"search_term_string\"}}],\"inLanguage\":\"fr-FR\"},{\"@type\":\"Organization\",\"@id\":\"https:\/\/k2-systems.com\/fr\/#organization\",\"name\":\"K2 Systems\",\"url\":\"https:\/\/k2-systems.com\/fr\/\",\"logo\":{\"@type\":\"ImageObject\",\"inLanguage\":\"fr-FR\",\"@id\":\"https:\/\/k2-systems.com\/fr\/#\/schema\/logo\/image\/\",\"url\":\"https:\/\/k2-systems.com\/wp-content\/uploads\/2022\/02\/logo_512x512.png\",\"contentUrl\":\"https:\/\/k2-systems.com\/wp-content\/uploads\/2022\/02\/logo_512x512.png\",\"width\":512,\"height\":512,\"caption\":\"K2 Systems\"},\"image\":{\"@id\":\"https:\/\/k2-systems.com\/fr\/#\/schema\/logo\/image\/\"}}]}<\/script>\n<!-- \/ Yoast SEO Premium plugin. -->","yoast_head_json":{"title":"K2 Pi-Rack - K2 Systems","description":"D\u00e9couvrez le K2 PI-Rack, le nouveau syst\u00e8me de montage pour les grandes installations en plein air. Lancez votre projet d\u00e8s maintenant !","robots":{"index":"noindex","follow":"nofollow"},"og_locale":"fr_FR","og_type":"article","og_title":"K2 Pi-Rack","og_description":"D\u00e9couvrez le K2 PI-Rack, le nouveau syst\u00e8me de montage pour les grandes installations en plein air. Lancez votre projet d\u00e8s maintenant !","og_url":"https:\/\/k2-systems.com\/fr\/solutions-produits\/k2-pi-rack\/","og_site_name":"K2 Systems","article_modified_time":"2026-04-01T10:40:35+00:00","twitter_card":"summary_large_image","schema":{"@context":"https:\/\/schema.org","@graph":[{"@type":"WebPage","@id":"https:\/\/k2-systems.com\/fr\/solutions-produits\/k2-pi-rack\/","url":"https:\/\/k2-systems.com\/fr\/solutions-produits\/k2-pi-rack\/","name":"K2 Pi-Rack - K2 Systems","isPartOf":{"@id":"https:\/\/k2-systems.com\/fr\/#website"},"datePublished":"2026-01-13T14:47:15+00:00","dateModified":"2026-04-01T10:40:35+00:00","description":"D\u00e9couvrez le K2 PI-Rack, le nouveau syst\u00e8me de montage pour les grandes installations en plein air. Lancez votre projet d\u00e8s maintenant !","breadcrumb":{"@id":"https:\/\/k2-systems.com\/fr\/solutions-produits\/k2-pi-rack\/#breadcrumb"},"inLanguage":"fr-FR","potentialAction":[{"@type":"ReadAction","target":["https:\/\/k2-systems.com\/fr\/solutions-produits\/k2-pi-rack\/"]}]},{"@type":"BreadcrumbList","@id":"https:\/\/k2-systems.com\/fr\/solutions-produits\/k2-pi-rack\/#breadcrumb","itemListElement":[{"@type":"ListItem","position":1,"name":"Home","item":"https:\/\/k2-systems.com\/fr\/"},{"@type":"ListItem","position":2,"name":"Syst\u00e8mes de montage","item":"https:\/\/k2-systems.com\/fr\/solutions-produits\/"},{"@type":"ListItem","position":3,"name":"K2 Pi-Rack"}]},{"@type":"WebSite","@id":"https:\/\/k2-systems.com\/fr\/#website","url":"https:\/\/k2-systems.com\/fr\/","name":"K2 Systems","description":"K2 Systems WP","publisher":{"@id":"https:\/\/k2-systems.com\/fr\/#organization"},"potentialAction":[{"@type":"SearchAction","target":{"@type":"EntryPoint","urlTemplate":"https:\/\/k2-systems.com\/fr\/?s={search_term_string}"},"query-input":{"@type":"PropertyValueSpecification","valueRequired":true,"valueName":"search_term_string"}}],"inLanguage":"fr-FR"},{"@type":"Organization","@id":"https:\/\/k2-systems.com\/fr\/#organization","name":"K2 Systems","url":"https:\/\/k2-systems.com\/fr\/","logo":{"@type":"ImageObject","inLanguage":"fr-FR","@id":"https:\/\/k2-systems.com\/fr\/#\/schema\/logo\/image\/","url":"https:\/\/k2-systems.com\/wp-content\/uploads\/2022\/02\/logo_512x512.png","contentUrl":"https:\/\/k2-systems.com\/wp-content\/uploads\/2022\/02\/logo_512x512.png","width":512,"height":512,"caption":"K2 Systems"},"image":{"@id":"https:\/\/k2-systems.com\/fr\/#\/schema\/logo\/image\/"}}]}},"_links":{"self":[{"href":"https:\/\/k2-systems.com\/fr\/wp-json\/wp\/v2\/pages\/110861","targetHints":{"allow":["GET"]}}],"collection":[{"href":"https:\/\/k2-systems.com\/fr\/wp-json\/wp\/v2\/pages"}],"about":[{"href":"https:\/\/k2-systems.com\/fr\/wp-json\/wp\/v2\/types\/page"}],"author":[{"embeddable":true,"href":"https:\/\/k2-systems.com\/fr\/wp-json\/wp\/v2\/users\/53"}],"replies":[{"embeddable":true,"href":"https:\/\/k2-systems.com\/fr\/wp-json\/wp\/v2\/comments?post=110861"}],"version-history":[{"count":0,"href":"https:\/\/k2-systems.com\/fr\/wp-json\/wp\/v2\/pages\/110861\/revisions"}],"up":[{"embeddable":true,"href":"https:\/\/k2-systems.com\/fr\/wp-json\/wp\/v2\/pages\/2619"}],"wp:attachment":[{"href":"https:\/\/k2-systems.com\/fr\/wp-json\/wp\/v2\/media?parent=110861"}],"curies":[{"name":"wp","href":"https:\/\/api.w.org\/{rel}","templated":true}]}}