{"id":25281,"date":"2022-08-16T15:36:45","date_gmt":"2022-08-16T13:36:45","guid":{"rendered":"https:\/\/k2-systems.com\/solutions-produits\/accesorios\/"},"modified":"2024-03-04T13:58:41","modified_gmt":"2024-03-04T12:58:41","slug":"accessoires","status":"publish","type":"page","link":"https:\/\/k2-systems.com\/fr\/solutions-produits\/accessoires\/","title":{"rendered":"Accessoires"},"content":{"rendered":"","protected":false},"excerpt":{"rendered":"","protected":false},"author":12,"featured_media":0,"parent":2619,"menu_order":0,"comment_status":"closed","ping_status":"closed","template":"","meta":{"_acf_changed":false,"content-type":"","footnotes":""},"class_list":["post-25281","page","type-page","status-publish","hentry"],"acf":[],"yoast_head":"<!-- This site is optimized with the Yoast SEO Premium plugin v27.0 (Yoast SEO v27.0) - https:\/\/yoast.com\/product\/yoast-seo-premium-wordpress\/ -->\n<title>Accessoires - K2 Systems<\/title>\n<meta name=\"description\" content=\"Composants optionnels pour les syst\u00e8mes de montage K2 : protection contre la foudre et l&#039;\u00e9galisation des potentiels, protection contre les chutes, coefficients de friction ainsi que gestion des c\u00e2bles.\" \/>\n<meta name=\"robots\" content=\"index, follow, max-snippet:-1, max-image-preview:large, max-video-preview:-1\" \/>\n<link rel=\"canonical\" href=\"https:\/\/k2-systems.com\/fr\/solutions-produits\/accessoires\/\" \/>\n<meta property=\"og:locale\" content=\"fr_FR\" \/>\n<meta property=\"og:type\" content=\"article\" \/>\n<meta property=\"og:title\" content=\"Accessoires\" \/>\n<meta property=\"og:description\" content=\"Composants optionnels pour les syst\u00e8mes de montage K2 : protection contre la foudre et l&#039;\u00e9galisation des potentiels, protection contre les chutes, coefficients de friction ainsi que gestion des c\u00e2bles.\" \/>\n<meta property=\"og:url\" content=\"https:\/\/k2-systems.com\/fr\/solutions-produits\/accessoires\/\" \/>\n<meta property=\"og:site_name\" content=\"K2 Systems\" \/>\n<meta property=\"article:modified_time\" content=\"2024-03-04T12:58:41+00:00\" \/>\n<meta property=\"og:image\" content=\"https:\/\/k2-systems.com\/wp-content\/uploads\/2022\/04\/Accessories-feature.jpg\" \/>\n\t<meta property=\"og:image:width\" content=\"912\" \/>\n\t<meta property=\"og:image:height\" content=\"818\" \/>\n\t<meta property=\"og:image:type\" content=\"image\/jpeg\" \/>\n<meta name=\"twitter:card\" content=\"summary_large_image\" \/>\n<script type=\"application\/ld+json\" class=\"yoast-schema-graph\">{\"@context\":\"https:\/\/schema.org\",\"@graph\":[{\"@type\":\"WebPage\",\"@id\":\"https:\/\/k2-systems.com\/fr\/solutions-produits\/accessoires\/\",\"url\":\"https:\/\/k2-systems.com\/fr\/solutions-produits\/accessoires\/\",\"name\":\"Accessoires - K2 Systems\",\"isPartOf\":{\"@id\":\"https:\/\/k2-systems.com\/fr\/#website\"},\"datePublished\":\"2022-08-16T13:36:45+00:00\",\"dateModified\":\"2024-03-04T12:58:41+00:00\",\"description\":\"Composants optionnels pour les syst\u00e8mes de montage K2 : protection contre la foudre et l'\u00e9galisation des potentiels, protection contre les chutes, coefficients de friction ainsi que gestion des c\u00e2bles.\",\"breadcrumb\":{\"@id\":\"https:\/\/k2-systems.com\/fr\/solutions-produits\/accessoires\/#breadcrumb\"},\"inLanguage\":\"fr-FR\",\"potentialAction\":[{\"@type\":\"ReadAction\",\"target\":[\"https:\/\/k2-systems.com\/fr\/solutions-produits\/accessoires\/\"]}]},{\"@type\":\"BreadcrumbList\",\"@id\":\"https:\/\/k2-systems.com\/fr\/solutions-produits\/accessoires\/#breadcrumb\",\"itemListElement\":[{\"@type\":\"ListItem\",\"position\":1,\"name\":\"Home\",\"item\":\"https:\/\/k2-systems.com\/fr\/\"},{\"@type\":\"ListItem\",\"position\":2,\"name\":\"Syst\u00e8mes de montage\",\"item\":\"https:\/\/k2-systems.com\/fr\/solutions-produits\/\"},{\"@type\":\"ListItem\",\"position\":3,\"name\":\"Accessoires\"}]},{\"@type\":\"WebSite\",\"@id\":\"https:\/\/k2-systems.com\/fr\/#website\",\"url\":\"https:\/\/k2-systems.com\/fr\/\",\"name\":\"K2 Systems\",\"description\":\"K2 Systems WP\",\"publisher\":{\"@id\":\"https:\/\/k2-systems.com\/fr\/#organization\"},\"potentialAction\":[{\"@type\":\"SearchAction\",\"target\":{\"@type\":\"EntryPoint\",\"urlTemplate\":\"https:\/\/k2-systems.com\/fr\/?s={search_term_string}\"},\"query-input\":{\"@type\":\"PropertyValueSpecification\",\"valueRequired\":true,\"valueName\":\"search_term_string\"}}],\"inLanguage\":\"fr-FR\"},{\"@type\":\"Organization\",\"@id\":\"https:\/\/k2-systems.com\/fr\/#organization\",\"name\":\"K2 Systems\",\"url\":\"https:\/\/k2-systems.com\/fr\/\",\"logo\":{\"@type\":\"ImageObject\",\"inLanguage\":\"fr-FR\",\"@id\":\"https:\/\/k2-systems.com\/fr\/#\/schema\/logo\/image\/\",\"url\":\"https:\/\/k2-systems.com\/wp-content\/uploads\/2022\/02\/logo_512x512.png\",\"contentUrl\":\"https:\/\/k2-systems.com\/wp-content\/uploads\/2022\/02\/logo_512x512.png\",\"width\":512,\"height\":512,\"caption\":\"K2 Systems\"},\"image\":{\"@id\":\"https:\/\/k2-systems.com\/fr\/#\/schema\/logo\/image\/\"}}]}<\/script>\n<!-- \/ Yoast SEO Premium plugin. -->","yoast_head_json":{"title":"Accessoires - K2 Systems","description":"Composants optionnels pour les syst\u00e8mes de montage K2 : protection contre la foudre et l'\u00e9galisation des potentiels, protection contre les chutes, coefficients de friction ainsi que gestion des c\u00e2bles.","robots":{"index":"index","follow":"follow","max-snippet":"max-snippet:-1","max-image-preview":"max-image-preview:large","max-video-preview":"max-video-preview:-1"},"canonical":"https:\/\/k2-systems.com\/fr\/solutions-produits\/accessoires\/","og_locale":"fr_FR","og_type":"article","og_title":"Accessoires","og_description":"Composants optionnels pour les syst\u00e8mes de montage K2 : protection contre la foudre et l'\u00e9galisation des potentiels, protection contre les chutes, coefficients de friction ainsi que gestion des c\u00e2bles.","og_url":"https:\/\/k2-systems.com\/fr\/solutions-produits\/accessoires\/","og_site_name":"K2 Systems","article_modified_time":"2024-03-04T12:58:41+00:00","og_image":[{"width":912,"height":818,"url":"https:\/\/k2-systems.com\/wp-content\/uploads\/2022\/04\/Accessories-feature.jpg","type":"image\/jpeg"}],"twitter_card":"summary_large_image","schema":{"@context":"https:\/\/schema.org","@graph":[{"@type":"WebPage","@id":"https:\/\/k2-systems.com\/fr\/solutions-produits\/accessoires\/","url":"https:\/\/k2-systems.com\/fr\/solutions-produits\/accessoires\/","name":"Accessoires - K2 Systems","isPartOf":{"@id":"https:\/\/k2-systems.com\/fr\/#website"},"datePublished":"2022-08-16T13:36:45+00:00","dateModified":"2024-03-04T12:58:41+00:00","description":"Composants optionnels pour les syst\u00e8mes de montage K2 : protection contre la foudre et l'\u00e9galisation des potentiels, protection contre les chutes, coefficients de friction ainsi que gestion des c\u00e2bles.","breadcrumb":{"@id":"https:\/\/k2-systems.com\/fr\/solutions-produits\/accessoires\/#breadcrumb"},"inLanguage":"fr-FR","potentialAction":[{"@type":"ReadAction","target":["https:\/\/k2-systems.com\/fr\/solutions-produits\/accessoires\/"]}]},{"@type":"BreadcrumbList","@id":"https:\/\/k2-systems.com\/fr\/solutions-produits\/accessoires\/#breadcrumb","itemListElement":[{"@type":"ListItem","position":1,"name":"Home","item":"https:\/\/k2-systems.com\/fr\/"},{"@type":"ListItem","position":2,"name":"Syst\u00e8mes de montage","item":"https:\/\/k2-systems.com\/fr\/solutions-produits\/"},{"@type":"ListItem","position":3,"name":"Accessoires"}]},{"@type":"WebSite","@id":"https:\/\/k2-systems.com\/fr\/#website","url":"https:\/\/k2-systems.com\/fr\/","name":"K2 Systems","description":"K2 Systems WP","publisher":{"@id":"https:\/\/k2-systems.com\/fr\/#organization"},"potentialAction":[{"@type":"SearchAction","target":{"@type":"EntryPoint","urlTemplate":"https:\/\/k2-systems.com\/fr\/?s={search_term_string}"},"query-input":{"@type":"PropertyValueSpecification","valueRequired":true,"valueName":"search_term_string"}}],"inLanguage":"fr-FR"},{"@type":"Organization","@id":"https:\/\/k2-systems.com\/fr\/#organization","name":"K2 Systems","url":"https:\/\/k2-systems.com\/fr\/","logo":{"@type":"ImageObject","inLanguage":"fr-FR","@id":"https:\/\/k2-systems.com\/fr\/#\/schema\/logo\/image\/","url":"https:\/\/k2-systems.com\/wp-content\/uploads\/2022\/02\/logo_512x512.png","contentUrl":"https:\/\/k2-systems.com\/wp-content\/uploads\/2022\/02\/logo_512x512.png","width":512,"height":512,"caption":"K2 Systems"},"image":{"@id":"https:\/\/k2-systems.com\/fr\/#\/schema\/logo\/image\/"}}]}},"_links":{"self":[{"href":"https:\/\/k2-systems.com\/fr\/wp-json\/wp\/v2\/pages\/25281","targetHints":{"allow":["GET"]}}],"collection":[{"href":"https:\/\/k2-systems.com\/fr\/wp-json\/wp\/v2\/pages"}],"about":[{"href":"https:\/\/k2-systems.com\/fr\/wp-json\/wp\/v2\/types\/page"}],"author":[{"embeddable":true,"href":"https:\/\/k2-systems.com\/fr\/wp-json\/wp\/v2\/users\/12"}],"replies":[{"embeddable":true,"href":"https:\/\/k2-systems.com\/fr\/wp-json\/wp\/v2\/comments?post=25281"}],"version-history":[{"count":0,"href":"https:\/\/k2-systems.com\/fr\/wp-json\/wp\/v2\/pages\/25281\/revisions"}],"up":[{"embeddable":true,"href":"https:\/\/k2-systems.com\/fr\/wp-json\/wp\/v2\/pages\/2619"}],"wp:attachment":[{"href":"https:\/\/k2-systems.com\/fr\/wp-json\/wp\/v2\/media?parent=25281"}],"curies":[{"name":"wp","href":"https:\/\/api.w.org\/{rel}","templated":true}]}}