{"id":46078,"date":"2023-01-03T11:33:38","date_gmt":"2023-01-03T10:33:38","guid":{"rendered":"https:\/\/k2-systems.com\/?page_id=46078"},"modified":"2025-07-16T07:51:59","modified_gmt":"2025-07-16T05:51:59","slug":"questions-frequemment-posees","status":"publish","type":"page","link":"https:\/\/k2-systems.com\/fr\/connaissances-formations\/questions-frequemment-posees\/","title":{"rendered":"Questions fr\u00e9quemment pos\u00e9es"},"content":{"rendered":"","protected":false},"excerpt":{"rendered":"","protected":false},"author":10,"featured_media":0,"parent":45871,"menu_order":7,"comment_status":"closed","ping_status":"closed","template":"","meta":{"_acf_changed":false,"content-type":"","footnotes":""},"class_list":["post-46078","page","type-page","status-publish","hentry"],"acf":[],"yoast_head":"<!-- This site is optimized with the Yoast SEO Premium plugin v27.0 (Yoast SEO v27.0) - https:\/\/yoast.com\/product\/yoast-seo-premium-wordpress\/ -->\n<title>Questions fr\u00e9quemment pos\u00e9es - K2 Systems<\/title>\n<meta name=\"description\" content=\"Vous trouverez ici les questions les plus fr\u00e9quemment pos\u00e9es sur K2 Base et DocuApp. Nous vous aidons \u00e9galement \u00e0 r\u00e9soudre vos probl\u00e8mes de planification PV et vous pouvez utiliser notre chat sherpa.\" \/>\n<meta name=\"robots\" content=\"index, follow, max-snippet:-1, max-image-preview:large, max-video-preview:-1\" \/>\n<link rel=\"canonical\" href=\"https:\/\/k2-systems.com\/fr\/connaissances-formations\/questions-frequemment-posees\/\" \/>\n<meta property=\"og:locale\" content=\"fr_FR\" \/>\n<meta property=\"og:type\" content=\"article\" \/>\n<meta property=\"og:title\" content=\"Questions fr\u00e9quemment pos\u00e9es\" \/>\n<meta property=\"og:description\" content=\"Vous trouverez ici les questions les plus fr\u00e9quemment pos\u00e9es sur K2 Base et DocuApp. Nous vous aidons \u00e9galement \u00e0 r\u00e9soudre vos probl\u00e8mes de planification PV et vous pouvez utiliser notre chat sherpa.\" \/>\n<meta property=\"og:url\" content=\"https:\/\/k2-systems.com\/fr\/connaissances-formations\/questions-frequemment-posees\/\" \/>\n<meta property=\"og:site_name\" content=\"K2 Systems\" \/>\n<meta property=\"article:modified_time\" content=\"2025-07-16T05:51:59+00:00\" \/>\n<meta property=\"og:image\" content=\"https:\/\/k2-systems.com\/wp-content\/uploads\/2022\/03\/FAQs-header.jpg\" \/>\n\t<meta property=\"og:image:width\" content=\"912\" \/>\n\t<meta property=\"og:image:height\" content=\"840\" \/>\n\t<meta property=\"og:image:type\" content=\"image\/jpeg\" \/>\n<meta name=\"twitter:card\" content=\"summary_large_image\" \/>\n<script type=\"application\/ld+json\" class=\"yoast-schema-graph\">{\"@context\":\"https:\/\/schema.org\",\"@graph\":[{\"@type\":\"WebPage\",\"@id\":\"https:\/\/k2-systems.com\/fr\/connaissances-formations\/questions-frequemment-posees\/\",\"url\":\"https:\/\/k2-systems.com\/fr\/connaissances-formations\/questions-frequemment-posees\/\",\"name\":\"Questions fr\u00e9quemment pos\u00e9es - K2 Systems\",\"isPartOf\":{\"@id\":\"https:\/\/k2-systems.com\/fr\/#website\"},\"datePublished\":\"2023-01-03T10:33:38+00:00\",\"dateModified\":\"2025-07-16T05:51:59+00:00\",\"description\":\"Vous trouverez ici les questions les plus fr\u00e9quemment pos\u00e9es sur K2 Base et DocuApp. Nous vous aidons \u00e9galement \u00e0 r\u00e9soudre vos probl\u00e8mes de planification PV et vous pouvez utiliser notre chat sherpa.\",\"breadcrumb\":{\"@id\":\"https:\/\/k2-systems.com\/fr\/connaissances-formations\/questions-frequemment-posees\/#breadcrumb\"},\"inLanguage\":\"fr-FR\",\"potentialAction\":[{\"@type\":\"ReadAction\",\"target\":[\"https:\/\/k2-systems.com\/fr\/connaissances-formations\/questions-frequemment-posees\/\"]}]},{\"@type\":\"BreadcrumbList\",\"@id\":\"https:\/\/k2-systems.com\/fr\/connaissances-formations\/questions-frequemment-posees\/#breadcrumb\",\"itemListElement\":[{\"@type\":\"ListItem\",\"position\":1,\"name\":\"Home\",\"item\":\"https:\/\/k2-systems.com\/fr\/\"},{\"@type\":\"ListItem\",\"position\":2,\"name\":\"Connaissances &#038; Formations\",\"item\":\"https:\/\/k2-systems.com\/fr\/connaissances-formations\/\"},{\"@type\":\"ListItem\",\"position\":3,\"name\":\"Questions fr\u00e9quemment pos\u00e9es\"}]},{\"@type\":\"WebSite\",\"@id\":\"https:\/\/k2-systems.com\/fr\/#website\",\"url\":\"https:\/\/k2-systems.com\/fr\/\",\"name\":\"K2 Systems\",\"description\":\"K2 Systems WP\",\"publisher\":{\"@id\":\"https:\/\/k2-systems.com\/fr\/#organization\"},\"potentialAction\":[{\"@type\":\"SearchAction\",\"target\":{\"@type\":\"EntryPoint\",\"urlTemplate\":\"https:\/\/k2-systems.com\/fr\/?s={search_term_string}\"},\"query-input\":{\"@type\":\"PropertyValueSpecification\",\"valueRequired\":true,\"valueName\":\"search_term_string\"}}],\"inLanguage\":\"fr-FR\"},{\"@type\":\"Organization\",\"@id\":\"https:\/\/k2-systems.com\/fr\/#organization\",\"name\":\"K2 Systems\",\"url\":\"https:\/\/k2-systems.com\/fr\/\",\"logo\":{\"@type\":\"ImageObject\",\"inLanguage\":\"fr-FR\",\"@id\":\"https:\/\/k2-systems.com\/fr\/#\/schema\/logo\/image\/\",\"url\":\"https:\/\/k2-systems.com\/wp-content\/uploads\/2022\/02\/logo_512x512.png\",\"contentUrl\":\"https:\/\/k2-systems.com\/wp-content\/uploads\/2022\/02\/logo_512x512.png\",\"width\":512,\"height\":512,\"caption\":\"K2 Systems\"},\"image\":{\"@id\":\"https:\/\/k2-systems.com\/fr\/#\/schema\/logo\/image\/\"}}]}<\/script>\n<!-- \/ Yoast SEO Premium plugin. -->","yoast_head_json":{"title":"Questions fr\u00e9quemment pos\u00e9es - K2 Systems","description":"Vous trouverez ici les questions les plus fr\u00e9quemment pos\u00e9es sur K2 Base et DocuApp. Nous vous aidons \u00e9galement \u00e0 r\u00e9soudre vos probl\u00e8mes de planification PV et vous pouvez utiliser notre chat sherpa.","robots":{"index":"index","follow":"follow","max-snippet":"max-snippet:-1","max-image-preview":"max-image-preview:large","max-video-preview":"max-video-preview:-1"},"canonical":"https:\/\/k2-systems.com\/fr\/connaissances-formations\/questions-frequemment-posees\/","og_locale":"fr_FR","og_type":"article","og_title":"Questions fr\u00e9quemment pos\u00e9es","og_description":"Vous trouverez ici les questions les plus fr\u00e9quemment pos\u00e9es sur K2 Base et DocuApp. Nous vous aidons \u00e9galement \u00e0 r\u00e9soudre vos probl\u00e8mes de planification PV et vous pouvez utiliser notre chat sherpa.","og_url":"https:\/\/k2-systems.com\/fr\/connaissances-formations\/questions-frequemment-posees\/","og_site_name":"K2 Systems","article_modified_time":"2025-07-16T05:51:59+00:00","og_image":[{"width":912,"height":840,"url":"https:\/\/k2-systems.com\/wp-content\/uploads\/2022\/03\/FAQs-header.jpg","type":"image\/jpeg"}],"twitter_card":"summary_large_image","schema":{"@context":"https:\/\/schema.org","@graph":[{"@type":"WebPage","@id":"https:\/\/k2-systems.com\/fr\/connaissances-formations\/questions-frequemment-posees\/","url":"https:\/\/k2-systems.com\/fr\/connaissances-formations\/questions-frequemment-posees\/","name":"Questions fr\u00e9quemment pos\u00e9es - K2 Systems","isPartOf":{"@id":"https:\/\/k2-systems.com\/fr\/#website"},"datePublished":"2023-01-03T10:33:38+00:00","dateModified":"2025-07-16T05:51:59+00:00","description":"Vous trouverez ici les questions les plus fr\u00e9quemment pos\u00e9es sur K2 Base et DocuApp. Nous vous aidons \u00e9galement \u00e0 r\u00e9soudre vos probl\u00e8mes de planification PV et vous pouvez utiliser notre chat sherpa.","breadcrumb":{"@id":"https:\/\/k2-systems.com\/fr\/connaissances-formations\/questions-frequemment-posees\/#breadcrumb"},"inLanguage":"fr-FR","potentialAction":[{"@type":"ReadAction","target":["https:\/\/k2-systems.com\/fr\/connaissances-formations\/questions-frequemment-posees\/"]}]},{"@type":"BreadcrumbList","@id":"https:\/\/k2-systems.com\/fr\/connaissances-formations\/questions-frequemment-posees\/#breadcrumb","itemListElement":[{"@type":"ListItem","position":1,"name":"Home","item":"https:\/\/k2-systems.com\/fr\/"},{"@type":"ListItem","position":2,"name":"Connaissances &#038; Formations","item":"https:\/\/k2-systems.com\/fr\/connaissances-formations\/"},{"@type":"ListItem","position":3,"name":"Questions fr\u00e9quemment pos\u00e9es"}]},{"@type":"WebSite","@id":"https:\/\/k2-systems.com\/fr\/#website","url":"https:\/\/k2-systems.com\/fr\/","name":"K2 Systems","description":"K2 Systems WP","publisher":{"@id":"https:\/\/k2-systems.com\/fr\/#organization"},"potentialAction":[{"@type":"SearchAction","target":{"@type":"EntryPoint","urlTemplate":"https:\/\/k2-systems.com\/fr\/?s={search_term_string}"},"query-input":{"@type":"PropertyValueSpecification","valueRequired":true,"valueName":"search_term_string"}}],"inLanguage":"fr-FR"},{"@type":"Organization","@id":"https:\/\/k2-systems.com\/fr\/#organization","name":"K2 Systems","url":"https:\/\/k2-systems.com\/fr\/","logo":{"@type":"ImageObject","inLanguage":"fr-FR","@id":"https:\/\/k2-systems.com\/fr\/#\/schema\/logo\/image\/","url":"https:\/\/k2-systems.com\/wp-content\/uploads\/2022\/02\/logo_512x512.png","contentUrl":"https:\/\/k2-systems.com\/wp-content\/uploads\/2022\/02\/logo_512x512.png","width":512,"height":512,"caption":"K2 Systems"},"image":{"@id":"https:\/\/k2-systems.com\/fr\/#\/schema\/logo\/image\/"}}]}},"_links":{"self":[{"href":"https:\/\/k2-systems.com\/fr\/wp-json\/wp\/v2\/pages\/46078","targetHints":{"allow":["GET"]}}],"collection":[{"href":"https:\/\/k2-systems.com\/fr\/wp-json\/wp\/v2\/pages"}],"about":[{"href":"https:\/\/k2-systems.com\/fr\/wp-json\/wp\/v2\/types\/page"}],"author":[{"embeddable":true,"href":"https:\/\/k2-systems.com\/fr\/wp-json\/wp\/v2\/users\/10"}],"replies":[{"embeddable":true,"href":"https:\/\/k2-systems.com\/fr\/wp-json\/wp\/v2\/comments?post=46078"}],"version-history":[{"count":0,"href":"https:\/\/k2-systems.com\/fr\/wp-json\/wp\/v2\/pages\/46078\/revisions"}],"up":[{"embeddable":true,"href":"https:\/\/k2-systems.com\/fr\/wp-json\/wp\/v2\/pages\/45871"}],"wp:attachment":[{"href":"https:\/\/k2-systems.com\/fr\/wp-json\/wp\/v2\/media?parent=46078"}],"curies":[{"name":"wp","href":"https:\/\/api.w.org\/{rel}","templated":true}]}}