{"id":24508,"date":"2022-08-11T08:38:48","date_gmt":"2022-08-11T06:38:48","guid":{"rendered":"https:\/\/k2-systems.com\/produktloesungen\/cable-management\/"},"modified":"2022-08-31T09:46:35","modified_gmt":"2022-08-31T07:46:35","slug":"gestion-des-cables","status":"publish","type":"product","link":"https:\/\/k2-systems.com\/fr\/solutions-de-produits\/gestion-des-cables\/","title":{"rendered":"Gestion des c\u00e2bles"},"content":{"rendered":"","protected":false},"featured_media":0,"template":"","product_category":[],"class_list":["post-24508","product","type-product","status-publish","hentry"],"acf":[],"yoast_head":"<!-- This site is optimized with the Yoast SEO Premium plugin v27.0 (Yoast SEO v27.0) - https:\/\/yoast.com\/product\/yoast-seo-premium-wordpress\/ -->\n<title>Gestion des c\u00e2bles - K2 Systems<\/title>\n<meta name=\"description\" content=\"Nos diff\u00e9rentes options de gestion des c\u00e2bles permettent un placement ordonn\u00e9 et facile directement sur le syst\u00e8me PV.\" \/>\n<meta name=\"robots\" content=\"index, follow, max-snippet:-1, max-image-preview:large, max-video-preview:-1\" \/>\n<link rel=\"canonical\" href=\"https:\/\/k2-systems.com\/fr\/solutions-de-produits\/gestion-des-cables\/\" \/>\n<meta property=\"og:locale\" content=\"fr_FR\" \/>\n<meta property=\"og:type\" content=\"article\" \/>\n<meta property=\"og:title\" content=\"Gestion des c\u00e2bles\" \/>\n<meta property=\"og:description\" content=\"Nos diff\u00e9rentes options de gestion des c\u00e2bles permettent un placement ordonn\u00e9 et facile directement sur le syst\u00e8me PV.\" \/>\n<meta property=\"og:url\" content=\"https:\/\/k2-systems.com\/fr\/solutions-de-produits\/gestion-des-cables\/\" \/>\n<meta property=\"og:site_name\" content=\"K2 Systems\" \/>\n<meta property=\"article:modified_time\" content=\"2022-08-31T07:46:35+00:00\" \/>\n<meta property=\"og:image\" content=\"https:\/\/k2-systems.com\/wp-content\/uploads\/2022\/08\/Cable-Manager.jpg\" \/>\n\t<meta property=\"og:image:width\" content=\"1369\" \/>\n\t<meta property=\"og:image:height\" content=\"1200\" \/>\n\t<meta property=\"og:image:type\" content=\"image\/jpeg\" \/>\n<meta name=\"twitter:card\" content=\"summary_large_image\" \/>\n<script type=\"application\/ld+json\" class=\"yoast-schema-graph\">{\"@context\":\"https:\/\/schema.org\",\"@graph\":[{\"@type\":\"WebPage\",\"@id\":\"https:\/\/k2-systems.com\/fr\/solutions-de-produits\/gestion-des-cables\/\",\"url\":\"https:\/\/k2-systems.com\/fr\/solutions-de-produits\/gestion-des-cables\/\",\"name\":\"Gestion des c\u00e2bles - K2 Systems\",\"isPartOf\":{\"@id\":\"https:\/\/k2-systems.com\/fr\/#website\"},\"datePublished\":\"2022-08-11T06:38:48+00:00\",\"dateModified\":\"2022-08-31T07:46:35+00:00\",\"description\":\"Nos diff\u00e9rentes options de gestion des c\u00e2bles permettent un placement ordonn\u00e9 et facile directement sur le syst\u00e8me PV.\",\"breadcrumb\":{\"@id\":\"https:\/\/k2-systems.com\/fr\/solutions-de-produits\/gestion-des-cables\/#breadcrumb\"},\"inLanguage\":\"fr-FR\",\"potentialAction\":[{\"@type\":\"ReadAction\",\"target\":[\"https:\/\/k2-systems.com\/fr\/solutions-de-produits\/gestion-des-cables\/\"]}]},{\"@type\":\"BreadcrumbList\",\"@id\":\"https:\/\/k2-systems.com\/fr\/solutions-de-produits\/gestion-des-cables\/#breadcrumb\",\"itemListElement\":[{\"@type\":\"ListItem\",\"position\":1,\"name\":\"Home\",\"item\":\"https:\/\/k2-systems.com\/fr\/\"},{\"@type\":\"ListItem\",\"position\":2,\"name\":\"Gestion des c\u00e2bles\"}]},{\"@type\":\"WebSite\",\"@id\":\"https:\/\/k2-systems.com\/fr\/#website\",\"url\":\"https:\/\/k2-systems.com\/fr\/\",\"name\":\"K2 Systems\",\"description\":\"K2 Systems WP\",\"publisher\":{\"@id\":\"https:\/\/k2-systems.com\/fr\/#organization\"},\"potentialAction\":[{\"@type\":\"SearchAction\",\"target\":{\"@type\":\"EntryPoint\",\"urlTemplate\":\"https:\/\/k2-systems.com\/fr\/?s={search_term_string}\"},\"query-input\":{\"@type\":\"PropertyValueSpecification\",\"valueRequired\":true,\"valueName\":\"search_term_string\"}}],\"inLanguage\":\"fr-FR\"},{\"@type\":\"Organization\",\"@id\":\"https:\/\/k2-systems.com\/fr\/#organization\",\"name\":\"K2 Systems\",\"url\":\"https:\/\/k2-systems.com\/fr\/\",\"logo\":{\"@type\":\"ImageObject\",\"inLanguage\":\"fr-FR\",\"@id\":\"https:\/\/k2-systems.com\/fr\/#\/schema\/logo\/image\/\",\"url\":\"https:\/\/k2-systems.com\/wp-content\/uploads\/2022\/02\/logo_512x512.png\",\"contentUrl\":\"https:\/\/k2-systems.com\/wp-content\/uploads\/2022\/02\/logo_512x512.png\",\"width\":512,\"height\":512,\"caption\":\"K2 Systems\"},\"image\":{\"@id\":\"https:\/\/k2-systems.com\/fr\/#\/schema\/logo\/image\/\"}}]}<\/script>\n<!-- \/ Yoast SEO Premium plugin. -->","yoast_head_json":{"title":"Gestion des c\u00e2bles - K2 Systems","description":"Nos diff\u00e9rentes options de gestion des c\u00e2bles permettent un placement ordonn\u00e9 et facile directement sur le syst\u00e8me PV.","robots":{"index":"index","follow":"follow","max-snippet":"max-snippet:-1","max-image-preview":"max-image-preview:large","max-video-preview":"max-video-preview:-1"},"canonical":"https:\/\/k2-systems.com\/fr\/solutions-de-produits\/gestion-des-cables\/","og_locale":"fr_FR","og_type":"article","og_title":"Gestion des c\u00e2bles","og_description":"Nos diff\u00e9rentes options de gestion des c\u00e2bles permettent un placement ordonn\u00e9 et facile directement sur le syst\u00e8me PV.","og_url":"https:\/\/k2-systems.com\/fr\/solutions-de-produits\/gestion-des-cables\/","og_site_name":"K2 Systems","article_modified_time":"2022-08-31T07:46:35+00:00","og_image":[{"width":1369,"height":1200,"url":"https:\/\/k2-systems.com\/wp-content\/uploads\/2022\/08\/Cable-Manager.jpg","type":"image\/jpeg"}],"twitter_card":"summary_large_image","schema":{"@context":"https:\/\/schema.org","@graph":[{"@type":"WebPage","@id":"https:\/\/k2-systems.com\/fr\/solutions-de-produits\/gestion-des-cables\/","url":"https:\/\/k2-systems.com\/fr\/solutions-de-produits\/gestion-des-cables\/","name":"Gestion des c\u00e2bles - K2 Systems","isPartOf":{"@id":"https:\/\/k2-systems.com\/fr\/#website"},"datePublished":"2022-08-11T06:38:48+00:00","dateModified":"2022-08-31T07:46:35+00:00","description":"Nos diff\u00e9rentes options de gestion des c\u00e2bles permettent un placement ordonn\u00e9 et facile directement sur le syst\u00e8me PV.","breadcrumb":{"@id":"https:\/\/k2-systems.com\/fr\/solutions-de-produits\/gestion-des-cables\/#breadcrumb"},"inLanguage":"fr-FR","potentialAction":[{"@type":"ReadAction","target":["https:\/\/k2-systems.com\/fr\/solutions-de-produits\/gestion-des-cables\/"]}]},{"@type":"BreadcrumbList","@id":"https:\/\/k2-systems.com\/fr\/solutions-de-produits\/gestion-des-cables\/#breadcrumb","itemListElement":[{"@type":"ListItem","position":1,"name":"Home","item":"https:\/\/k2-systems.com\/fr\/"},{"@type":"ListItem","position":2,"name":"Gestion des c\u00e2bles"}]},{"@type":"WebSite","@id":"https:\/\/k2-systems.com\/fr\/#website","url":"https:\/\/k2-systems.com\/fr\/","name":"K2 Systems","description":"K2 Systems WP","publisher":{"@id":"https:\/\/k2-systems.com\/fr\/#organization"},"potentialAction":[{"@type":"SearchAction","target":{"@type":"EntryPoint","urlTemplate":"https:\/\/k2-systems.com\/fr\/?s={search_term_string}"},"query-input":{"@type":"PropertyValueSpecification","valueRequired":true,"valueName":"search_term_string"}}],"inLanguage":"fr-FR"},{"@type":"Organization","@id":"https:\/\/k2-systems.com\/fr\/#organization","name":"K2 Systems","url":"https:\/\/k2-systems.com\/fr\/","logo":{"@type":"ImageObject","inLanguage":"fr-FR","@id":"https:\/\/k2-systems.com\/fr\/#\/schema\/logo\/image\/","url":"https:\/\/k2-systems.com\/wp-content\/uploads\/2022\/02\/logo_512x512.png","contentUrl":"https:\/\/k2-systems.com\/wp-content\/uploads\/2022\/02\/logo_512x512.png","width":512,"height":512,"caption":"K2 Systems"},"image":{"@id":"https:\/\/k2-systems.com\/fr\/#\/schema\/logo\/image\/"}}]}},"_links":{"self":[{"href":"https:\/\/k2-systems.com\/fr\/wp-json\/wp\/v2\/product\/24508","targetHints":{"allow":["GET"]}}],"collection":[{"href":"https:\/\/k2-systems.com\/fr\/wp-json\/wp\/v2\/product"}],"about":[{"href":"https:\/\/k2-systems.com\/fr\/wp-json\/wp\/v2\/types\/product"}],"wp:attachment":[{"href":"https:\/\/k2-systems.com\/fr\/wp-json\/wp\/v2\/media?parent=24508"}],"wp:term":[{"taxonomy":"product_category","embeddable":true,"href":"https:\/\/k2-systems.com\/fr\/wp-json\/wp\/v2\/product_category?post=24508"}],"curies":[{"name":"wp","href":"https:\/\/api.w.org\/{rel}","templated":true}]}}