{"id":63742,"date":"2023-12-19T19:26:33","date_gmt":"2023-12-19T18:26:33","guid":{"rendered":"https:\/\/k2-systems.com\/?post_type=product&#038;p=63742"},"modified":"2025-04-28T09:14:15","modified_gmt":"2025-04-28T07:14:15","slug":"systeme-k2-greenroof-vento","status":"publish","type":"product","link":"https:\/\/k2-systems.com\/fr\/solutions-de-produits\/systeme-k2-greenroof-vento\/","title":{"rendered":"Syst\u00e8me K2 GreenRoof Vento"},"content":{"rendered":"","protected":false},"featured_media":70981,"template":"","product_category":[430,931],"class_list":["post-63742","product","type-product","status-publish","has-post-thumbnail","hentry","product_category-systemes-pour-toitures-terrasses","product_category-toitures-vertes-en-gravier"],"acf":[],"yoast_head":"<!-- This site is optimized with the Yoast SEO Premium plugin v27.0 (Yoast SEO v27.0) - https:\/\/yoast.com\/product\/yoast-seo-premium-wordpress\/ -->\n<title>Syst\u00e8me K2 GreenRoof Vento - K2 Systems<\/title>\n<meta name=\"description\" content=\"GreenRoof Vento est une solution de montage intelligente pour les installations photovolta\u00efques sur les toits verts. Les toits en gravier sont \u00e9galement possibles. Construction avec des plaques PE ou des blocs de b\u00e9ton.\" \/>\n<meta name=\"robots\" content=\"index, follow, max-snippet:-1, max-image-preview:large, max-video-preview:-1\" \/>\n<link rel=\"canonical\" href=\"https:\/\/k2-systems.com\/fr\/solutions-de-produits\/systeme-k2-greenroof-vento\/\" \/>\n<meta property=\"og:locale\" content=\"fr_FR\" \/>\n<meta property=\"og:type\" content=\"article\" \/>\n<meta property=\"og:title\" content=\"Syst\u00e8me K2 GreenRoof Vento\" \/>\n<meta property=\"og:description\" content=\"GreenRoof Vento est une solution de montage intelligente pour les installations photovolta\u00efques sur les toits verts. Les toits en gravier sont \u00e9galement possibles. Construction avec des plaques PE ou des blocs de b\u00e9ton.\" \/>\n<meta property=\"og:url\" content=\"https:\/\/k2-systems.com\/fr\/solutions-de-produits\/systeme-k2-greenroof-vento\/\" \/>\n<meta property=\"og:site_name\" content=\"K2 Systems\" \/>\n<meta property=\"article:modified_time\" content=\"2025-04-28T07:14:15+00:00\" \/>\n<meta property=\"og:image\" content=\"https:\/\/k2-systems.com\/wp-content\/uploads\/2023\/11\/GreenRoof-Vento-Navi.jpg\" \/>\n\t<meta property=\"og:image:width\" content=\"597\" \/>\n\t<meta property=\"og:image:height\" content=\"400\" \/>\n\t<meta property=\"og:image:type\" content=\"image\/jpeg\" \/>\n<meta name=\"twitter:card\" content=\"summary_large_image\" \/>\n<script type=\"application\/ld+json\" class=\"yoast-schema-graph\">{\"@context\":\"https:\/\/schema.org\",\"@graph\":[{\"@type\":\"WebPage\",\"@id\":\"https:\/\/k2-systems.com\/fr\/solutions-de-produits\/systeme-k2-greenroof-vento\/\",\"url\":\"https:\/\/k2-systems.com\/fr\/solutions-de-produits\/systeme-k2-greenroof-vento\/\",\"name\":\"Syst\u00e8me K2 GreenRoof Vento - K2 Systems\",\"isPartOf\":{\"@id\":\"https:\/\/k2-systems.com\/fr\/#website\"},\"primaryImageOfPage\":{\"@id\":\"https:\/\/k2-systems.com\/fr\/solutions-de-produits\/systeme-k2-greenroof-vento\/#primaryimage\"},\"image\":{\"@id\":\"https:\/\/k2-systems.com\/fr\/solutions-de-produits\/systeme-k2-greenroof-vento\/#primaryimage\"},\"thumbnailUrl\":\"https:\/\/k2-systems.com\/wp-content\/uploads\/2023\/11\/GreenRoof-Vento-Navi.jpg\",\"datePublished\":\"2023-12-19T18:26:33+00:00\",\"dateModified\":\"2025-04-28T07:14:15+00:00\",\"description\":\"GreenRoof Vento est une solution de montage intelligente pour les installations photovolta\u00efques sur les toits verts. Les toits en gravier sont \u00e9galement possibles. Construction avec des plaques PE ou des blocs de b\u00e9ton.\",\"breadcrumb\":{\"@id\":\"https:\/\/k2-systems.com\/fr\/solutions-de-produits\/systeme-k2-greenroof-vento\/#breadcrumb\"},\"inLanguage\":\"fr-FR\",\"potentialAction\":[{\"@type\":\"ReadAction\",\"target\":[\"https:\/\/k2-systems.com\/fr\/solutions-de-produits\/systeme-k2-greenroof-vento\/\"]}]},{\"@type\":\"ImageObject\",\"inLanguage\":\"fr-FR\",\"@id\":\"https:\/\/k2-systems.com\/fr\/solutions-de-produits\/systeme-k2-greenroof-vento\/#primaryimage\",\"url\":\"https:\/\/k2-systems.com\/wp-content\/uploads\/2023\/11\/GreenRoof-Vento-Navi.jpg\",\"contentUrl\":\"https:\/\/k2-systems.com\/wp-content\/uploads\/2023\/11\/GreenRoof-Vento-Navi.jpg\",\"width\":597,\"height\":400},{\"@type\":\"BreadcrumbList\",\"@id\":\"https:\/\/k2-systems.com\/fr\/solutions-de-produits\/systeme-k2-greenroof-vento\/#breadcrumb\",\"itemListElement\":[{\"@type\":\"ListItem\",\"position\":1,\"name\":\"Home\",\"item\":\"https:\/\/k2-systems.com\/fr\/\"},{\"@type\":\"ListItem\",\"position\":2,\"name\":\"Syst\u00e8me K2 GreenRoof Vento\"}]},{\"@type\":\"WebSite\",\"@id\":\"https:\/\/k2-systems.com\/fr\/#website\",\"url\":\"https:\/\/k2-systems.com\/fr\/\",\"name\":\"K2 Systems\",\"description\":\"K2 Systems WP\",\"publisher\":{\"@id\":\"https:\/\/k2-systems.com\/fr\/#organization\"},\"potentialAction\":[{\"@type\":\"SearchAction\",\"target\":{\"@type\":\"EntryPoint\",\"urlTemplate\":\"https:\/\/k2-systems.com\/fr\/?s={search_term_string}\"},\"query-input\":{\"@type\":\"PropertyValueSpecification\",\"valueRequired\":true,\"valueName\":\"search_term_string\"}}],\"inLanguage\":\"fr-FR\"},{\"@type\":\"Organization\",\"@id\":\"https:\/\/k2-systems.com\/fr\/#organization\",\"name\":\"K2 Systems\",\"url\":\"https:\/\/k2-systems.com\/fr\/\",\"logo\":{\"@type\":\"ImageObject\",\"inLanguage\":\"fr-FR\",\"@id\":\"https:\/\/k2-systems.com\/fr\/#\/schema\/logo\/image\/\",\"url\":\"https:\/\/k2-systems.com\/wp-content\/uploads\/2022\/02\/logo_512x512.png\",\"contentUrl\":\"https:\/\/k2-systems.com\/wp-content\/uploads\/2022\/02\/logo_512x512.png\",\"width\":512,\"height\":512,\"caption\":\"K2 Systems\"},\"image\":{\"@id\":\"https:\/\/k2-systems.com\/fr\/#\/schema\/logo\/image\/\"}}]}<\/script>\n<!-- \/ Yoast SEO Premium plugin. -->","yoast_head_json":{"title":"Syst\u00e8me K2 GreenRoof Vento - K2 Systems","description":"GreenRoof Vento est une solution de montage intelligente pour les installations photovolta\u00efques sur les toits verts. Les toits en gravier sont \u00e9galement possibles. Construction avec des plaques PE ou des blocs de b\u00e9ton.","robots":{"index":"index","follow":"follow","max-snippet":"max-snippet:-1","max-image-preview":"max-image-preview:large","max-video-preview":"max-video-preview:-1"},"canonical":"https:\/\/k2-systems.com\/fr\/solutions-de-produits\/systeme-k2-greenroof-vento\/","og_locale":"fr_FR","og_type":"article","og_title":"Syst\u00e8me K2 GreenRoof Vento","og_description":"GreenRoof Vento est une solution de montage intelligente pour les installations photovolta\u00efques sur les toits verts. Les toits en gravier sont \u00e9galement possibles. Construction avec des plaques PE ou des blocs de b\u00e9ton.","og_url":"https:\/\/k2-systems.com\/fr\/solutions-de-produits\/systeme-k2-greenroof-vento\/","og_site_name":"K2 Systems","article_modified_time":"2025-04-28T07:14:15+00:00","og_image":[{"width":597,"height":400,"url":"https:\/\/k2-systems.com\/wp-content\/uploads\/2023\/11\/GreenRoof-Vento-Navi.jpg","type":"image\/jpeg"}],"twitter_card":"summary_large_image","schema":{"@context":"https:\/\/schema.org","@graph":[{"@type":"WebPage","@id":"https:\/\/k2-systems.com\/fr\/solutions-de-produits\/systeme-k2-greenroof-vento\/","url":"https:\/\/k2-systems.com\/fr\/solutions-de-produits\/systeme-k2-greenroof-vento\/","name":"Syst\u00e8me K2 GreenRoof Vento - K2 Systems","isPartOf":{"@id":"https:\/\/k2-systems.com\/fr\/#website"},"primaryImageOfPage":{"@id":"https:\/\/k2-systems.com\/fr\/solutions-de-produits\/systeme-k2-greenroof-vento\/#primaryimage"},"image":{"@id":"https:\/\/k2-systems.com\/fr\/solutions-de-produits\/systeme-k2-greenroof-vento\/#primaryimage"},"thumbnailUrl":"https:\/\/k2-systems.com\/wp-content\/uploads\/2023\/11\/GreenRoof-Vento-Navi.jpg","datePublished":"2023-12-19T18:26:33+00:00","dateModified":"2025-04-28T07:14:15+00:00","description":"GreenRoof Vento est une solution de montage intelligente pour les installations photovolta\u00efques sur les toits verts. Les toits en gravier sont \u00e9galement possibles. Construction avec des plaques PE ou des blocs de b\u00e9ton.","breadcrumb":{"@id":"https:\/\/k2-systems.com\/fr\/solutions-de-produits\/systeme-k2-greenroof-vento\/#breadcrumb"},"inLanguage":"fr-FR","potentialAction":[{"@type":"ReadAction","target":["https:\/\/k2-systems.com\/fr\/solutions-de-produits\/systeme-k2-greenroof-vento\/"]}]},{"@type":"ImageObject","inLanguage":"fr-FR","@id":"https:\/\/k2-systems.com\/fr\/solutions-de-produits\/systeme-k2-greenroof-vento\/#primaryimage","url":"https:\/\/k2-systems.com\/wp-content\/uploads\/2023\/11\/GreenRoof-Vento-Navi.jpg","contentUrl":"https:\/\/k2-systems.com\/wp-content\/uploads\/2023\/11\/GreenRoof-Vento-Navi.jpg","width":597,"height":400},{"@type":"BreadcrumbList","@id":"https:\/\/k2-systems.com\/fr\/solutions-de-produits\/systeme-k2-greenroof-vento\/#breadcrumb","itemListElement":[{"@type":"ListItem","position":1,"name":"Home","item":"https:\/\/k2-systems.com\/fr\/"},{"@type":"ListItem","position":2,"name":"Syst\u00e8me K2 GreenRoof Vento"}]},{"@type":"WebSite","@id":"https:\/\/k2-systems.com\/fr\/#website","url":"https:\/\/k2-systems.com\/fr\/","name":"K2 Systems","description":"K2 Systems WP","publisher":{"@id":"https:\/\/k2-systems.com\/fr\/#organization"},"potentialAction":[{"@type":"SearchAction","target":{"@type":"EntryPoint","urlTemplate":"https:\/\/k2-systems.com\/fr\/?s={search_term_string}"},"query-input":{"@type":"PropertyValueSpecification","valueRequired":true,"valueName":"search_term_string"}}],"inLanguage":"fr-FR"},{"@type":"Organization","@id":"https:\/\/k2-systems.com\/fr\/#organization","name":"K2 Systems","url":"https:\/\/k2-systems.com\/fr\/","logo":{"@type":"ImageObject","inLanguage":"fr-FR","@id":"https:\/\/k2-systems.com\/fr\/#\/schema\/logo\/image\/","url":"https:\/\/k2-systems.com\/wp-content\/uploads\/2022\/02\/logo_512x512.png","contentUrl":"https:\/\/k2-systems.com\/wp-content\/uploads\/2022\/02\/logo_512x512.png","width":512,"height":512,"caption":"K2 Systems"},"image":{"@id":"https:\/\/k2-systems.com\/fr\/#\/schema\/logo\/image\/"}}]}},"_links":{"self":[{"href":"https:\/\/k2-systems.com\/fr\/wp-json\/wp\/v2\/product\/63742","targetHints":{"allow":["GET"]}}],"collection":[{"href":"https:\/\/k2-systems.com\/fr\/wp-json\/wp\/v2\/product"}],"about":[{"href":"https:\/\/k2-systems.com\/fr\/wp-json\/wp\/v2\/types\/product"}],"wp:featuredmedia":[{"embeddable":true,"href":"https:\/\/k2-systems.com\/fr\/wp-json\/wp\/v2\/media\/70981"}],"wp:attachment":[{"href":"https:\/\/k2-systems.com\/fr\/wp-json\/wp\/v2\/media?parent=63742"}],"wp:term":[{"taxonomy":"product_category","embeddable":true,"href":"https:\/\/k2-systems.com\/fr\/wp-json\/wp\/v2\/product_category?post=63742"}],"curies":[{"name":"wp","href":"https:\/\/api.w.org\/{rel}","templated":true}]}}