{"id":8606,"date":"2020-07-22T11:25:49","date_gmt":"2020-07-22T09:25:49","guid":{"rendered":"https:\/\/k2systemswp.local\/produktloesungen\/systeme-solidrail\/"},"modified":"2026-04-15T09:32:19","modified_gmt":"2026-04-15T07:32:19","slug":"systeme-solidrail","status":"publish","type":"product","link":"https:\/\/k2-systems.com\/fr\/solutions-de-produits\/systeme-solidrail\/","title":{"rendered":"Syst\u00e8me K2 SolidRail"},"content":{"rendered":"","protected":false},"featured_media":5407,"template":"","product_category":[524,561,556,566,530,540],"class_list":["post-8606","product","type-product","status-publish","has-post-thumbnail","hentry","product_category-systemes-pour-toitures-inclinees","product_category-toits-en-tuiles","product_category-tole-ondulee","product_category-fibrociment","product_category-toit-de-joint-debout","product_category-tole-trapezoidale-panneaux-sandwich"],"acf":[],"yoast_head":"<!-- This site is optimized with the Yoast SEO Premium plugin v27.0 (Yoast SEO v27.0) - https:\/\/yoast.com\/product\/yoast-seo-premium-wordpress\/ -->\n<title>Syst\u00e8me K2 SolidRail - K2 Systems<\/title>\n<meta name=\"description\" content=\"Le syst\u00e8me de montage PV SolidRail convient \u00e0 de nombreuses couvertures de toit. L&#039;accent est mis sur des solutions flexibles pour le raccordement au toit.\" \/>\n<meta name=\"robots\" content=\"index, follow, max-snippet:-1, max-image-preview:large, max-video-preview:-1\" \/>\n<link rel=\"canonical\" href=\"https:\/\/k2-systems.com\/fr\/solutions-de-produits\/systeme-solidrail\/\" \/>\n<meta property=\"og:locale\" content=\"fr_FR\" \/>\n<meta property=\"og:type\" content=\"article\" \/>\n<meta property=\"og:title\" content=\"Syst\u00e8me K2 SolidRail\" \/>\n<meta property=\"og:description\" content=\"Le syst\u00e8me de montage PV SolidRail convient \u00e0 de nombreuses couvertures de toit. L&#039;accent est mis sur des solutions flexibles pour le raccordement au toit.\" \/>\n<meta property=\"og:url\" content=\"https:\/\/k2-systems.com\/fr\/solutions-de-produits\/systeme-solidrail\/\" \/>\n<meta property=\"og:site_name\" content=\"K2 Systems\" \/>\n<meta property=\"article:modified_time\" content=\"2026-04-15T07:32:19+00:00\" \/>\n<meta property=\"og:image\" content=\"https:\/\/k2-systems.com\/wp-content\/uploads\/2022\/03\/SolidRail-System.jpg\" \/>\n\t<meta property=\"og:image:width\" content=\"597\" \/>\n\t<meta property=\"og:image:height\" content=\"400\" \/>\n\t<meta property=\"og:image:type\" content=\"image\/jpeg\" \/>\n<meta name=\"twitter:card\" content=\"summary_large_image\" \/>\n<script type=\"application\/ld+json\" class=\"yoast-schema-graph\">{\"@context\":\"https:\/\/schema.org\",\"@graph\":[{\"@type\":\"WebPage\",\"@id\":\"https:\/\/k2-systems.com\/fr\/solutions-de-produits\/systeme-solidrail\/\",\"url\":\"https:\/\/k2-systems.com\/fr\/solutions-de-produits\/systeme-solidrail\/\",\"name\":\"Syst\u00e8me K2 SolidRail - K2 Systems\",\"isPartOf\":{\"@id\":\"https:\/\/k2-systems.com\/fr\/#website\"},\"primaryImageOfPage\":{\"@id\":\"https:\/\/k2-systems.com\/fr\/solutions-de-produits\/systeme-solidrail\/#primaryimage\"},\"image\":{\"@id\":\"https:\/\/k2-systems.com\/fr\/solutions-de-produits\/systeme-solidrail\/#primaryimage\"},\"thumbnailUrl\":\"https:\/\/k2-systems.com\/wp-content\/uploads\/2022\/03\/SolidRail-System.jpg\",\"datePublished\":\"2020-07-22T09:25:49+00:00\",\"dateModified\":\"2026-04-15T07:32:19+00:00\",\"description\":\"Le syst\u00e8me de montage PV SolidRail convient \u00e0 de nombreuses couvertures de toit. L'accent est mis sur des solutions flexibles pour le raccordement au toit.\",\"breadcrumb\":{\"@id\":\"https:\/\/k2-systems.com\/fr\/solutions-de-produits\/systeme-solidrail\/#breadcrumb\"},\"inLanguage\":\"fr-FR\",\"potentialAction\":[{\"@type\":\"ReadAction\",\"target\":[\"https:\/\/k2-systems.com\/fr\/solutions-de-produits\/systeme-solidrail\/\"]}]},{\"@type\":\"ImageObject\",\"inLanguage\":\"fr-FR\",\"@id\":\"https:\/\/k2-systems.com\/fr\/solutions-de-produits\/systeme-solidrail\/#primaryimage\",\"url\":\"https:\/\/k2-systems.com\/wp-content\/uploads\/2022\/03\/SolidRail-System.jpg\",\"contentUrl\":\"https:\/\/k2-systems.com\/wp-content\/uploads\/2022\/03\/SolidRail-System.jpg\",\"width\":597,\"height\":400,\"caption\":\"SolidRail System\"},{\"@type\":\"BreadcrumbList\",\"@id\":\"https:\/\/k2-systems.com\/fr\/solutions-de-produits\/systeme-solidrail\/#breadcrumb\",\"itemListElement\":[{\"@type\":\"ListItem\",\"position\":1,\"name\":\"Home\",\"item\":\"https:\/\/k2-systems.com\/fr\/\"},{\"@type\":\"ListItem\",\"position\":2,\"name\":\"Syst\u00e8me K2 SolidRail\"}]},{\"@type\":\"WebSite\",\"@id\":\"https:\/\/k2-systems.com\/fr\/#website\",\"url\":\"https:\/\/k2-systems.com\/fr\/\",\"name\":\"K2 Systems\",\"description\":\"K2 Systems WP\",\"publisher\":{\"@id\":\"https:\/\/k2-systems.com\/fr\/#organization\"},\"potentialAction\":[{\"@type\":\"SearchAction\",\"target\":{\"@type\":\"EntryPoint\",\"urlTemplate\":\"https:\/\/k2-systems.com\/fr\/?s={search_term_string}\"},\"query-input\":{\"@type\":\"PropertyValueSpecification\",\"valueRequired\":true,\"valueName\":\"search_term_string\"}}],\"inLanguage\":\"fr-FR\"},{\"@type\":\"Organization\",\"@id\":\"https:\/\/k2-systems.com\/fr\/#organization\",\"name\":\"K2 Systems\",\"url\":\"https:\/\/k2-systems.com\/fr\/\",\"logo\":{\"@type\":\"ImageObject\",\"inLanguage\":\"fr-FR\",\"@id\":\"https:\/\/k2-systems.com\/fr\/#\/schema\/logo\/image\/\",\"url\":\"https:\/\/k2-systems.com\/wp-content\/uploads\/2022\/02\/logo_512x512.png\",\"contentUrl\":\"https:\/\/k2-systems.com\/wp-content\/uploads\/2022\/02\/logo_512x512.png\",\"width\":512,\"height\":512,\"caption\":\"K2 Systems\"},\"image\":{\"@id\":\"https:\/\/k2-systems.com\/fr\/#\/schema\/logo\/image\/\"}}]}<\/script>\n<!-- \/ Yoast SEO Premium plugin. -->","yoast_head_json":{"title":"Syst\u00e8me K2 SolidRail - K2 Systems","description":"Le syst\u00e8me de montage PV SolidRail convient \u00e0 de nombreuses couvertures de toit. L'accent est mis sur des solutions flexibles pour le raccordement au toit.","robots":{"index":"index","follow":"follow","max-snippet":"max-snippet:-1","max-image-preview":"max-image-preview:large","max-video-preview":"max-video-preview:-1"},"canonical":"https:\/\/k2-systems.com\/fr\/solutions-de-produits\/systeme-solidrail\/","og_locale":"fr_FR","og_type":"article","og_title":"Syst\u00e8me K2 SolidRail","og_description":"Le syst\u00e8me de montage PV SolidRail convient \u00e0 de nombreuses couvertures de toit. L'accent est mis sur des solutions flexibles pour le raccordement au toit.","og_url":"https:\/\/k2-systems.com\/fr\/solutions-de-produits\/systeme-solidrail\/","og_site_name":"K2 Systems","article_modified_time":"2026-04-15T07:32:19+00:00","og_image":[{"width":597,"height":400,"url":"https:\/\/k2-systems.com\/wp-content\/uploads\/2022\/03\/SolidRail-System.jpg","type":"image\/jpeg"}],"twitter_card":"summary_large_image","schema":{"@context":"https:\/\/schema.org","@graph":[{"@type":"WebPage","@id":"https:\/\/k2-systems.com\/fr\/solutions-de-produits\/systeme-solidrail\/","url":"https:\/\/k2-systems.com\/fr\/solutions-de-produits\/systeme-solidrail\/","name":"Syst\u00e8me K2 SolidRail - K2 Systems","isPartOf":{"@id":"https:\/\/k2-systems.com\/fr\/#website"},"primaryImageOfPage":{"@id":"https:\/\/k2-systems.com\/fr\/solutions-de-produits\/systeme-solidrail\/#primaryimage"},"image":{"@id":"https:\/\/k2-systems.com\/fr\/solutions-de-produits\/systeme-solidrail\/#primaryimage"},"thumbnailUrl":"https:\/\/k2-systems.com\/wp-content\/uploads\/2022\/03\/SolidRail-System.jpg","datePublished":"2020-07-22T09:25:49+00:00","dateModified":"2026-04-15T07:32:19+00:00","description":"Le syst\u00e8me de montage PV SolidRail convient \u00e0 de nombreuses couvertures de toit. L'accent est mis sur des solutions flexibles pour le raccordement au toit.","breadcrumb":{"@id":"https:\/\/k2-systems.com\/fr\/solutions-de-produits\/systeme-solidrail\/#breadcrumb"},"inLanguage":"fr-FR","potentialAction":[{"@type":"ReadAction","target":["https:\/\/k2-systems.com\/fr\/solutions-de-produits\/systeme-solidrail\/"]}]},{"@type":"ImageObject","inLanguage":"fr-FR","@id":"https:\/\/k2-systems.com\/fr\/solutions-de-produits\/systeme-solidrail\/#primaryimage","url":"https:\/\/k2-systems.com\/wp-content\/uploads\/2022\/03\/SolidRail-System.jpg","contentUrl":"https:\/\/k2-systems.com\/wp-content\/uploads\/2022\/03\/SolidRail-System.jpg","width":597,"height":400,"caption":"SolidRail System"},{"@type":"BreadcrumbList","@id":"https:\/\/k2-systems.com\/fr\/solutions-de-produits\/systeme-solidrail\/#breadcrumb","itemListElement":[{"@type":"ListItem","position":1,"name":"Home","item":"https:\/\/k2-systems.com\/fr\/"},{"@type":"ListItem","position":2,"name":"Syst\u00e8me K2 SolidRail"}]},{"@type":"WebSite","@id":"https:\/\/k2-systems.com\/fr\/#website","url":"https:\/\/k2-systems.com\/fr\/","name":"K2 Systems","description":"K2 Systems WP","publisher":{"@id":"https:\/\/k2-systems.com\/fr\/#organization"},"potentialAction":[{"@type":"SearchAction","target":{"@type":"EntryPoint","urlTemplate":"https:\/\/k2-systems.com\/fr\/?s={search_term_string}"},"query-input":{"@type":"PropertyValueSpecification","valueRequired":true,"valueName":"search_term_string"}}],"inLanguage":"fr-FR"},{"@type":"Organization","@id":"https:\/\/k2-systems.com\/fr\/#organization","name":"K2 Systems","url":"https:\/\/k2-systems.com\/fr\/","logo":{"@type":"ImageObject","inLanguage":"fr-FR","@id":"https:\/\/k2-systems.com\/fr\/#\/schema\/logo\/image\/","url":"https:\/\/k2-systems.com\/wp-content\/uploads\/2022\/02\/logo_512x512.png","contentUrl":"https:\/\/k2-systems.com\/wp-content\/uploads\/2022\/02\/logo_512x512.png","width":512,"height":512,"caption":"K2 Systems"},"image":{"@id":"https:\/\/k2-systems.com\/fr\/#\/schema\/logo\/image\/"}}]}},"_links":{"self":[{"href":"https:\/\/k2-systems.com\/fr\/wp-json\/wp\/v2\/product\/8606","targetHints":{"allow":["GET"]}}],"collection":[{"href":"https:\/\/k2-systems.com\/fr\/wp-json\/wp\/v2\/product"}],"about":[{"href":"https:\/\/k2-systems.com\/fr\/wp-json\/wp\/v2\/types\/product"}],"wp:featuredmedia":[{"embeddable":true,"href":"https:\/\/k2-systems.com\/fr\/wp-json\/wp\/v2\/media\/5407"}],"wp:attachment":[{"href":"https:\/\/k2-systems.com\/fr\/wp-json\/wp\/v2\/media?parent=8606"}],"wp:term":[{"taxonomy":"product_category","embeddable":true,"href":"https:\/\/k2-systems.com\/fr\/wp-json\/wp\/v2\/product_category?post=8606"}],"curies":[{"name":"wp","href":"https:\/\/api.w.org\/{rel}","templated":true}]}}