{"id":8608,"date":"2022-04-22T11:42:24","date_gmt":"2022-04-22T11:42:24","guid":{"rendered":"https:\/\/k2systemswp.local\/produktloesungen\/systeme-singlerail\/"},"modified":"2025-09-12T12:01:26","modified_gmt":"2025-09-12T10:01:26","slug":"systeme-singlerail","status":"publish","type":"product","link":"https:\/\/k2-systems.com\/fr\/solutions-de-produits\/systeme-singlerail\/","title":{"rendered":"Syst\u00e8me K2 SingleRail"},"content":{"rendered":"","protected":false},"featured_media":5400,"template":"","product_category":[524,561,556,566,530,4458],"class_list":["post-8608","product","type-product","status-publish","has-post-thumbnail","hentry","product_category-systemes-pour-toitures-inclinees","product_category-toits-en-tuiles","product_category-tole-ondulee","product_category-fibrociment","product_category-toit-de-joint-debout","product_category-couverture-bitumineuse-fr"],"acf":[],"yoast_head":"<!-- This site is optimized with the Yoast SEO Premium plugin v27.0 (Yoast SEO v27.0) - https:\/\/yoast.com\/product\/yoast-seo-premium-wordpress\/ -->\n<title>Syst\u00e8me K2 SingleRail - K2 Systems<\/title>\n<meta name=\"description\" content=\"Ce syst\u00e8me est adapt\u00e9 aux tuiles,toitures m\u00e9talliques ondul\u00e9es et \u00e0 joint debout.Il est fix\u00e9 de crochets de toit, boulons de suspension ou de pinces \u00e0 sertir.\" \/>\n<meta name=\"robots\" content=\"index, follow, max-snippet:-1, max-image-preview:large, max-video-preview:-1\" \/>\n<link rel=\"canonical\" href=\"https:\/\/k2-systems.com\/fr\/solutions-de-produits\/systeme-singlerail\/\" \/>\n<meta property=\"og:locale\" content=\"fr_FR\" \/>\n<meta property=\"og:type\" content=\"article\" \/>\n<meta property=\"og:title\" content=\"Syst\u00e8me K2 SingleRail\" \/>\n<meta property=\"og:description\" content=\"Ce syst\u00e8me est adapt\u00e9 aux tuiles,toitures m\u00e9talliques ondul\u00e9es et \u00e0 joint debout.Il est fix\u00e9 de crochets de toit, boulons de suspension ou de pinces \u00e0 sertir.\" \/>\n<meta property=\"og:url\" content=\"https:\/\/k2-systems.com\/fr\/solutions-de-produits\/systeme-singlerail\/\" \/>\n<meta property=\"og:site_name\" content=\"K2 Systems\" \/>\n<meta property=\"article:modified_time\" content=\"2025-09-12T10:01:26+00:00\" \/>\n<meta property=\"og:image\" content=\"https:\/\/k2-systems.com\/wp-content\/uploads\/2022\/03\/SingleRail-System.jpg\" \/>\n\t<meta property=\"og:image:width\" content=\"597\" \/>\n\t<meta property=\"og:image:height\" content=\"400\" \/>\n\t<meta property=\"og:image:type\" content=\"image\/jpeg\" \/>\n<meta name=\"twitter:card\" content=\"summary_large_image\" \/>\n<script type=\"application\/ld+json\" class=\"yoast-schema-graph\">{\"@context\":\"https:\/\/schema.org\",\"@graph\":[{\"@type\":\"WebPage\",\"@id\":\"https:\/\/k2-systems.com\/fr\/solutions-de-produits\/systeme-singlerail\/\",\"url\":\"https:\/\/k2-systems.com\/fr\/solutions-de-produits\/systeme-singlerail\/\",\"name\":\"Syst\u00e8me K2 SingleRail - K2 Systems\",\"isPartOf\":{\"@id\":\"https:\/\/k2-systems.com\/fr\/#website\"},\"primaryImageOfPage\":{\"@id\":\"https:\/\/k2-systems.com\/fr\/solutions-de-produits\/systeme-singlerail\/#primaryimage\"},\"image\":{\"@id\":\"https:\/\/k2-systems.com\/fr\/solutions-de-produits\/systeme-singlerail\/#primaryimage\"},\"thumbnailUrl\":\"https:\/\/k2-systems.com\/wp-content\/uploads\/2022\/03\/SingleRail-System.jpg\",\"datePublished\":\"2022-04-22T11:42:24+00:00\",\"dateModified\":\"2025-09-12T10:01:26+00:00\",\"description\":\"Ce syst\u00e8me est adapt\u00e9 aux tuiles,toitures m\u00e9talliques ondul\u00e9es et \u00e0 joint debout.Il est fix\u00e9 de crochets de toit, boulons de suspension ou de pinces \u00e0 sertir.\",\"breadcrumb\":{\"@id\":\"https:\/\/k2-systems.com\/fr\/solutions-de-produits\/systeme-singlerail\/#breadcrumb\"},\"inLanguage\":\"fr-FR\",\"potentialAction\":[{\"@type\":\"ReadAction\",\"target\":[\"https:\/\/k2-systems.com\/fr\/solutions-de-produits\/systeme-singlerail\/\"]}]},{\"@type\":\"ImageObject\",\"inLanguage\":\"fr-FR\",\"@id\":\"https:\/\/k2-systems.com\/fr\/solutions-de-produits\/systeme-singlerail\/#primaryimage\",\"url\":\"https:\/\/k2-systems.com\/wp-content\/uploads\/2022\/03\/SingleRail-System.jpg\",\"contentUrl\":\"https:\/\/k2-systems.com\/wp-content\/uploads\/2022\/03\/SingleRail-System.jpg\",\"width\":597,\"height\":400,\"caption\":\"SingleRail System\"},{\"@type\":\"BreadcrumbList\",\"@id\":\"https:\/\/k2-systems.com\/fr\/solutions-de-produits\/systeme-singlerail\/#breadcrumb\",\"itemListElement\":[{\"@type\":\"ListItem\",\"position\":1,\"name\":\"Home\",\"item\":\"https:\/\/k2-systems.com\/fr\/\"},{\"@type\":\"ListItem\",\"position\":2,\"name\":\"Syst\u00e8me K2 SingleRail\"}]},{\"@type\":\"WebSite\",\"@id\":\"https:\/\/k2-systems.com\/fr\/#website\",\"url\":\"https:\/\/k2-systems.com\/fr\/\",\"name\":\"K2 Systems\",\"description\":\"K2 Systems WP\",\"publisher\":{\"@id\":\"https:\/\/k2-systems.com\/fr\/#organization\"},\"potentialAction\":[{\"@type\":\"SearchAction\",\"target\":{\"@type\":\"EntryPoint\",\"urlTemplate\":\"https:\/\/k2-systems.com\/fr\/?s={search_term_string}\"},\"query-input\":{\"@type\":\"PropertyValueSpecification\",\"valueRequired\":true,\"valueName\":\"search_term_string\"}}],\"inLanguage\":\"fr-FR\"},{\"@type\":\"Organization\",\"@id\":\"https:\/\/k2-systems.com\/fr\/#organization\",\"name\":\"K2 Systems\",\"url\":\"https:\/\/k2-systems.com\/fr\/\",\"logo\":{\"@type\":\"ImageObject\",\"inLanguage\":\"fr-FR\",\"@id\":\"https:\/\/k2-systems.com\/fr\/#\/schema\/logo\/image\/\",\"url\":\"https:\/\/k2-systems.com\/wp-content\/uploads\/2022\/02\/logo_512x512.png\",\"contentUrl\":\"https:\/\/k2-systems.com\/wp-content\/uploads\/2022\/02\/logo_512x512.png\",\"width\":512,\"height\":512,\"caption\":\"K2 Systems\"},\"image\":{\"@id\":\"https:\/\/k2-systems.com\/fr\/#\/schema\/logo\/image\/\"}}]}<\/script>\n<!-- \/ Yoast SEO Premium plugin. -->","yoast_head_json":{"title":"Syst\u00e8me K2 SingleRail - K2 Systems","description":"Ce syst\u00e8me est adapt\u00e9 aux tuiles,toitures m\u00e9talliques ondul\u00e9es et \u00e0 joint debout.Il est fix\u00e9 de crochets de toit, boulons de suspension ou de pinces \u00e0 sertir.","robots":{"index":"index","follow":"follow","max-snippet":"max-snippet:-1","max-image-preview":"max-image-preview:large","max-video-preview":"max-video-preview:-1"},"canonical":"https:\/\/k2-systems.com\/fr\/solutions-de-produits\/systeme-singlerail\/","og_locale":"fr_FR","og_type":"article","og_title":"Syst\u00e8me K2 SingleRail","og_description":"Ce syst\u00e8me est adapt\u00e9 aux tuiles,toitures m\u00e9talliques ondul\u00e9es et \u00e0 joint debout.Il est fix\u00e9 de crochets de toit, boulons de suspension ou de pinces \u00e0 sertir.","og_url":"https:\/\/k2-systems.com\/fr\/solutions-de-produits\/systeme-singlerail\/","og_site_name":"K2 Systems","article_modified_time":"2025-09-12T10:01:26+00:00","og_image":[{"width":597,"height":400,"url":"https:\/\/k2-systems.com\/wp-content\/uploads\/2022\/03\/SingleRail-System.jpg","type":"image\/jpeg"}],"twitter_card":"summary_large_image","schema":{"@context":"https:\/\/schema.org","@graph":[{"@type":"WebPage","@id":"https:\/\/k2-systems.com\/fr\/solutions-de-produits\/systeme-singlerail\/","url":"https:\/\/k2-systems.com\/fr\/solutions-de-produits\/systeme-singlerail\/","name":"Syst\u00e8me K2 SingleRail - K2 Systems","isPartOf":{"@id":"https:\/\/k2-systems.com\/fr\/#website"},"primaryImageOfPage":{"@id":"https:\/\/k2-systems.com\/fr\/solutions-de-produits\/systeme-singlerail\/#primaryimage"},"image":{"@id":"https:\/\/k2-systems.com\/fr\/solutions-de-produits\/systeme-singlerail\/#primaryimage"},"thumbnailUrl":"https:\/\/k2-systems.com\/wp-content\/uploads\/2022\/03\/SingleRail-System.jpg","datePublished":"2022-04-22T11:42:24+00:00","dateModified":"2025-09-12T10:01:26+00:00","description":"Ce syst\u00e8me est adapt\u00e9 aux tuiles,toitures m\u00e9talliques ondul\u00e9es et \u00e0 joint debout.Il est fix\u00e9 de crochets de toit, boulons de suspension ou de pinces \u00e0 sertir.","breadcrumb":{"@id":"https:\/\/k2-systems.com\/fr\/solutions-de-produits\/systeme-singlerail\/#breadcrumb"},"inLanguage":"fr-FR","potentialAction":[{"@type":"ReadAction","target":["https:\/\/k2-systems.com\/fr\/solutions-de-produits\/systeme-singlerail\/"]}]},{"@type":"ImageObject","inLanguage":"fr-FR","@id":"https:\/\/k2-systems.com\/fr\/solutions-de-produits\/systeme-singlerail\/#primaryimage","url":"https:\/\/k2-systems.com\/wp-content\/uploads\/2022\/03\/SingleRail-System.jpg","contentUrl":"https:\/\/k2-systems.com\/wp-content\/uploads\/2022\/03\/SingleRail-System.jpg","width":597,"height":400,"caption":"SingleRail System"},{"@type":"BreadcrumbList","@id":"https:\/\/k2-systems.com\/fr\/solutions-de-produits\/systeme-singlerail\/#breadcrumb","itemListElement":[{"@type":"ListItem","position":1,"name":"Home","item":"https:\/\/k2-systems.com\/fr\/"},{"@type":"ListItem","position":2,"name":"Syst\u00e8me K2 SingleRail"}]},{"@type":"WebSite","@id":"https:\/\/k2-systems.com\/fr\/#website","url":"https:\/\/k2-systems.com\/fr\/","name":"K2 Systems","description":"K2 Systems WP","publisher":{"@id":"https:\/\/k2-systems.com\/fr\/#organization"},"potentialAction":[{"@type":"SearchAction","target":{"@type":"EntryPoint","urlTemplate":"https:\/\/k2-systems.com\/fr\/?s={search_term_string}"},"query-input":{"@type":"PropertyValueSpecification","valueRequired":true,"valueName":"search_term_string"}}],"inLanguage":"fr-FR"},{"@type":"Organization","@id":"https:\/\/k2-systems.com\/fr\/#organization","name":"K2 Systems","url":"https:\/\/k2-systems.com\/fr\/","logo":{"@type":"ImageObject","inLanguage":"fr-FR","@id":"https:\/\/k2-systems.com\/fr\/#\/schema\/logo\/image\/","url":"https:\/\/k2-systems.com\/wp-content\/uploads\/2022\/02\/logo_512x512.png","contentUrl":"https:\/\/k2-systems.com\/wp-content\/uploads\/2022\/02\/logo_512x512.png","width":512,"height":512,"caption":"K2 Systems"},"image":{"@id":"https:\/\/k2-systems.com\/fr\/#\/schema\/logo\/image\/"}}]}},"_links":{"self":[{"href":"https:\/\/k2-systems.com\/fr\/wp-json\/wp\/v2\/product\/8608","targetHints":{"allow":["GET"]}}],"collection":[{"href":"https:\/\/k2-systems.com\/fr\/wp-json\/wp\/v2\/product"}],"about":[{"href":"https:\/\/k2-systems.com\/fr\/wp-json\/wp\/v2\/types\/product"}],"wp:featuredmedia":[{"embeddable":true,"href":"https:\/\/k2-systems.com\/fr\/wp-json\/wp\/v2\/media\/5400"}],"wp:attachment":[{"href":"https:\/\/k2-systems.com\/fr\/wp-json\/wp\/v2\/media?parent=8608"}],"wp:term":[{"taxonomy":"product_category","embeddable":true,"href":"https:\/\/k2-systems.com\/fr\/wp-json\/wp\/v2\/product_category?post=8608"}],"curies":[{"name":"wp","href":"https:\/\/api.w.org\/{rel}","templated":true}]}}