{"id":9716,"date":"2022-05-03T07:11:31","date_gmt":"2022-05-03T07:11:31","guid":{"rendered":"https:\/\/k2systemswpdev.wpengine.com\/?post_type=product&#038;p=9716"},"modified":"2023-03-02T13:51:13","modified_gmt":"2023-03-02T12:51:13","slug":"systemes-dome-v","status":"publish","type":"product","link":"https:\/\/k2-systems.com\/fr\/solutions-de-produits\/systemes-dome-v\/","title":{"rendered":"Syst\u00e8me K2 Dome V"},"content":{"rendered":"","protected":false},"featured_media":9983,"template":"","product_category":[1224,431,430,438,931],"class_list":["post-9716","product","type-product","status-publish","has-post-thumbnail","hentry","product_category-couverture-bitumineuse","product_category-couverture-en-membrane","product_category-systemes-pour-toitures-terrasses","product_category-toit-en-beton","product_category-toitures-vertes-en-gravier"],"acf":[],"yoast_head":"<!-- This site is optimized with the Yoast SEO Premium plugin v27.0 (Yoast SEO v27.0) - https:\/\/yoast.com\/product\/yoast-seo-premium-wordpress\/ -->\n<title>Syst\u00e8me K2 Dome V - K2 Systems<\/title>\n<meta name=\"description\" content=\"Meilleure absorption des tol\u00e9rances, rails avec support de ballast int\u00e9gr\u00e9, patin de support souple avec un tr\u00e8s bon coefficient de friction et un faible volume de transport.\" \/>\n<meta name=\"robots\" content=\"index, follow, max-snippet:-1, max-image-preview:large, max-video-preview:-1\" \/>\n<link rel=\"canonical\" href=\"https:\/\/k2-systems.com\/fr\/solutions-de-produits\/systemes-dome-v\/\" \/>\n<meta property=\"og:locale\" content=\"fr_FR\" \/>\n<meta property=\"og:type\" content=\"article\" \/>\n<meta property=\"og:title\" content=\"Syst\u00e8me K2 Dome V\" \/>\n<meta property=\"og:description\" content=\"Meilleure absorption des tol\u00e9rances, rails avec support de ballast int\u00e9gr\u00e9, patin de support souple avec un tr\u00e8s bon coefficient de friction et un faible volume de transport.\" \/>\n<meta property=\"og:url\" content=\"https:\/\/k2-systems.com\/fr\/solutions-de-produits\/systemes-dome-v\/\" \/>\n<meta property=\"og:site_name\" content=\"K2 Systems\" \/>\n<meta property=\"article:modified_time\" content=\"2023-03-02T12:51:13+00:00\" \/>\n<meta property=\"og:image\" content=\"https:\/\/k2-systems.com\/wp-content\/uploads\/2022\/05\/Dome-V-Beitragsbild.jpg\" \/>\n\t<meta property=\"og:image:width\" content=\"597\" \/>\n\t<meta property=\"og:image:height\" content=\"400\" \/>\n\t<meta property=\"og:image:type\" content=\"image\/jpeg\" \/>\n<meta name=\"twitter:card\" content=\"summary_large_image\" \/>\n<script type=\"application\/ld+json\" class=\"yoast-schema-graph\">{\"@context\":\"https:\/\/schema.org\",\"@graph\":[{\"@type\":\"WebPage\",\"@id\":\"https:\/\/k2-systems.com\/fr\/solutions-de-produits\/systemes-dome-v\/\",\"url\":\"https:\/\/k2-systems.com\/fr\/solutions-de-produits\/systemes-dome-v\/\",\"name\":\"Syst\u00e8me K2 Dome V - K2 Systems\",\"isPartOf\":{\"@id\":\"https:\/\/k2-systems.com\/fr\/#website\"},\"primaryImageOfPage\":{\"@id\":\"https:\/\/k2-systems.com\/fr\/solutions-de-produits\/systemes-dome-v\/#primaryimage\"},\"image\":{\"@id\":\"https:\/\/k2-systems.com\/fr\/solutions-de-produits\/systemes-dome-v\/#primaryimage\"},\"thumbnailUrl\":\"https:\/\/k2-systems.com\/wp-content\/uploads\/2022\/05\/Dome-V-Beitragsbild.jpg\",\"datePublished\":\"2022-05-03T07:11:31+00:00\",\"dateModified\":\"2023-03-02T12:51:13+00:00\",\"description\":\"Meilleure absorption des tol\u00e9rances, rails avec support de ballast int\u00e9gr\u00e9, patin de support souple avec un tr\u00e8s bon coefficient de friction et un faible volume de transport.\",\"breadcrumb\":{\"@id\":\"https:\/\/k2-systems.com\/fr\/solutions-de-produits\/systemes-dome-v\/#breadcrumb\"},\"inLanguage\":\"fr-FR\",\"potentialAction\":[{\"@type\":\"ReadAction\",\"target\":[\"https:\/\/k2-systems.com\/fr\/solutions-de-produits\/systemes-dome-v\/\"]}]},{\"@type\":\"ImageObject\",\"inLanguage\":\"fr-FR\",\"@id\":\"https:\/\/k2-systems.com\/fr\/solutions-de-produits\/systemes-dome-v\/#primaryimage\",\"url\":\"https:\/\/k2-systems.com\/wp-content\/uploads\/2022\/05\/Dome-V-Beitragsbild.jpg\",\"contentUrl\":\"https:\/\/k2-systems.com\/wp-content\/uploads\/2022\/05\/Dome-V-Beitragsbild.jpg\",\"width\":597,\"height\":400},{\"@type\":\"BreadcrumbList\",\"@id\":\"https:\/\/k2-systems.com\/fr\/solutions-de-produits\/systemes-dome-v\/#breadcrumb\",\"itemListElement\":[{\"@type\":\"ListItem\",\"position\":1,\"name\":\"Home\",\"item\":\"https:\/\/k2-systems.com\/fr\/\"},{\"@type\":\"ListItem\",\"position\":2,\"name\":\"Syst\u00e8me K2 Dome V\"}]},{\"@type\":\"WebSite\",\"@id\":\"https:\/\/k2-systems.com\/fr\/#website\",\"url\":\"https:\/\/k2-systems.com\/fr\/\",\"name\":\"K2 Systems\",\"description\":\"K2 Systems WP\",\"publisher\":{\"@id\":\"https:\/\/k2-systems.com\/fr\/#organization\"},\"potentialAction\":[{\"@type\":\"SearchAction\",\"target\":{\"@type\":\"EntryPoint\",\"urlTemplate\":\"https:\/\/k2-systems.com\/fr\/?s={search_term_string}\"},\"query-input\":{\"@type\":\"PropertyValueSpecification\",\"valueRequired\":true,\"valueName\":\"search_term_string\"}}],\"inLanguage\":\"fr-FR\"},{\"@type\":\"Organization\",\"@id\":\"https:\/\/k2-systems.com\/fr\/#organization\",\"name\":\"K2 Systems\",\"url\":\"https:\/\/k2-systems.com\/fr\/\",\"logo\":{\"@type\":\"ImageObject\",\"inLanguage\":\"fr-FR\",\"@id\":\"https:\/\/k2-systems.com\/fr\/#\/schema\/logo\/image\/\",\"url\":\"https:\/\/k2-systems.com\/wp-content\/uploads\/2022\/02\/logo_512x512.png\",\"contentUrl\":\"https:\/\/k2-systems.com\/wp-content\/uploads\/2022\/02\/logo_512x512.png\",\"width\":512,\"height\":512,\"caption\":\"K2 Systems\"},\"image\":{\"@id\":\"https:\/\/k2-systems.com\/fr\/#\/schema\/logo\/image\/\"}}]}<\/script>\n<!-- \/ Yoast SEO Premium plugin. -->","yoast_head_json":{"title":"Syst\u00e8me K2 Dome V - K2 Systems","description":"Meilleure absorption des tol\u00e9rances, rails avec support de ballast int\u00e9gr\u00e9, patin de support souple avec un tr\u00e8s bon coefficient de friction et un faible volume de transport.","robots":{"index":"index","follow":"follow","max-snippet":"max-snippet:-1","max-image-preview":"max-image-preview:large","max-video-preview":"max-video-preview:-1"},"canonical":"https:\/\/k2-systems.com\/fr\/solutions-de-produits\/systemes-dome-v\/","og_locale":"fr_FR","og_type":"article","og_title":"Syst\u00e8me K2 Dome V","og_description":"Meilleure absorption des tol\u00e9rances, rails avec support de ballast int\u00e9gr\u00e9, patin de support souple avec un tr\u00e8s bon coefficient de friction et un faible volume de transport.","og_url":"https:\/\/k2-systems.com\/fr\/solutions-de-produits\/systemes-dome-v\/","og_site_name":"K2 Systems","article_modified_time":"2023-03-02T12:51:13+00:00","og_image":[{"width":597,"height":400,"url":"https:\/\/k2-systems.com\/wp-content\/uploads\/2022\/05\/Dome-V-Beitragsbild.jpg","type":"image\/jpeg"}],"twitter_card":"summary_large_image","schema":{"@context":"https:\/\/schema.org","@graph":[{"@type":"WebPage","@id":"https:\/\/k2-systems.com\/fr\/solutions-de-produits\/systemes-dome-v\/","url":"https:\/\/k2-systems.com\/fr\/solutions-de-produits\/systemes-dome-v\/","name":"Syst\u00e8me K2 Dome V - K2 Systems","isPartOf":{"@id":"https:\/\/k2-systems.com\/fr\/#website"},"primaryImageOfPage":{"@id":"https:\/\/k2-systems.com\/fr\/solutions-de-produits\/systemes-dome-v\/#primaryimage"},"image":{"@id":"https:\/\/k2-systems.com\/fr\/solutions-de-produits\/systemes-dome-v\/#primaryimage"},"thumbnailUrl":"https:\/\/k2-systems.com\/wp-content\/uploads\/2022\/05\/Dome-V-Beitragsbild.jpg","datePublished":"2022-05-03T07:11:31+00:00","dateModified":"2023-03-02T12:51:13+00:00","description":"Meilleure absorption des tol\u00e9rances, rails avec support de ballast int\u00e9gr\u00e9, patin de support souple avec un tr\u00e8s bon coefficient de friction et un faible volume de transport.","breadcrumb":{"@id":"https:\/\/k2-systems.com\/fr\/solutions-de-produits\/systemes-dome-v\/#breadcrumb"},"inLanguage":"fr-FR","potentialAction":[{"@type":"ReadAction","target":["https:\/\/k2-systems.com\/fr\/solutions-de-produits\/systemes-dome-v\/"]}]},{"@type":"ImageObject","inLanguage":"fr-FR","@id":"https:\/\/k2-systems.com\/fr\/solutions-de-produits\/systemes-dome-v\/#primaryimage","url":"https:\/\/k2-systems.com\/wp-content\/uploads\/2022\/05\/Dome-V-Beitragsbild.jpg","contentUrl":"https:\/\/k2-systems.com\/wp-content\/uploads\/2022\/05\/Dome-V-Beitragsbild.jpg","width":597,"height":400},{"@type":"BreadcrumbList","@id":"https:\/\/k2-systems.com\/fr\/solutions-de-produits\/systemes-dome-v\/#breadcrumb","itemListElement":[{"@type":"ListItem","position":1,"name":"Home","item":"https:\/\/k2-systems.com\/fr\/"},{"@type":"ListItem","position":2,"name":"Syst\u00e8me K2 Dome V"}]},{"@type":"WebSite","@id":"https:\/\/k2-systems.com\/fr\/#website","url":"https:\/\/k2-systems.com\/fr\/","name":"K2 Systems","description":"K2 Systems WP","publisher":{"@id":"https:\/\/k2-systems.com\/fr\/#organization"},"potentialAction":[{"@type":"SearchAction","target":{"@type":"EntryPoint","urlTemplate":"https:\/\/k2-systems.com\/fr\/?s={search_term_string}"},"query-input":{"@type":"PropertyValueSpecification","valueRequired":true,"valueName":"search_term_string"}}],"inLanguage":"fr-FR"},{"@type":"Organization","@id":"https:\/\/k2-systems.com\/fr\/#organization","name":"K2 Systems","url":"https:\/\/k2-systems.com\/fr\/","logo":{"@type":"ImageObject","inLanguage":"fr-FR","@id":"https:\/\/k2-systems.com\/fr\/#\/schema\/logo\/image\/","url":"https:\/\/k2-systems.com\/wp-content\/uploads\/2022\/02\/logo_512x512.png","contentUrl":"https:\/\/k2-systems.com\/wp-content\/uploads\/2022\/02\/logo_512x512.png","width":512,"height":512,"caption":"K2 Systems"},"image":{"@id":"https:\/\/k2-systems.com\/fr\/#\/schema\/logo\/image\/"}}]}},"_links":{"self":[{"href":"https:\/\/k2-systems.com\/fr\/wp-json\/wp\/v2\/product\/9716","targetHints":{"allow":["GET"]}}],"collection":[{"href":"https:\/\/k2-systems.com\/fr\/wp-json\/wp\/v2\/product"}],"about":[{"href":"https:\/\/k2-systems.com\/fr\/wp-json\/wp\/v2\/types\/product"}],"wp:featuredmedia":[{"embeddable":true,"href":"https:\/\/k2-systems.com\/fr\/wp-json\/wp\/v2\/media\/9983"}],"wp:attachment":[{"href":"https:\/\/k2-systems.com\/fr\/wp-json\/wp\/v2\/media?parent=9716"}],"wp:term":[{"taxonomy":"product_category","embeddable":true,"href":"https:\/\/k2-systems.com\/fr\/wp-json\/wp\/v2\/product_category?post=9716"}],"curies":[{"name":"wp","href":"https:\/\/api.w.org\/{rel}","templated":true}]}}