{"id":1115,"date":"2022-03-16T14:35:37","date_gmt":"2022-03-16T14:35:37","guid":{"rendered":"https:\/\/k2systemswp.local\/career\/"},"modified":"2025-07-30T12:10:04","modified_gmt":"2025-07-30T10:10:04","slug":"career","status":"publish","type":"page","link":"https:\/\/k2-systems.com\/it\/azienda\/career\/","title":{"rendered":"Carriera"},"content":{"rendered":"","protected":false},"excerpt":{"rendered":"","protected":false},"author":15,"featured_media":0,"parent":526,"menu_order":7,"comment_status":"closed","ping_status":"closed","template":"","meta":{"_acf_changed":false,"content-type":"","footnotes":""},"class_list":["post-1115","page","type-page","status-publish","hentry"],"acf":[],"yoast_head":"<!-- This site is optimized with the Yoast SEO Premium plugin v27.0 (Yoast SEO v27.0) - https:\/\/yoast.com\/product\/yoast-seo-premium-wordpress\/ -->\n<title>Carriera - K2 Systems<\/title>\n<meta name=\"description\" content=\"Alla K2, ci sono molte opportunit\u00e0 come dipendente. Qui si pu\u00f2 contribuire a plasmare il futuro dell&#039;energia e la libert\u00e0 personale \u00e8 importante per noi.\" \/>\n<meta name=\"robots\" content=\"index, follow, max-snippet:-1, max-image-preview:large, max-video-preview:-1\" \/>\n<link rel=\"canonical\" href=\"https:\/\/k2-systems.com\/it\/azienda\/career\/\" \/>\n<meta property=\"og:locale\" content=\"it_IT\" \/>\n<meta property=\"og:type\" content=\"article\" \/>\n<meta property=\"og:title\" content=\"Carriera\" \/>\n<meta property=\"og:description\" content=\"Alla K2, ci sono molte opportunit\u00e0 come dipendente. Qui si pu\u00f2 contribuire a plasmare il futuro dell&#039;energia e la libert\u00e0 personale \u00e8 importante per noi.\" \/>\n<meta property=\"og:url\" content=\"https:\/\/k2-systems.com\/it\/azienda\/career\/\" \/>\n<meta property=\"og:site_name\" content=\"K2 Systems\" \/>\n<meta property=\"article:modified_time\" content=\"2025-07-30T10:10:04+00:00\" \/>\n<meta property=\"og:image\" content=\"https:\/\/k2-systems.com\/wp-content\/uploads\/2023\/04\/Carrer-Header.jpg\" \/>\n\t<meta property=\"og:image:width\" content=\"912\" \/>\n\t<meta property=\"og:image:height\" content=\"760\" \/>\n\t<meta property=\"og:image:type\" content=\"image\/png\" \/>\n<meta name=\"twitter:card\" content=\"summary_large_image\" \/>\n<script type=\"application\/ld+json\" class=\"yoast-schema-graph\">{\"@context\":\"https:\/\/schema.org\",\"@graph\":[{\"@type\":\"WebPage\",\"@id\":\"https:\/\/k2-systems.com\/it\/azienda\/career\/\",\"url\":\"https:\/\/k2-systems.com\/it\/azienda\/career\/\",\"name\":\"Carriera - K2 Systems\",\"isPartOf\":{\"@id\":\"https:\/\/k2-systems.com\/it\/#website\"},\"datePublished\":\"2022-03-16T14:35:37+00:00\",\"dateModified\":\"2025-07-30T10:10:04+00:00\",\"description\":\"Alla K2, ci sono molte opportunit\u00e0 come dipendente. Qui si pu\u00f2 contribuire a plasmare il futuro dell'energia e la libert\u00e0 personale \u00e8 importante per noi.\",\"breadcrumb\":{\"@id\":\"https:\/\/k2-systems.com\/it\/azienda\/career\/#breadcrumb\"},\"inLanguage\":\"it-IT\",\"potentialAction\":[{\"@type\":\"ReadAction\",\"target\":[\"https:\/\/k2-systems.com\/it\/azienda\/career\/\"]}]},{\"@type\":\"BreadcrumbList\",\"@id\":\"https:\/\/k2-systems.com\/it\/azienda\/career\/#breadcrumb\",\"itemListElement\":[{\"@type\":\"ListItem\",\"position\":1,\"name\":\"Home\",\"item\":\"https:\/\/k2-systems.com\/it\/\"},{\"@type\":\"ListItem\",\"position\":2,\"name\":\"Azienda\",\"item\":\"https:\/\/k2-systems.com\/it\/azienda\/\"},{\"@type\":\"ListItem\",\"position\":3,\"name\":\"Carriera\"}]},{\"@type\":\"WebSite\",\"@id\":\"https:\/\/k2-systems.com\/it\/#website\",\"url\":\"https:\/\/k2-systems.com\/it\/\",\"name\":\"K2 Systems\",\"description\":\"K2 Systems WP\",\"publisher\":{\"@id\":\"https:\/\/k2-systems.com\/it\/#organization\"},\"potentialAction\":[{\"@type\":\"SearchAction\",\"target\":{\"@type\":\"EntryPoint\",\"urlTemplate\":\"https:\/\/k2-systems.com\/it\/?s={search_term_string}\"},\"query-input\":{\"@type\":\"PropertyValueSpecification\",\"valueRequired\":true,\"valueName\":\"search_term_string\"}}],\"inLanguage\":\"it-IT\"},{\"@type\":\"Organization\",\"@id\":\"https:\/\/k2-systems.com\/it\/#organization\",\"name\":\"K2 Systems\",\"url\":\"https:\/\/k2-systems.com\/it\/\",\"logo\":{\"@type\":\"ImageObject\",\"inLanguage\":\"it-IT\",\"@id\":\"https:\/\/k2-systems.com\/it\/#\/schema\/logo\/image\/\",\"url\":\"https:\/\/k2-systems.com\/wp-content\/uploads\/2022\/02\/logo_512x512.png\",\"contentUrl\":\"https:\/\/k2-systems.com\/wp-content\/uploads\/2022\/02\/logo_512x512.png\",\"width\":512,\"height\":512,\"caption\":\"K2 Systems\"},\"image\":{\"@id\":\"https:\/\/k2-systems.com\/it\/#\/schema\/logo\/image\/\"}}]}<\/script>\n<!-- \/ Yoast SEO Premium plugin. -->","yoast_head_json":{"title":"Carriera - K2 Systems","description":"Alla K2, ci sono molte opportunit\u00e0 come dipendente. Qui si pu\u00f2 contribuire a plasmare il futuro dell'energia e la libert\u00e0 personale \u00e8 importante per noi.","robots":{"index":"index","follow":"follow","max-snippet":"max-snippet:-1","max-image-preview":"max-image-preview:large","max-video-preview":"max-video-preview:-1"},"canonical":"https:\/\/k2-systems.com\/it\/azienda\/career\/","og_locale":"it_IT","og_type":"article","og_title":"Carriera","og_description":"Alla K2, ci sono molte opportunit\u00e0 come dipendente. Qui si pu\u00f2 contribuire a plasmare il futuro dell'energia e la libert\u00e0 personale \u00e8 importante per noi.","og_url":"https:\/\/k2-systems.com\/it\/azienda\/career\/","og_site_name":"K2 Systems","article_modified_time":"2025-07-30T10:10:04+00:00","og_image":[{"width":912,"height":760,"url":"https:\/\/k2-systems.com\/wp-content\/uploads\/2023\/04\/Carrer-Header.jpg","type":"image\/png"}],"twitter_card":"summary_large_image","schema":{"@context":"https:\/\/schema.org","@graph":[{"@type":"WebPage","@id":"https:\/\/k2-systems.com\/it\/azienda\/career\/","url":"https:\/\/k2-systems.com\/it\/azienda\/career\/","name":"Carriera - K2 Systems","isPartOf":{"@id":"https:\/\/k2-systems.com\/it\/#website"},"datePublished":"2022-03-16T14:35:37+00:00","dateModified":"2025-07-30T10:10:04+00:00","description":"Alla K2, ci sono molte opportunit\u00e0 come dipendente. Qui si pu\u00f2 contribuire a plasmare il futuro dell'energia e la libert\u00e0 personale \u00e8 importante per noi.","breadcrumb":{"@id":"https:\/\/k2-systems.com\/it\/azienda\/career\/#breadcrumb"},"inLanguage":"it-IT","potentialAction":[{"@type":"ReadAction","target":["https:\/\/k2-systems.com\/it\/azienda\/career\/"]}]},{"@type":"BreadcrumbList","@id":"https:\/\/k2-systems.com\/it\/azienda\/career\/#breadcrumb","itemListElement":[{"@type":"ListItem","position":1,"name":"Home","item":"https:\/\/k2-systems.com\/it\/"},{"@type":"ListItem","position":2,"name":"Azienda","item":"https:\/\/k2-systems.com\/it\/azienda\/"},{"@type":"ListItem","position":3,"name":"Carriera"}]},{"@type":"WebSite","@id":"https:\/\/k2-systems.com\/it\/#website","url":"https:\/\/k2-systems.com\/it\/","name":"K2 Systems","description":"K2 Systems WP","publisher":{"@id":"https:\/\/k2-systems.com\/it\/#organization"},"potentialAction":[{"@type":"SearchAction","target":{"@type":"EntryPoint","urlTemplate":"https:\/\/k2-systems.com\/it\/?s={search_term_string}"},"query-input":{"@type":"PropertyValueSpecification","valueRequired":true,"valueName":"search_term_string"}}],"inLanguage":"it-IT"},{"@type":"Organization","@id":"https:\/\/k2-systems.com\/it\/#organization","name":"K2 Systems","url":"https:\/\/k2-systems.com\/it\/","logo":{"@type":"ImageObject","inLanguage":"it-IT","@id":"https:\/\/k2-systems.com\/it\/#\/schema\/logo\/image\/","url":"https:\/\/k2-systems.com\/wp-content\/uploads\/2022\/02\/logo_512x512.png","contentUrl":"https:\/\/k2-systems.com\/wp-content\/uploads\/2022\/02\/logo_512x512.png","width":512,"height":512,"caption":"K2 Systems"},"image":{"@id":"https:\/\/k2-systems.com\/it\/#\/schema\/logo\/image\/"}}]}},"_links":{"self":[{"href":"https:\/\/k2-systems.com\/it\/wp-json\/wp\/v2\/pages\/1115","targetHints":{"allow":["GET"]}}],"collection":[{"href":"https:\/\/k2-systems.com\/it\/wp-json\/wp\/v2\/pages"}],"about":[{"href":"https:\/\/k2-systems.com\/it\/wp-json\/wp\/v2\/types\/page"}],"author":[{"embeddable":true,"href":"https:\/\/k2-systems.com\/it\/wp-json\/wp\/v2\/users\/15"}],"replies":[{"embeddable":true,"href":"https:\/\/k2-systems.com\/it\/wp-json\/wp\/v2\/comments?post=1115"}],"version-history":[{"count":0,"href":"https:\/\/k2-systems.com\/it\/wp-json\/wp\/v2\/pages\/1115\/revisions"}],"up":[{"embeddable":true,"href":"https:\/\/k2-systems.com\/it\/wp-json\/wp\/v2\/pages\/526"}],"wp:attachment":[{"href":"https:\/\/k2-systems.com\/it\/wp-json\/wp\/v2\/media?parent=1115"}],"curies":[{"name":"wp","href":"https:\/\/api.w.org\/{rel}","templated":true}]}}