{"id":25289,"date":"2022-08-16T15:36:45","date_gmt":"2022-08-16T13:36:45","guid":{"rendered":"https:\/\/k2-systems.com\/solucoes-de-produtos\/accessories\/"},"modified":"2024-03-04T14:13:20","modified_gmt":"2024-03-04T13:13:20","slug":"acessorios","status":"publish","type":"page","link":"https:\/\/k2-systems.com\/pt-pt\/solucoes-de-produtos\/acessorios\/","title":{"rendered":"Acess\u00f3rios"},"content":{"rendered":"","protected":false},"excerpt":{"rendered":"","protected":false},"author":12,"featured_media":0,"parent":2621,"menu_order":0,"comment_status":"closed","ping_status":"closed","template":"","meta":{"_acf_changed":false,"content-type":"","footnotes":""},"class_list":["post-25289","page","type-page","status-publish","hentry"],"acf":[],"yoast_head":"<!-- This site is optimized with the Yoast SEO Premium plugin v27.0 (Yoast SEO v27.0) - https:\/\/yoast.com\/product\/yoast-seo-premium-wordpress\/ -->\n<title>Acess\u00f3rios - K2 Systems<\/title>\n<meta name=\"description\" content=\"Componentes opcionais para os sistemas de montagem K2: Protec\u00e7\u00e3o contra raios e equaliza\u00e7\u00e3o de potencial, protec\u00e7\u00e3o contra quedas, coeficientes de fric\u00e7\u00e3o, bem como gest\u00e3o de cabos.\" \/>\n<meta name=\"robots\" content=\"index, follow, max-snippet:-1, max-image-preview:large, max-video-preview:-1\" \/>\n<link rel=\"canonical\" href=\"https:\/\/k2-systems.com\/pt-pt\/solucoes-de-produtos\/acessorios\/\" \/>\n<meta property=\"og:locale\" content=\"pt_PT\" \/>\n<meta property=\"og:type\" content=\"article\" \/>\n<meta property=\"og:title\" content=\"Acess\u00f3rios\" \/>\n<meta property=\"og:description\" content=\"Componentes opcionais para os sistemas de montagem K2: Protec\u00e7\u00e3o contra raios e equaliza\u00e7\u00e3o de potencial, protec\u00e7\u00e3o contra quedas, coeficientes de fric\u00e7\u00e3o, bem como gest\u00e3o de cabos.\" \/>\n<meta property=\"og:url\" content=\"https:\/\/k2-systems.com\/pt-pt\/solucoes-de-produtos\/acessorios\/\" \/>\n<meta property=\"og:site_name\" content=\"K2 Systems\" \/>\n<meta property=\"article:modified_time\" content=\"2024-03-04T13:13:20+00:00\" \/>\n<meta property=\"og:image\" content=\"https:\/\/k2-systems.com\/wp-content\/uploads\/2022\/06\/Accessories-150x150-1.png\" \/>\n\t<meta property=\"og:image:width\" content=\"150\" \/>\n\t<meta property=\"og:image:height\" content=\"150\" \/>\n\t<meta property=\"og:image:type\" content=\"image\/png\" \/>\n<meta name=\"twitter:card\" content=\"summary_large_image\" \/>\n<script type=\"application\/ld+json\" class=\"yoast-schema-graph\">{\"@context\":\"https:\/\/schema.org\",\"@graph\":[{\"@type\":\"WebPage\",\"@id\":\"https:\/\/k2-systems.com\/pt-pt\/solucoes-de-produtos\/acessorios\/\",\"url\":\"https:\/\/k2-systems.com\/pt-pt\/solucoes-de-produtos\/acessorios\/\",\"name\":\"Acess\u00f3rios - K2 Systems\",\"isPartOf\":{\"@id\":\"https:\/\/k2-systems.com\/pt-pt\/#website\"},\"datePublished\":\"2022-08-16T13:36:45+00:00\",\"dateModified\":\"2024-03-04T13:13:20+00:00\",\"description\":\"Componentes opcionais para os sistemas de montagem K2: Protec\u00e7\u00e3o contra raios e equaliza\u00e7\u00e3o de potencial, protec\u00e7\u00e3o contra quedas, coeficientes de fric\u00e7\u00e3o, bem como gest\u00e3o de cabos.\",\"breadcrumb\":{\"@id\":\"https:\/\/k2-systems.com\/pt-pt\/solucoes-de-produtos\/acessorios\/#breadcrumb\"},\"inLanguage\":\"pt-PT\",\"potentialAction\":[{\"@type\":\"ReadAction\",\"target\":[\"https:\/\/k2-systems.com\/pt-pt\/solucoes-de-produtos\/acessorios\/\"]}]},{\"@type\":\"BreadcrumbList\",\"@id\":\"https:\/\/k2-systems.com\/pt-pt\/solucoes-de-produtos\/acessorios\/#breadcrumb\",\"itemListElement\":[{\"@type\":\"ListItem\",\"position\":1,\"name\":\"Home\",\"item\":\"https:\/\/k2-systems.com\/pt-pt\/\"},{\"@type\":\"ListItem\",\"position\":2,\"name\":\"Sistemas de montagem\",\"item\":\"https:\/\/k2-systems.com\/pt-pt\/solucoes-de-produtos\/\"},{\"@type\":\"ListItem\",\"position\":3,\"name\":\"Acess\u00f3rios\"}]},{\"@type\":\"WebSite\",\"@id\":\"https:\/\/k2-systems.com\/pt-pt\/#website\",\"url\":\"https:\/\/k2-systems.com\/pt-pt\/\",\"name\":\"K2 Systems\",\"description\":\"K2 Systems WP\",\"publisher\":{\"@id\":\"https:\/\/k2-systems.com\/pt-pt\/#organization\"},\"potentialAction\":[{\"@type\":\"SearchAction\",\"target\":{\"@type\":\"EntryPoint\",\"urlTemplate\":\"https:\/\/k2-systems.com\/pt-pt\/?s={search_term_string}\"},\"query-input\":{\"@type\":\"PropertyValueSpecification\",\"valueRequired\":true,\"valueName\":\"search_term_string\"}}],\"inLanguage\":\"pt-PT\"},{\"@type\":\"Organization\",\"@id\":\"https:\/\/k2-systems.com\/pt-pt\/#organization\",\"name\":\"K2 Systems\",\"url\":\"https:\/\/k2-systems.com\/pt-pt\/\",\"logo\":{\"@type\":\"ImageObject\",\"inLanguage\":\"pt-PT\",\"@id\":\"https:\/\/k2-systems.com\/pt-pt\/#\/schema\/logo\/image\/\",\"url\":\"https:\/\/k2-systems.com\/wp-content\/uploads\/2022\/02\/logo_512x512.png\",\"contentUrl\":\"https:\/\/k2-systems.com\/wp-content\/uploads\/2022\/02\/logo_512x512.png\",\"width\":512,\"height\":512,\"caption\":\"K2 Systems\"},\"image\":{\"@id\":\"https:\/\/k2-systems.com\/pt-pt\/#\/schema\/logo\/image\/\"}}]}<\/script>\n<!-- \/ Yoast SEO Premium plugin. -->","yoast_head_json":{"title":"Acess\u00f3rios - K2 Systems","description":"Componentes opcionais para os sistemas de montagem K2: Protec\u00e7\u00e3o contra raios e equaliza\u00e7\u00e3o de potencial, protec\u00e7\u00e3o contra quedas, coeficientes de fric\u00e7\u00e3o, bem como gest\u00e3o de cabos.","robots":{"index":"index","follow":"follow","max-snippet":"max-snippet:-1","max-image-preview":"max-image-preview:large","max-video-preview":"max-video-preview:-1"},"canonical":"https:\/\/k2-systems.com\/pt-pt\/solucoes-de-produtos\/acessorios\/","og_locale":"pt_PT","og_type":"article","og_title":"Acess\u00f3rios","og_description":"Componentes opcionais para os sistemas de montagem K2: Protec\u00e7\u00e3o contra raios e equaliza\u00e7\u00e3o de potencial, protec\u00e7\u00e3o contra quedas, coeficientes de fric\u00e7\u00e3o, bem como gest\u00e3o de cabos.","og_url":"https:\/\/k2-systems.com\/pt-pt\/solucoes-de-produtos\/acessorios\/","og_site_name":"K2 Systems","article_modified_time":"2024-03-04T13:13:20+00:00","og_image":[{"width":150,"height":150,"url":"https:\/\/k2-systems.com\/wp-content\/uploads\/2022\/06\/Accessories-150x150-1.png","type":"image\/png"}],"twitter_card":"summary_large_image","schema":{"@context":"https:\/\/schema.org","@graph":[{"@type":"WebPage","@id":"https:\/\/k2-systems.com\/pt-pt\/solucoes-de-produtos\/acessorios\/","url":"https:\/\/k2-systems.com\/pt-pt\/solucoes-de-produtos\/acessorios\/","name":"Acess\u00f3rios - K2 Systems","isPartOf":{"@id":"https:\/\/k2-systems.com\/pt-pt\/#website"},"datePublished":"2022-08-16T13:36:45+00:00","dateModified":"2024-03-04T13:13:20+00:00","description":"Componentes opcionais para os sistemas de montagem K2: Protec\u00e7\u00e3o contra raios e equaliza\u00e7\u00e3o de potencial, protec\u00e7\u00e3o contra quedas, coeficientes de fric\u00e7\u00e3o, bem como gest\u00e3o de cabos.","breadcrumb":{"@id":"https:\/\/k2-systems.com\/pt-pt\/solucoes-de-produtos\/acessorios\/#breadcrumb"},"inLanguage":"pt-PT","potentialAction":[{"@type":"ReadAction","target":["https:\/\/k2-systems.com\/pt-pt\/solucoes-de-produtos\/acessorios\/"]}]},{"@type":"BreadcrumbList","@id":"https:\/\/k2-systems.com\/pt-pt\/solucoes-de-produtos\/acessorios\/#breadcrumb","itemListElement":[{"@type":"ListItem","position":1,"name":"Home","item":"https:\/\/k2-systems.com\/pt-pt\/"},{"@type":"ListItem","position":2,"name":"Sistemas de montagem","item":"https:\/\/k2-systems.com\/pt-pt\/solucoes-de-produtos\/"},{"@type":"ListItem","position":3,"name":"Acess\u00f3rios"}]},{"@type":"WebSite","@id":"https:\/\/k2-systems.com\/pt-pt\/#website","url":"https:\/\/k2-systems.com\/pt-pt\/","name":"K2 Systems","description":"K2 Systems WP","publisher":{"@id":"https:\/\/k2-systems.com\/pt-pt\/#organization"},"potentialAction":[{"@type":"SearchAction","target":{"@type":"EntryPoint","urlTemplate":"https:\/\/k2-systems.com\/pt-pt\/?s={search_term_string}"},"query-input":{"@type":"PropertyValueSpecification","valueRequired":true,"valueName":"search_term_string"}}],"inLanguage":"pt-PT"},{"@type":"Organization","@id":"https:\/\/k2-systems.com\/pt-pt\/#organization","name":"K2 Systems","url":"https:\/\/k2-systems.com\/pt-pt\/","logo":{"@type":"ImageObject","inLanguage":"pt-PT","@id":"https:\/\/k2-systems.com\/pt-pt\/#\/schema\/logo\/image\/","url":"https:\/\/k2-systems.com\/wp-content\/uploads\/2022\/02\/logo_512x512.png","contentUrl":"https:\/\/k2-systems.com\/wp-content\/uploads\/2022\/02\/logo_512x512.png","width":512,"height":512,"caption":"K2 Systems"},"image":{"@id":"https:\/\/k2-systems.com\/pt-pt\/#\/schema\/logo\/image\/"}}]}},"_links":{"self":[{"href":"https:\/\/k2-systems.com\/pt-pt\/wp-json\/wp\/v2\/pages\/25289","targetHints":{"allow":["GET"]}}],"collection":[{"href":"https:\/\/k2-systems.com\/pt-pt\/wp-json\/wp\/v2\/pages"}],"about":[{"href":"https:\/\/k2-systems.com\/pt-pt\/wp-json\/wp\/v2\/types\/page"}],"author":[{"embeddable":true,"href":"https:\/\/k2-systems.com\/pt-pt\/wp-json\/wp\/v2\/users\/12"}],"replies":[{"embeddable":true,"href":"https:\/\/k2-systems.com\/pt-pt\/wp-json\/wp\/v2\/comments?post=25289"}],"version-history":[{"count":0,"href":"https:\/\/k2-systems.com\/pt-pt\/wp-json\/wp\/v2\/pages\/25289\/revisions"}],"up":[{"embeddable":true,"href":"https:\/\/k2-systems.com\/pt-pt\/wp-json\/wp\/v2\/pages\/2621"}],"wp:attachment":[{"href":"https:\/\/k2-systems.com\/pt-pt\/wp-json\/wp\/v2\/media?parent=25289"}],"curies":[{"name":"wp","href":"https:\/\/api.w.org\/{rel}","templated":true}]}}