{"id":85768,"date":"2024-05-23T14:50:46","date_gmt":"2024-05-23T12:50:46","guid":{"rendered":"https:\/\/k2-systems.com\/?page_id=85768"},"modified":"2026-03-19T13:14:22","modified_gmt":"2026-03-19T12:14:22","slug":"sustentabilidade","status":"publish","type":"page","link":"https:\/\/k2-systems.com\/pt-pt\/empresa\/sustentabilidade\/","title":{"rendered":"Sustentabilidade"},"content":{"rendered":"","protected":false},"excerpt":{"rendered":"","protected":false},"author":10,"featured_media":0,"parent":1105,"menu_order":4,"comment_status":"closed","ping_status":"closed","template":"","meta":{"_acf_changed":false,"content-type":"","footnotes":""},"class_list":["post-85768","page","type-page","status-publish","hentry"],"acf":[],"yoast_head":"<!-- This site is optimized with the Yoast SEO Premium plugin v27.0 (Yoast SEO v27.0) - https:\/\/yoast.com\/product\/yoast-seo-premium-wordpress\/ -->\n<title>Sustentabilidade - K2 Systems<\/title>\n<meta name=\"description\" content=\"Atribu\u00edmos grande import\u00e2ncia \u00e0 sustentabilidade em todos os nossos processos de cria\u00e7\u00e3o de valor e no nosso comportamento e ac\u00e7\u00f5es di\u00e1rias. Apresentamos aqui algumas ideias sobre este assunto.\" \/>\n<meta name=\"robots\" content=\"index, follow, max-snippet:-1, max-image-preview:large, max-video-preview:-1\" \/>\n<link rel=\"canonical\" href=\"https:\/\/k2-systems.com\/pt-pt\/empresa\/sustentabilidade\/\" \/>\n<meta property=\"og:locale\" content=\"pt_PT\" \/>\n<meta property=\"og:type\" content=\"article\" \/>\n<meta property=\"og:title\" content=\"Sustentabilidade\" \/>\n<meta property=\"og:description\" content=\"Atribu\u00edmos grande import\u00e2ncia \u00e0 sustentabilidade em todos os nossos processos de cria\u00e7\u00e3o de valor e no nosso comportamento e ac\u00e7\u00f5es di\u00e1rias. Apresentamos aqui algumas ideias sobre este assunto.\" \/>\n<meta property=\"og:url\" content=\"https:\/\/k2-systems.com\/pt-pt\/empresa\/sustentabilidade\/\" \/>\n<meta property=\"og:site_name\" content=\"K2 Systems\" \/>\n<meta property=\"article:modified_time\" content=\"2026-03-19T12:14:22+00:00\" \/>\n<meta name=\"twitter:card\" content=\"summary_large_image\" \/>\n<script type=\"application\/ld+json\" class=\"yoast-schema-graph\">{\"@context\":\"https:\/\/schema.org\",\"@graph\":[{\"@type\":\"WebPage\",\"@id\":\"https:\/\/k2-systems.com\/pt-pt\/empresa\/sustentabilidade\/\",\"url\":\"https:\/\/k2-systems.com\/pt-pt\/empresa\/sustentabilidade\/\",\"name\":\"Sustentabilidade - K2 Systems\",\"isPartOf\":{\"@id\":\"https:\/\/k2-systems.com\/pt-pt\/#website\"},\"datePublished\":\"2024-05-23T12:50:46+00:00\",\"dateModified\":\"2026-03-19T12:14:22+00:00\",\"description\":\"Atribu\u00edmos grande import\u00e2ncia \u00e0 sustentabilidade em todos os nossos processos de cria\u00e7\u00e3o de valor e no nosso comportamento e ac\u00e7\u00f5es di\u00e1rias. Apresentamos aqui algumas ideias sobre este assunto.\",\"breadcrumb\":{\"@id\":\"https:\/\/k2-systems.com\/pt-pt\/empresa\/sustentabilidade\/#breadcrumb\"},\"inLanguage\":\"pt-PT\",\"potentialAction\":[{\"@type\":\"ReadAction\",\"target\":[\"https:\/\/k2-systems.com\/pt-pt\/empresa\/sustentabilidade\/\"]}]},{\"@type\":\"BreadcrumbList\",\"@id\":\"https:\/\/k2-systems.com\/pt-pt\/empresa\/sustentabilidade\/#breadcrumb\",\"itemListElement\":[{\"@type\":\"ListItem\",\"position\":1,\"name\":\"Home\",\"item\":\"https:\/\/k2-systems.com\/pt-pt\/\"},{\"@type\":\"ListItem\",\"position\":2,\"name\":\"Empresa\",\"item\":\"https:\/\/k2-systems.com\/pt-pt\/empresa\/\"},{\"@type\":\"ListItem\",\"position\":3,\"name\":\"Sustentabilidade\"}]},{\"@type\":\"WebSite\",\"@id\":\"https:\/\/k2-systems.com\/pt-pt\/#website\",\"url\":\"https:\/\/k2-systems.com\/pt-pt\/\",\"name\":\"K2 Systems\",\"description\":\"K2 Systems WP\",\"publisher\":{\"@id\":\"https:\/\/k2-systems.com\/pt-pt\/#organization\"},\"potentialAction\":[{\"@type\":\"SearchAction\",\"target\":{\"@type\":\"EntryPoint\",\"urlTemplate\":\"https:\/\/k2-systems.com\/pt-pt\/?s={search_term_string}\"},\"query-input\":{\"@type\":\"PropertyValueSpecification\",\"valueRequired\":true,\"valueName\":\"search_term_string\"}}],\"inLanguage\":\"pt-PT\"},{\"@type\":\"Organization\",\"@id\":\"https:\/\/k2-systems.com\/pt-pt\/#organization\",\"name\":\"K2 Systems\",\"url\":\"https:\/\/k2-systems.com\/pt-pt\/\",\"logo\":{\"@type\":\"ImageObject\",\"inLanguage\":\"pt-PT\",\"@id\":\"https:\/\/k2-systems.com\/pt-pt\/#\/schema\/logo\/image\/\",\"url\":\"https:\/\/k2-systems.com\/wp-content\/uploads\/2022\/02\/logo_512x512.png\",\"contentUrl\":\"https:\/\/k2-systems.com\/wp-content\/uploads\/2022\/02\/logo_512x512.png\",\"width\":512,\"height\":512,\"caption\":\"K2 Systems\"},\"image\":{\"@id\":\"https:\/\/k2-systems.com\/pt-pt\/#\/schema\/logo\/image\/\"}}]}<\/script>\n<!-- \/ Yoast SEO Premium plugin. -->","yoast_head_json":{"title":"Sustentabilidade - K2 Systems","description":"Atribu\u00edmos grande import\u00e2ncia \u00e0 sustentabilidade em todos os nossos processos de cria\u00e7\u00e3o de valor e no nosso comportamento e ac\u00e7\u00f5es di\u00e1rias. Apresentamos aqui algumas ideias sobre este assunto.","robots":{"index":"index","follow":"follow","max-snippet":"max-snippet:-1","max-image-preview":"max-image-preview:large","max-video-preview":"max-video-preview:-1"},"canonical":"https:\/\/k2-systems.com\/pt-pt\/empresa\/sustentabilidade\/","og_locale":"pt_PT","og_type":"article","og_title":"Sustentabilidade","og_description":"Atribu\u00edmos grande import\u00e2ncia \u00e0 sustentabilidade em todos os nossos processos de cria\u00e7\u00e3o de valor e no nosso comportamento e ac\u00e7\u00f5es di\u00e1rias. Apresentamos aqui algumas ideias sobre este assunto.","og_url":"https:\/\/k2-systems.com\/pt-pt\/empresa\/sustentabilidade\/","og_site_name":"K2 Systems","article_modified_time":"2026-03-19T12:14:22+00:00","twitter_card":"summary_large_image","schema":{"@context":"https:\/\/schema.org","@graph":[{"@type":"WebPage","@id":"https:\/\/k2-systems.com\/pt-pt\/empresa\/sustentabilidade\/","url":"https:\/\/k2-systems.com\/pt-pt\/empresa\/sustentabilidade\/","name":"Sustentabilidade - K2 Systems","isPartOf":{"@id":"https:\/\/k2-systems.com\/pt-pt\/#website"},"datePublished":"2024-05-23T12:50:46+00:00","dateModified":"2026-03-19T12:14:22+00:00","description":"Atribu\u00edmos grande import\u00e2ncia \u00e0 sustentabilidade em todos os nossos processos de cria\u00e7\u00e3o de valor e no nosso comportamento e ac\u00e7\u00f5es di\u00e1rias. Apresentamos aqui algumas ideias sobre este assunto.","breadcrumb":{"@id":"https:\/\/k2-systems.com\/pt-pt\/empresa\/sustentabilidade\/#breadcrumb"},"inLanguage":"pt-PT","potentialAction":[{"@type":"ReadAction","target":["https:\/\/k2-systems.com\/pt-pt\/empresa\/sustentabilidade\/"]}]},{"@type":"BreadcrumbList","@id":"https:\/\/k2-systems.com\/pt-pt\/empresa\/sustentabilidade\/#breadcrumb","itemListElement":[{"@type":"ListItem","position":1,"name":"Home","item":"https:\/\/k2-systems.com\/pt-pt\/"},{"@type":"ListItem","position":2,"name":"Empresa","item":"https:\/\/k2-systems.com\/pt-pt\/empresa\/"},{"@type":"ListItem","position":3,"name":"Sustentabilidade"}]},{"@type":"WebSite","@id":"https:\/\/k2-systems.com\/pt-pt\/#website","url":"https:\/\/k2-systems.com\/pt-pt\/","name":"K2 Systems","description":"K2 Systems WP","publisher":{"@id":"https:\/\/k2-systems.com\/pt-pt\/#organization"},"potentialAction":[{"@type":"SearchAction","target":{"@type":"EntryPoint","urlTemplate":"https:\/\/k2-systems.com\/pt-pt\/?s={search_term_string}"},"query-input":{"@type":"PropertyValueSpecification","valueRequired":true,"valueName":"search_term_string"}}],"inLanguage":"pt-PT"},{"@type":"Organization","@id":"https:\/\/k2-systems.com\/pt-pt\/#organization","name":"K2 Systems","url":"https:\/\/k2-systems.com\/pt-pt\/","logo":{"@type":"ImageObject","inLanguage":"pt-PT","@id":"https:\/\/k2-systems.com\/pt-pt\/#\/schema\/logo\/image\/","url":"https:\/\/k2-systems.com\/wp-content\/uploads\/2022\/02\/logo_512x512.png","contentUrl":"https:\/\/k2-systems.com\/wp-content\/uploads\/2022\/02\/logo_512x512.png","width":512,"height":512,"caption":"K2 Systems"},"image":{"@id":"https:\/\/k2-systems.com\/pt-pt\/#\/schema\/logo\/image\/"}}]}},"_links":{"self":[{"href":"https:\/\/k2-systems.com\/pt-pt\/wp-json\/wp\/v2\/pages\/85768","targetHints":{"allow":["GET"]}}],"collection":[{"href":"https:\/\/k2-systems.com\/pt-pt\/wp-json\/wp\/v2\/pages"}],"about":[{"href":"https:\/\/k2-systems.com\/pt-pt\/wp-json\/wp\/v2\/types\/page"}],"author":[{"embeddable":true,"href":"https:\/\/k2-systems.com\/pt-pt\/wp-json\/wp\/v2\/users\/10"}],"replies":[{"embeddable":true,"href":"https:\/\/k2-systems.com\/pt-pt\/wp-json\/wp\/v2\/comments?post=85768"}],"version-history":[{"count":0,"href":"https:\/\/k2-systems.com\/pt-pt\/wp-json\/wp\/v2\/pages\/85768\/revisions"}],"up":[{"embeddable":true,"href":"https:\/\/k2-systems.com\/pt-pt\/wp-json\/wp\/v2\/pages\/1105"}],"wp:attachment":[{"href":"https:\/\/k2-systems.com\/pt-pt\/wp-json\/wp\/v2\/media?parent=85768"}],"curies":[{"name":"wp","href":"https:\/\/api.w.org\/{rel}","templated":true}]}}