{"id":62388,"date":"2023-06-26T14:18:28","date_gmt":"2023-06-26T12:18:28","guid":{"rendered":"https:\/\/k2-systems.com\/produktloesungen\/k2-n-rack-system\/"},"modified":"2026-04-01T12:47:37","modified_gmt":"2026-04-01T10:47:37","slug":"sistema-k2-n-rack","status":"publish","type":"product","link":"https:\/\/k2-systems.com\/pt-pt\/solucoes-de-produtos\/sistema-k2-n-rack\/","title":{"rendered":"Sistema K2 N-Rack"},"content":{"rendered":"","protected":false},"featured_media":11704,"template":"","product_category":[936],"class_list":["post-62388","product","type-product","status-publish","has-post-thumbnail","hentry","product_category-solucoes-para-em-campo-aberto"],"acf":[],"yoast_head":"<!-- This site is optimized with the Yoast SEO Premium plugin v27.0 (Yoast SEO v27.0) - https:\/\/yoast.com\/product\/yoast-seo-premium-wordpress\/ -->\n<title>Sistema K2 N-Rack - K2 Systems<\/title>\n<meta name=\"description\" content=\"F\u00fcr mittelgro\u00dfe Freiland-PV-Anlagen mit Betonfundament. Statisch berechnet f\u00fcr unterschiedliche L\u00e4nder Europas (gem\u00e4\u00df Eurocode 9).\" \/>\n<meta name=\"robots\" content=\"index, follow, max-snippet:-1, max-image-preview:large, max-video-preview:-1\" \/>\n<link rel=\"canonical\" href=\"https:\/\/k2-systems.com\/pt-pt\/solucoes-de-produtos\/sistema-k2-n-rack\/\" \/>\n<meta property=\"og:locale\" content=\"pt_PT\" \/>\n<meta property=\"og:type\" content=\"article\" \/>\n<meta property=\"og:title\" content=\"Sistema K2 N-Rack\" \/>\n<meta property=\"og:description\" content=\"F\u00fcr mittelgro\u00dfe Freiland-PV-Anlagen mit Betonfundament. Statisch berechnet f\u00fcr unterschiedliche L\u00e4nder Europas (gem\u00e4\u00df Eurocode 9).\" \/>\n<meta property=\"og:url\" content=\"https:\/\/k2-systems.com\/pt-pt\/solucoes-de-produtos\/sistema-k2-n-rack\/\" \/>\n<meta property=\"og:site_name\" content=\"K2 Systems\" \/>\n<meta property=\"article:modified_time\" content=\"2026-04-01T10:47:37+00:00\" \/>\n<meta property=\"og:image\" content=\"https:\/\/k2-systems.com\/wp-content\/uploads\/2023\/04\/N-Rack-System.jpg\" \/>\n\t<meta property=\"og:image:width\" content=\"597\" \/>\n\t<meta property=\"og:image:height\" content=\"400\" \/>\n\t<meta property=\"og:image:type\" content=\"image\/jpeg\" \/>\n<meta name=\"twitter:card\" content=\"summary_large_image\" \/>\n<script type=\"application\/ld+json\" class=\"yoast-schema-graph\">{\"@context\":\"https:\/\/schema.org\",\"@graph\":[{\"@type\":\"WebPage\",\"@id\":\"https:\/\/k2-systems.com\/pt-pt\/solucoes-de-produtos\/sistema-k2-n-rack\/\",\"url\":\"https:\/\/k2-systems.com\/pt-pt\/solucoes-de-produtos\/sistema-k2-n-rack\/\",\"name\":\"Sistema K2 N-Rack - K2 Systems\",\"isPartOf\":{\"@id\":\"https:\/\/k2-systems.com\/pt-pt\/#website\"},\"primaryImageOfPage\":{\"@id\":\"https:\/\/k2-systems.com\/pt-pt\/solucoes-de-produtos\/sistema-k2-n-rack\/#primaryimage\"},\"image\":{\"@id\":\"https:\/\/k2-systems.com\/pt-pt\/solucoes-de-produtos\/sistema-k2-n-rack\/#primaryimage\"},\"thumbnailUrl\":\"https:\/\/k2-systems.com\/wp-content\/uploads\/2023\/04\/N-Rack-System.jpg\",\"datePublished\":\"2023-06-26T12:18:28+00:00\",\"dateModified\":\"2026-04-01T10:47:37+00:00\",\"description\":\"F\u00fcr mittelgro\u00dfe Freiland-PV-Anlagen mit Betonfundament. Statisch berechnet f\u00fcr unterschiedliche L\u00e4nder Europas (gem\u00e4\u00df Eurocode 9).\",\"breadcrumb\":{\"@id\":\"https:\/\/k2-systems.com\/pt-pt\/solucoes-de-produtos\/sistema-k2-n-rack\/#breadcrumb\"},\"inLanguage\":\"pt-PT\",\"potentialAction\":[{\"@type\":\"ReadAction\",\"target\":[\"https:\/\/k2-systems.com\/pt-pt\/solucoes-de-produtos\/sistema-k2-n-rack\/\"]}]},{\"@type\":\"ImageObject\",\"inLanguage\":\"pt-PT\",\"@id\":\"https:\/\/k2-systems.com\/pt-pt\/solucoes-de-produtos\/sistema-k2-n-rack\/#primaryimage\",\"url\":\"https:\/\/k2-systems.com\/wp-content\/uploads\/2023\/04\/N-Rack-System.jpg\",\"contentUrl\":\"https:\/\/k2-systems.com\/wp-content\/uploads\/2023\/04\/N-Rack-System.jpg\",\"width\":597,\"height\":400},{\"@type\":\"BreadcrumbList\",\"@id\":\"https:\/\/k2-systems.com\/pt-pt\/solucoes-de-produtos\/sistema-k2-n-rack\/#breadcrumb\",\"itemListElement\":[{\"@type\":\"ListItem\",\"position\":1,\"name\":\"Home\",\"item\":\"https:\/\/k2-systems.com\/pt-pt\/\"},{\"@type\":\"ListItem\",\"position\":2,\"name\":\"Sistema K2 N-Rack\"}]},{\"@type\":\"WebSite\",\"@id\":\"https:\/\/k2-systems.com\/pt-pt\/#website\",\"url\":\"https:\/\/k2-systems.com\/pt-pt\/\",\"name\":\"K2 Systems\",\"description\":\"K2 Systems WP\",\"publisher\":{\"@id\":\"https:\/\/k2-systems.com\/pt-pt\/#organization\"},\"potentialAction\":[{\"@type\":\"SearchAction\",\"target\":{\"@type\":\"EntryPoint\",\"urlTemplate\":\"https:\/\/k2-systems.com\/pt-pt\/?s={search_term_string}\"},\"query-input\":{\"@type\":\"PropertyValueSpecification\",\"valueRequired\":true,\"valueName\":\"search_term_string\"}}],\"inLanguage\":\"pt-PT\"},{\"@type\":\"Organization\",\"@id\":\"https:\/\/k2-systems.com\/pt-pt\/#organization\",\"name\":\"K2 Systems\",\"url\":\"https:\/\/k2-systems.com\/pt-pt\/\",\"logo\":{\"@type\":\"ImageObject\",\"inLanguage\":\"pt-PT\",\"@id\":\"https:\/\/k2-systems.com\/pt-pt\/#\/schema\/logo\/image\/\",\"url\":\"https:\/\/k2-systems.com\/wp-content\/uploads\/2022\/02\/logo_512x512.png\",\"contentUrl\":\"https:\/\/k2-systems.com\/wp-content\/uploads\/2022\/02\/logo_512x512.png\",\"width\":512,\"height\":512,\"caption\":\"K2 Systems\"},\"image\":{\"@id\":\"https:\/\/k2-systems.com\/pt-pt\/#\/schema\/logo\/image\/\"}}]}<\/script>\n<!-- \/ Yoast SEO Premium plugin. -->","yoast_head_json":{"title":"Sistema K2 N-Rack - K2 Systems","description":"F\u00fcr mittelgro\u00dfe Freiland-PV-Anlagen mit Betonfundament. Statisch berechnet f\u00fcr unterschiedliche L\u00e4nder Europas (gem\u00e4\u00df Eurocode 9).","robots":{"index":"index","follow":"follow","max-snippet":"max-snippet:-1","max-image-preview":"max-image-preview:large","max-video-preview":"max-video-preview:-1"},"canonical":"https:\/\/k2-systems.com\/pt-pt\/solucoes-de-produtos\/sistema-k2-n-rack\/","og_locale":"pt_PT","og_type":"article","og_title":"Sistema K2 N-Rack","og_description":"F\u00fcr mittelgro\u00dfe Freiland-PV-Anlagen mit Betonfundament. Statisch berechnet f\u00fcr unterschiedliche L\u00e4nder Europas (gem\u00e4\u00df Eurocode 9).","og_url":"https:\/\/k2-systems.com\/pt-pt\/solucoes-de-produtos\/sistema-k2-n-rack\/","og_site_name":"K2 Systems","article_modified_time":"2026-04-01T10:47:37+00:00","og_image":[{"width":597,"height":400,"url":"https:\/\/k2-systems.com\/wp-content\/uploads\/2023\/04\/N-Rack-System.jpg","type":"image\/jpeg"}],"twitter_card":"summary_large_image","schema":{"@context":"https:\/\/schema.org","@graph":[{"@type":"WebPage","@id":"https:\/\/k2-systems.com\/pt-pt\/solucoes-de-produtos\/sistema-k2-n-rack\/","url":"https:\/\/k2-systems.com\/pt-pt\/solucoes-de-produtos\/sistema-k2-n-rack\/","name":"Sistema K2 N-Rack - K2 Systems","isPartOf":{"@id":"https:\/\/k2-systems.com\/pt-pt\/#website"},"primaryImageOfPage":{"@id":"https:\/\/k2-systems.com\/pt-pt\/solucoes-de-produtos\/sistema-k2-n-rack\/#primaryimage"},"image":{"@id":"https:\/\/k2-systems.com\/pt-pt\/solucoes-de-produtos\/sistema-k2-n-rack\/#primaryimage"},"thumbnailUrl":"https:\/\/k2-systems.com\/wp-content\/uploads\/2023\/04\/N-Rack-System.jpg","datePublished":"2023-06-26T12:18:28+00:00","dateModified":"2026-04-01T10:47:37+00:00","description":"F\u00fcr mittelgro\u00dfe Freiland-PV-Anlagen mit Betonfundament. Statisch berechnet f\u00fcr unterschiedliche L\u00e4nder Europas (gem\u00e4\u00df Eurocode 9).","breadcrumb":{"@id":"https:\/\/k2-systems.com\/pt-pt\/solucoes-de-produtos\/sistema-k2-n-rack\/#breadcrumb"},"inLanguage":"pt-PT","potentialAction":[{"@type":"ReadAction","target":["https:\/\/k2-systems.com\/pt-pt\/solucoes-de-produtos\/sistema-k2-n-rack\/"]}]},{"@type":"ImageObject","inLanguage":"pt-PT","@id":"https:\/\/k2-systems.com\/pt-pt\/solucoes-de-produtos\/sistema-k2-n-rack\/#primaryimage","url":"https:\/\/k2-systems.com\/wp-content\/uploads\/2023\/04\/N-Rack-System.jpg","contentUrl":"https:\/\/k2-systems.com\/wp-content\/uploads\/2023\/04\/N-Rack-System.jpg","width":597,"height":400},{"@type":"BreadcrumbList","@id":"https:\/\/k2-systems.com\/pt-pt\/solucoes-de-produtos\/sistema-k2-n-rack\/#breadcrumb","itemListElement":[{"@type":"ListItem","position":1,"name":"Home","item":"https:\/\/k2-systems.com\/pt-pt\/"},{"@type":"ListItem","position":2,"name":"Sistema K2 N-Rack"}]},{"@type":"WebSite","@id":"https:\/\/k2-systems.com\/pt-pt\/#website","url":"https:\/\/k2-systems.com\/pt-pt\/","name":"K2 Systems","description":"K2 Systems WP","publisher":{"@id":"https:\/\/k2-systems.com\/pt-pt\/#organization"},"potentialAction":[{"@type":"SearchAction","target":{"@type":"EntryPoint","urlTemplate":"https:\/\/k2-systems.com\/pt-pt\/?s={search_term_string}"},"query-input":{"@type":"PropertyValueSpecification","valueRequired":true,"valueName":"search_term_string"}}],"inLanguage":"pt-PT"},{"@type":"Organization","@id":"https:\/\/k2-systems.com\/pt-pt\/#organization","name":"K2 Systems","url":"https:\/\/k2-systems.com\/pt-pt\/","logo":{"@type":"ImageObject","inLanguage":"pt-PT","@id":"https:\/\/k2-systems.com\/pt-pt\/#\/schema\/logo\/image\/","url":"https:\/\/k2-systems.com\/wp-content\/uploads\/2022\/02\/logo_512x512.png","contentUrl":"https:\/\/k2-systems.com\/wp-content\/uploads\/2022\/02\/logo_512x512.png","width":512,"height":512,"caption":"K2 Systems"},"image":{"@id":"https:\/\/k2-systems.com\/pt-pt\/#\/schema\/logo\/image\/"}}]}},"_links":{"self":[{"href":"https:\/\/k2-systems.com\/pt-pt\/wp-json\/wp\/v2\/product\/62388","targetHints":{"allow":["GET"]}}],"collection":[{"href":"https:\/\/k2-systems.com\/pt-pt\/wp-json\/wp\/v2\/product"}],"about":[{"href":"https:\/\/k2-systems.com\/pt-pt\/wp-json\/wp\/v2\/types\/product"}],"wp:featuredmedia":[{"embeddable":true,"href":"https:\/\/k2-systems.com\/pt-pt\/wp-json\/wp\/v2\/media\/11704"}],"wp:attachment":[{"href":"https:\/\/k2-systems.com\/pt-pt\/wp-json\/wp\/v2\/media?parent=62388"}],"wp:term":[{"taxonomy":"product_category","embeddable":true,"href":"https:\/\/k2-systems.com\/pt-pt\/wp-json\/wp\/v2\/product_category?post=62388"}],"curies":[{"name":"wp","href":"https:\/\/api.w.org\/{rel}","templated":true}]}}